{"id":13293,"date":"2025-01-17T10:13:30","date_gmt":"2025-01-17T07:13:30","guid":{"rendered":"https:\/\/ceoparts.com\/?post_type=product&#038;p=13293"},"modified":"2026-05-17T16:33:00","modified_gmt":"2026-05-17T13:33:00","slug":"direksiyon-simidi-tcm-fd20-30t3","status":"publish","type":"product","link":"https:\/\/ceoparts.com\/fr\/urun\/direksiyon-simidi-tcm-fd20-30t3\/","title":{"rendered":"Volant TCM FD20-30 T3"},"content":{"rendered":"<p>Volant TCM FD20-30 T3<\/p>","protected":false},"excerpt":{"rendered":"<p data-start=\"0\" data-end=\"247\"><br data-start=\"2201\" data-end=\"2204\" \/>Le volant TCM FD20-30 T3 est un volant robuste et ergonomique utilis\u00e9 pour contr\u00f4ler la direction de conduite des chariots \u00e9l\u00e9vateurs. Il assure une manipulation s\u00fbre et confortable pour l\u2019op\u00e9rateur, m\u00eame lors de longues journ\u00e9es de travail.<\/p>\n<p data-start=\"2447\" data-end=\"2797\"><strong data-start=\"2447\" data-end=\"2469\">Caract\u00e9ristiques :<\/strong><br data-start=\"2469\" data-end=\"2472\" \/><strong data-start=\"2472\" data-end=\"2492\">Nom du produit :<\/strong> Volant TCM FD20-30 T3<br data-start=\"2514\" data-end=\"2517\" \/><strong data-start=\"2517\" data-end=\"2533\">Code pi\u00e8ce :<\/strong> Variable selon mod\u00e8le et application<br data-start=\"2570\" data-end=\"2573\" \/><strong data-start=\"2573\" data-end=\"2587\">Mat\u00e9riau :<\/strong> Plastique r\u00e9sistant avec renfort m\u00e9tallique<br data-start=\"2631\" data-end=\"2634\" \/><strong data-start=\"2634\" data-end=\"2660\">Domaine d\u2019utilisation:<\/strong> Syst\u00e8mes de direction des chariots \u00e9l\u00e9vateurs TCM FD20-30 T3<br data-start=\"2721\" data-end=\"2724\" \/><strong data-start=\"2724\" data-end=\"2737\">Avantage:<\/strong> Design ergonomique, structure solide, longue dur\u00e9e de vie<\/p>\n<p data-start=\"2799\" data-end=\"3041\">\n","protected":false},"featured_media":13299,"template":"","meta":[],"product_brand":[],"product_cat":[450],"product_tag":[],"class_list":{"0":"post-13293","1":"product","2":"type-product","3":"status-publish","4":"has-post-thumbnail","6":"product_cat-direksiyon-sistemleri","8":"first","9":"instock","10":"taxable","11":"shipping-taxable","12":"purchasable","13":"product-type-simple"},"_links":{"self":[{"href":"https:\/\/ceoparts.com\/fr\/wp-json\/wp\/v2\/product\/13293","targetHints":{"allow":["GET"]}}],"collection":[{"href":"https:\/\/ceoparts.com\/fr\/wp-json\/wp\/v2\/product"}],"about":[{"href":"https:\/\/ceoparts.com\/fr\/wp-json\/wp\/v2\/types\/product"}],"wp:featuredmedia":[{"embeddable":true,"href":"https:\/\/ceoparts.com\/fr\/wp-json\/wp\/v2\/media\/13299"}],"wp:attachment":[{"href":"https:\/\/ceoparts.com\/fr\/wp-json\/wp\/v2\/media?parent=13293"}],"wp:term":[{"taxonomy":"product_brand","embeddable":true,"href":"https:\/\/ceoparts.com\/fr\/wp-json\/wp\/v2\/product_brand?post=13293"},{"taxonomy":"product_cat","embeddable":true,"href":"https:\/\/ceoparts.com\/fr\/wp-json\/wp\/v2\/product_cat?post=13293"},{"taxonomy":"product_tag","embeddable":true,"href":"https:\/\/ceoparts.com\/fr\/wp-json\/wp\/v2\/product_tag?post=13293"}],"curies":[{"name":"wp","href":"https:\/\/api.w.org\/{rel}","templated":true}]}}