{"id":13300,"date":"2025-01-17T10:30:22","date_gmt":"2025-01-17T07:30:22","guid":{"rendered":"https:\/\/ceoparts.com\/?post_type=product&#038;p=13300"},"modified":"2026-05-16T14:39:38","modified_gmt":"2026-05-16T11:39:38","slug":"direksiyon-simidi-xf250-211000-000","status":"publish","type":"product","link":"https:\/\/ceoparts.com\/fr\/urun\/direksiyon-simidi-xf250-211000-000\/","title":{"rendered":"Volant XF250-211000-000"},"content":{"rendered":"<p>Volant XF250-211000-000<\/p>","protected":false},"excerpt":{"rendered":"<p data-start=\"0\" data-end=\"249\"><br data-start=\"2214\" data-end=\"2217\" \/>Le volant XF250-211000-000 est un volant robuste et ergonomique con\u00e7u pour contr\u00f4ler la direction de conduite des chariots \u00e9l\u00e9vateurs et des machines industrielles. Sa mati\u00e8re solide et sa prise en main confortable garantissent une utilisation en toute s\u00e9curit\u00e9.<\/p>\n<p data-start=\"2481\" data-end=\"2833\"><strong data-start=\"2481\" data-end=\"2503\">Caract\u00e9ristiques :<\/strong><br data-start=\"2503\" data-end=\"2506\" \/><strong data-start=\"2506\" data-end=\"2526\">Nom du produit :<\/strong> Volant XF250-211000-000<br data-start=\"2550\" data-end=\"2553\" \/><strong data-start=\"2553\" data-end=\"2569\">Code pi\u00e8ce :<\/strong> XF250-211000-000<br data-start=\"2586\" data-end=\"2589\" \/><strong data-start=\"2589\" data-end=\"2603\">Mat\u00e9riau :<\/strong> Plastique r\u00e9sistant avec renfort m\u00e9tallique<br data-start=\"2647\" data-end=\"2650\" \/><strong data-start=\"2650\" data-end=\"2676\">Domaine d\u2019utilisation:<\/strong> Syst\u00e8mes de direction pour chariots \u00e9l\u00e9vateurs et machines industrielles<br data-start=\"2749\" data-end=\"2752\" \/><strong data-start=\"2752\" data-end=\"2765\">Avantage:<\/strong> Prise en main ergonomique, structure robuste, longue dur\u00e9e de vie<\/p>\n<p data-start=\"2835\" data-end=\"3090\">\n","protected":false},"featured_media":13317,"template":"","meta":[],"product_brand":[],"product_cat":[450],"product_tag":[],"class_list":{"0":"post-13300","1":"product","2":"type-product","3":"status-publish","4":"has-post-thumbnail","6":"product_cat-direksiyon-sistemleri","8":"first","9":"instock","10":"taxable","11":"shipping-taxable","12":"purchasable","13":"product-type-simple"},"_links":{"self":[{"href":"https:\/\/ceoparts.com\/fr\/wp-json\/wp\/v2\/product\/13300","targetHints":{"allow":["GET"]}}],"collection":[{"href":"https:\/\/ceoparts.com\/fr\/wp-json\/wp\/v2\/product"}],"about":[{"href":"https:\/\/ceoparts.com\/fr\/wp-json\/wp\/v2\/types\/product"}],"wp:featuredmedia":[{"embeddable":true,"href":"https:\/\/ceoparts.com\/fr\/wp-json\/wp\/v2\/media\/13317"}],"wp:attachment":[{"href":"https:\/\/ceoparts.com\/fr\/wp-json\/wp\/v2\/media?parent=13300"}],"wp:term":[{"taxonomy":"product_brand","embeddable":true,"href":"https:\/\/ceoparts.com\/fr\/wp-json\/wp\/v2\/product_brand?post=13300"},{"taxonomy":"product_cat","embeddable":true,"href":"https:\/\/ceoparts.com\/fr\/wp-json\/wp\/v2\/product_cat?post=13300"},{"taxonomy":"product_tag","embeddable":true,"href":"https:\/\/ceoparts.com\/fr\/wp-json\/wp\/v2\/product_tag?post=13300"}],"curies":[{"name":"wp","href":"https:\/\/api.w.org\/{rel}","templated":true}]}}