{"id":13307,"date":"2025-01-17T10:48:56","date_gmt":"2025-01-17T07:48:56","guid":{"rendered":"https:\/\/ceoparts.com\/?post_type=product&#038;p=13307"},"modified":"2026-05-16T13:15:51","modified_gmt":"2026-05-16T10:15:51","slug":"direksiyon-simidi-n163-211000-000","status":"publish","type":"product","link":"https:\/\/ceoparts.com\/fr\/urun\/direksiyon-simidi-n163-211000-000\/","title":{"rendered":"Volant CPQD15-35 CPCD15-35 ,  N163-211000-000"},"content":{"rendered":"<p>Volant CPQD15-35 CPCD15-35 ,  N163-211000-000<\/p>","protected":false},"excerpt":{"rendered":"<p data-start=\"0\" data-end=\"225\"><br data-start=\"2098\" data-end=\"2101\" \/>Le volant CPQD15-35 CPCD15-35 est un volant robuste et ergonomique utilis\u00e9 pour contr\u00f4ler la direction de conduite sur les mod\u00e8les de chariots \u00e9l\u00e9vateurs. Il offre une manipulation s\u00fbre et confortable \u00e0 l\u2019op\u00e9rateur.<\/p>\n<p data-start=\"2318\" data-end=\"2656\"><strong data-start=\"2318\" data-end=\"2340\">Caract\u00e9ristiques :<\/strong><br data-start=\"2340\" data-end=\"2343\" \/><strong data-start=\"2343\" data-end=\"2363\">Nom du produit :<\/strong> Volant CPQD15-35 CPCD15-35<br data-start=\"2390\" data-end=\"2393\" \/><strong data-start=\"2393\" data-end=\"2409\">Code pi\u00e8ce :<\/strong> N163-211000-000<br data-start=\"2425\" data-end=\"2428\" \/><strong data-start=\"2428\" data-end=\"2442\">Mat\u00e9riau :<\/strong> Plastique durable avec renfort m\u00e9tallique<br data-start=\"2484\" data-end=\"2487\" \/><strong data-start=\"2487\" data-end=\"2514\">Domaine d\u2019utilisation :<\/strong> Syst\u00e8mes de direction des chariots \u00e9l\u00e9vateurs CPQD15-35 et CPCD15-35<br data-start=\"2583\" data-end=\"2586\" \/><strong data-start=\"2586\" data-end=\"2599\">Avantage:<\/strong> Prise en main ergonomique, structure solide et durable<\/p>\n<p data-start=\"2658\" data-end=\"2876\">\n","protected":false},"featured_media":13316,"template":"","meta":[],"product_brand":[],"product_cat":[450],"product_tag":[],"class_list":{"0":"post-13307","1":"product","2":"type-product","3":"status-publish","4":"has-post-thumbnail","6":"product_cat-direksiyon-sistemleri","8":"first","9":"instock","10":"taxable","11":"shipping-taxable","12":"purchasable","13":"product-type-simple"},"_links":{"self":[{"href":"https:\/\/ceoparts.com\/fr\/wp-json\/wp\/v2\/product\/13307","targetHints":{"allow":["GET"]}}],"collection":[{"href":"https:\/\/ceoparts.com\/fr\/wp-json\/wp\/v2\/product"}],"about":[{"href":"https:\/\/ceoparts.com\/fr\/wp-json\/wp\/v2\/types\/product"}],"wp:featuredmedia":[{"embeddable":true,"href":"https:\/\/ceoparts.com\/fr\/wp-json\/wp\/v2\/media\/13316"}],"wp:attachment":[{"href":"https:\/\/ceoparts.com\/fr\/wp-json\/wp\/v2\/media?parent=13307"}],"wp:term":[{"taxonomy":"product_brand","embeddable":true,"href":"https:\/\/ceoparts.com\/fr\/wp-json\/wp\/v2\/product_brand?post=13307"},{"taxonomy":"product_cat","embeddable":true,"href":"https:\/\/ceoparts.com\/fr\/wp-json\/wp\/v2\/product_cat?post=13307"},{"taxonomy":"product_tag","embeddable":true,"href":"https:\/\/ceoparts.com\/fr\/wp-json\/wp\/v2\/product_tag?post=13307"}],"curies":[{"name":"wp","href":"https:\/\/api.w.org\/{rel}","templated":true}]}}