{"id":13318,"date":"2025-01-17T11:14:33","date_gmt":"2025-01-17T08:14:33","guid":{"rendered":"https:\/\/ceoparts.com\/?post_type=product&#038;p=13318"},"modified":"2026-05-16T14:34:07","modified_gmt":"2026-05-16T11:34:07","slug":"still-levye-kol-yeni-tip-56365281000","status":"publish","type":"product","link":"https:\/\/ceoparts.com\/fr\/urun\/still-levye-kol-yeni-tip-56365281000\/","title":{"rendered":"Bras de levier Still Nouveau Type &#8211; 56365281000"},"content":{"rendered":"<p>Bras de levier Still Nouveau Type &#8211; 56365281000<\/p>","protected":false},"excerpt":{"rendered":"<p data-start=\"0\" data-end=\"240\"><br data-start=\"2178\" data-end=\"2181\" \/>Le levier de commande Still Nouveau Type est un levier de commande de nouvelle g\u00e9n\u00e9ration, robuste, utilis\u00e9 pour les op\u00e9rations de levage et de transport sur les chariots \u00e9l\u00e9vateurs. Sa conception ergonomique am\u00e9liore le confort de l\u2019op\u00e9rateur et offre un contr\u00f4le pr\u00e9cis.<\/p>\n<p data-start=\"2455\" data-end=\"2802\"><strong data-start=\"2455\" data-end=\"2477\">Caract\u00e9ristiques :<\/strong><br data-start=\"2477\" data-end=\"2480\" \/><strong data-start=\"2480\" data-end=\"2500\">Nom du produit :<\/strong> Levier de commande Still Nouveau Type<br data-start=\"2538\" data-end=\"2541\" \/><strong data-start=\"2541\" data-end=\"2557\">Code pi\u00e8ce :<\/strong> 56365281000<br data-start=\"2569\" data-end=\"2572\" \/><strong data-start=\"2572\" data-end=\"2586\">Mat\u00e9riau :<\/strong> Composants en plastique et m\u00e9tal durables<br data-start=\"2628\" data-end=\"2631\" \/><strong data-start=\"2631\" data-end=\"2658\">Domaine d\u2019utilisation :<\/strong> Syst\u00e8mes de levage et de direction des chariots \u00e9l\u00e9vateurs Still<br data-start=\"2723\" data-end=\"2726\" \/><strong data-start=\"2726\" data-end=\"2739\">Avantage:<\/strong> Conception ergonomique, contr\u00f4le pr\u00e9cis, longue dur\u00e9e de vie<\/p>\n<p data-start=\"2804\" data-end=\"3056\">\n","protected":false},"featured_media":13326,"template":"","meta":[],"product_brand":[],"product_cat":[241,450,524],"product_tag":[],"class_list":{"0":"post-13318","1":"product","2":"type-product","3":"status-publish","4":"has-post-thumbnail","6":"product_cat-still","7":"product_cat-direksiyon-sistemleri","8":"product_cat-yedek-parca-still","10":"first","11":"instock","12":"taxable","13":"shipping-taxable","14":"purchasable","15":"product-type-simple"},"_links":{"self":[{"href":"https:\/\/ceoparts.com\/fr\/wp-json\/wp\/v2\/product\/13318","targetHints":{"allow":["GET"]}}],"collection":[{"href":"https:\/\/ceoparts.com\/fr\/wp-json\/wp\/v2\/product"}],"about":[{"href":"https:\/\/ceoparts.com\/fr\/wp-json\/wp\/v2\/types\/product"}],"wp:featuredmedia":[{"embeddable":true,"href":"https:\/\/ceoparts.com\/fr\/wp-json\/wp\/v2\/media\/13326"}],"wp:attachment":[{"href":"https:\/\/ceoparts.com\/fr\/wp-json\/wp\/v2\/media?parent=13318"}],"wp:term":[{"taxonomy":"product_brand","embeddable":true,"href":"https:\/\/ceoparts.com\/fr\/wp-json\/wp\/v2\/product_brand?post=13318"},{"taxonomy":"product_cat","embeddable":true,"href":"https:\/\/ceoparts.com\/fr\/wp-json\/wp\/v2\/product_cat?post=13318"},{"taxonomy":"product_tag","embeddable":true,"href":"https:\/\/ceoparts.com\/fr\/wp-json\/wp\/v2\/product_tag?post=13318"}],"curies":[{"name":"wp","href":"https:\/\/api.w.org\/{rel}","templated":true}]}}