{"id":13337,"date":"2025-01-17T14:27:36","date_gmt":"2025-01-17T11:27:36","guid":{"rendered":"https:\/\/ceoparts.com\/?post_type=product&#038;p=13337"},"modified":"2026-05-16T21:02:10","modified_gmt":"2026-05-16T18:02:10","slug":"linde-direksiyon-sensoru-7917415687","status":"publish","type":"product","link":"https:\/\/ceoparts.com\/fr\/urun\/linde-direksiyon-sensoru-7917415687\/","title":{"rendered":"Capteur de direction Linde &#8211; 7917415687"},"content":{"rendered":"<p>Capteur de direction Linde &#8211; 7917415687<\/p>","protected":false},"excerpt":{"rendered":"<p data-start=\"0\" data-end=\"215\"><br data-start=\"1939\" data-end=\"1942\" \/>Le capteur de direction Linde est un capteur robuste qui d\u00e9tecte avec pr\u00e9cision les mouvements angulaires et la position dans le syst\u00e8me de direction du chariot \u00e9l\u00e9vateur. Il optimise le contr\u00f4le de la direction et assure une conduite s\u00fbre.<\/p>\n<p data-start=\"2184\" data-end=\"2502\"><strong data-start=\"2184\" data-end=\"2206\">Caract\u00e9ristiques :<\/strong><br data-start=\"2206\" data-end=\"2209\" \/><strong data-start=\"2209\" data-end=\"2229\">Nom du produit :<\/strong> Capteur de direction Linde<br data-start=\"2256\" data-end=\"2259\" \/><strong data-start=\"2259\" data-end=\"2275\">Code pi\u00e8ce :<\/strong> 7917415687<br data-start=\"2286\" data-end=\"2289\" \/><strong data-start=\"2289\" data-end=\"2303\">Mat\u00e9riau :<\/strong> Composants m\u00e9talliques et \u00e9lectroniques<br data-start=\"2343\" data-end=\"2346\" \/><strong data-start=\"2346\" data-end=\"2373\">Domaine d\u2019utilisation :<\/strong> Syst\u00e8mes de direction pour chariots \u00e9l\u00e9vateurs Linde<br data-start=\"2426\" data-end=\"2429\" \/><strong data-start=\"2429\" data-end=\"2442\">Avantage:<\/strong> Haute pr\u00e9cision, construction durable, performance fiable<\/p>\n<p data-start=\"2504\" data-end=\"2737\">\n","protected":false},"featured_media":13338,"template":"","meta":[],"product_brand":[],"product_cat":[246,469,523],"product_tag":[],"class_list":{"0":"post-13337","1":"product","2":"type-product","3":"status-publish","4":"has-post-thumbnail","6":"product_cat-linde","7":"product_cat-elektrik-ve-sistem-parcalari","8":"product_cat-yedek-parca-linde","10":"first","11":"instock","12":"taxable","13":"shipping-taxable","14":"purchasable","15":"product-type-simple"},"_links":{"self":[{"href":"https:\/\/ceoparts.com\/fr\/wp-json\/wp\/v2\/product\/13337","targetHints":{"allow":["GET"]}}],"collection":[{"href":"https:\/\/ceoparts.com\/fr\/wp-json\/wp\/v2\/product"}],"about":[{"href":"https:\/\/ceoparts.com\/fr\/wp-json\/wp\/v2\/types\/product"}],"wp:featuredmedia":[{"embeddable":true,"href":"https:\/\/ceoparts.com\/fr\/wp-json\/wp\/v2\/media\/13338"}],"wp:attachment":[{"href":"https:\/\/ceoparts.com\/fr\/wp-json\/wp\/v2\/media?parent=13337"}],"wp:term":[{"taxonomy":"product_brand","embeddable":true,"href":"https:\/\/ceoparts.com\/fr\/wp-json\/wp\/v2\/product_brand?post=13337"},{"taxonomy":"product_cat","embeddable":true,"href":"https:\/\/ceoparts.com\/fr\/wp-json\/wp\/v2\/product_cat?post=13337"},{"taxonomy":"product_tag","embeddable":true,"href":"https:\/\/ceoparts.com\/fr\/wp-json\/wp\/v2\/product_tag?post=13337"}],"curies":[{"name":"wp","href":"https:\/\/api.w.org\/{rel}","templated":true}]}}