{"id":13341,"date":"2025-01-17T15:19:59","date_gmt":"2025-01-17T12:19:59","guid":{"rendered":"https:\/\/ceoparts.com\/?post_type=product&#038;p=13341"},"modified":"2026-05-16T15:04:36","modified_gmt":"2026-05-16T12:04:36","slug":"zamanlama-karti-baoli-heli-cin-12v-5650-043-1762-0","status":"publish","type":"product","link":"https:\/\/ceoparts.com\/fr\/urun\/zamanlama-karti-baoli-heli-cin-12v-5650-043-1762-0\/","title":{"rendered":"Carte de synchronisation Baoli Heli Chine 12V 5650-043-1762-0"},"content":{"rendered":"<p>Carte de synchronisation Baoli Heli Chine 12V 5650-043-1762-0<\/p>","protected":false},"excerpt":{"rendered":"<p data-start=\"0\" data-end=\"222\"><br data-start=\"2253\" data-end=\"2256\" \/>La carte de synchronisation Baoli Heli Chine 12V est une carte \u00e9lectronique qui contr\u00f4le le calage de l\u2019allumage des moteurs de chariots \u00e9l\u00e9vateurs. Elle optimise les performances du moteur et am\u00e9liore l\u2019efficacit\u00e9 \u00e9nerg\u00e9tique gr\u00e2ce \u00e0 un calage pr\u00e9cis.<\/p>\n<p data-start=\"2510\" data-end=\"2873\"><strong data-start=\"2510\" data-end=\"2532\">Caract\u00e9ristiques :<\/strong><br data-start=\"2532\" data-end=\"2535\" \/><strong data-start=\"2535\" data-end=\"2555\">Nom du produit :<\/strong> Carte de synchronisation Baoli Heli Chine 12V<br data-start=\"2601\" data-end=\"2604\" \/><strong data-start=\"2604\" data-end=\"2620\">Code pi\u00e8ce :<\/strong> 5650-043-1762-0<br data-start=\"2636\" data-end=\"2639\" \/><strong data-start=\"2639\" data-end=\"2653\">Mat\u00e9riau :<\/strong> Carte \u00e9lectronique et composants<br data-start=\"2686\" data-end=\"2689\" \/><strong data-start=\"2689\" data-end=\"2716\">Domaine d\u2019utilisation :<\/strong> Moteurs de chariots \u00e9l\u00e9vateurs Baoli, Heli et chinois<br data-start=\"2770\" data-end=\"2773\" \/><strong data-start=\"2773\" data-end=\"2786\">Avantage:<\/strong> Contr\u00f4le pr\u00e9cis de l\u2019allumage, performances moteur am\u00e9lior\u00e9es, \u00e9conomie de carburant<\/p>\n<p data-start=\"2875\" data-end=\"3153\">\n","protected":false},"featured_media":13345,"template":"","meta":[],"product_brand":[],"product_cat":[469],"product_tag":[],"class_list":{"0":"post-13341","1":"product","2":"type-product","3":"status-publish","4":"has-post-thumbnail","6":"product_cat-elektrik-ve-sistem-parcalari","8":"first","9":"instock","10":"taxable","11":"shipping-taxable","12":"purchasable","13":"product-type-simple"},"_links":{"self":[{"href":"https:\/\/ceoparts.com\/fr\/wp-json\/wp\/v2\/product\/13341","targetHints":{"allow":["GET"]}}],"collection":[{"href":"https:\/\/ceoparts.com\/fr\/wp-json\/wp\/v2\/product"}],"about":[{"href":"https:\/\/ceoparts.com\/fr\/wp-json\/wp\/v2\/types\/product"}],"wp:featuredmedia":[{"embeddable":true,"href":"https:\/\/ceoparts.com\/fr\/wp-json\/wp\/v2\/media\/13345"}],"wp:attachment":[{"href":"https:\/\/ceoparts.com\/fr\/wp-json\/wp\/v2\/media?parent=13341"}],"wp:term":[{"taxonomy":"product_brand","embeddable":true,"href":"https:\/\/ceoparts.com\/fr\/wp-json\/wp\/v2\/product_brand?post=13341"},{"taxonomy":"product_cat","embeddable":true,"href":"https:\/\/ceoparts.com\/fr\/wp-json\/wp\/v2\/product_cat?post=13341"},{"taxonomy":"product_tag","embeddable":true,"href":"https:\/\/ceoparts.com\/fr\/wp-json\/wp\/v2\/product_tag?post=13341"}],"curies":[{"name":"wp","href":"https:\/\/api.w.org\/{rel}","templated":true}]}}