{"id":13346,"date":"2025-01-17T15:53:34","date_gmt":"2025-01-17T12:53:34","guid":{"rendered":"https:\/\/ceoparts.com\/?post_type=product&#038;p=13346"},"modified":"2026-05-16T15:13:37","modified_gmt":"2026-05-16T12:13:37","slug":"linde-l-16-kol-kablo-tesisati","status":"publish","type":"product","link":"https:\/\/ceoparts.com\/fr\/urun\/linde-l-16-kol-kablo-tesisati\/","title":{"rendered":"Faisceau de c\u00e2bles bras Linde L-16"},"content":{"rendered":"<p>Faisceau de c\u00e2bles bras Linde L-16<\/p>","protected":false},"excerpt":{"rendered":"<p data-start=\"0\" data-end=\"240\"><br data-start=\"2379\" data-end=\"2382\" \/>Le faisceau de c\u00e2bles Linde L-16 pour bras est un assemblage de c\u00e2bles durable et de haute qualit\u00e9 qui transmet les mouvements du bras du chariot \u00e9l\u00e9vateur au syst\u00e8me de contr\u00f4le \u00e9lectronique. Il am\u00e9liore les performances du chariot gr\u00e2ce \u00e0 une transmission fiable et ininterrompue des signaux.<\/p>\n<p data-start=\"2678\" data-end=\"3074\"><strong data-start=\"2678\" data-end=\"2700\">Caract\u00e9ristiques :<\/strong><br data-start=\"2700\" data-end=\"2703\" \/><strong data-start=\"2703\" data-end=\"2723\">Nom du produit :<\/strong> Faisceau de c\u00e2bles Linde L-16 pour bras<br data-start=\"2763\" data-end=\"2766\" \/><strong data-start=\"2766\" data-end=\"2782\">Code pi\u00e8ce :<\/strong> Variable selon mod\u00e8le et application<br data-start=\"2819\" data-end=\"2822\" \/><strong data-start=\"2822\" data-end=\"2836\">Mat\u00e9riau :<\/strong> C\u00e2ble en cuivre isol\u00e9 plastique et composants \u00e9lectroniques<br data-start=\"2896\" data-end=\"2899\" \/><strong data-start=\"2899\" data-end=\"2926\">Domaine d\u2019utilisation :<\/strong> Syst\u00e8mes de contr\u00f4le des mouvements du bras pour chariots \u00e9l\u00e9vateurs Linde<br data-start=\"3001\" data-end=\"3004\" \/><strong data-start=\"3004\" data-end=\"3017\">Avantage:<\/strong> Connexion fiable, longue dur\u00e9e de vie, design flexible<\/p>\n<p data-start=\"3076\" data-end=\"3354\">\n","protected":false},"featured_media":13348,"template":"","meta":[],"product_brand":[],"product_cat":[246,469,523],"product_tag":[],"class_list":{"0":"post-13346","1":"product","2":"type-product","3":"status-publish","4":"has-post-thumbnail","6":"product_cat-linde","7":"product_cat-elektrik-ve-sistem-parcalari","8":"product_cat-yedek-parca-linde","10":"first","11":"instock","12":"taxable","13":"shipping-taxable","14":"purchasable","15":"product-type-simple"},"_links":{"self":[{"href":"https:\/\/ceoparts.com\/fr\/wp-json\/wp\/v2\/product\/13346","targetHints":{"allow":["GET"]}}],"collection":[{"href":"https:\/\/ceoparts.com\/fr\/wp-json\/wp\/v2\/product"}],"about":[{"href":"https:\/\/ceoparts.com\/fr\/wp-json\/wp\/v2\/types\/product"}],"wp:featuredmedia":[{"embeddable":true,"href":"https:\/\/ceoparts.com\/fr\/wp-json\/wp\/v2\/media\/13348"}],"wp:attachment":[{"href":"https:\/\/ceoparts.com\/fr\/wp-json\/wp\/v2\/media?parent=13346"}],"wp:term":[{"taxonomy":"product_brand","embeddable":true,"href":"https:\/\/ceoparts.com\/fr\/wp-json\/wp\/v2\/product_brand?post=13346"},{"taxonomy":"product_cat","embeddable":true,"href":"https:\/\/ceoparts.com\/fr\/wp-json\/wp\/v2\/product_cat?post=13346"},{"taxonomy":"product_tag","embeddable":true,"href":"https:\/\/ceoparts.com\/fr\/wp-json\/wp\/v2\/product_tag?post=13346"}],"curies":[{"name":"wp","href":"https:\/\/api.w.org\/{rel}","templated":true}]}}