{"id":13350,"date":"2025-01-17T16:06:21","date_gmt":"2025-01-17T13:06:21","guid":{"rendered":"https:\/\/ceoparts.com\/?post_type=product&#038;p=13350"},"modified":"2026-05-16T14:19:34","modified_gmt":"2026-05-16T11:19:34","slug":"bt-swe-asansor-sensoru-7539698","status":"publish","type":"product","link":"https:\/\/ceoparts.com\/fr\/urun\/bt-swe-asansor-sensoru-7539698\/","title":{"rendered":"Capteur d&#8217;ascenseur BT SWE &#8211; 7539698"},"content":{"rendered":"<p>Capteur d&#8217;ascenseur BT SWE &#8211; 7539698<\/p>","protected":false},"excerpt":{"rendered":"<p data-start=\"0\" data-end=\"180\"><br data-start=\"1760\" data-end=\"1763\" \/>Le capteur de levage BT SWE est un capteur robuste qui surveille et contr\u00f4le avec pr\u00e9cision les mouvements de levage des chariots \u00e9l\u00e9vateurs. Il assure un fonctionnement s\u00fbr et pr\u00e9cis.<\/p>\n<p data-start=\"1949\" data-end=\"2271\"><strong data-start=\"1949\" data-end=\"1971\">Caract\u00e9ristiques :<\/strong><br data-start=\"1971\" data-end=\"1974\" \/><strong data-start=\"1974\" data-end=\"1994\">Nom du produit :<\/strong> Capteur de levage BT SWE<br data-start=\"2019\" data-end=\"2022\" \/><strong data-start=\"2022\" data-end=\"2038\">Code pi\u00e8ce :<\/strong> 7539698<br data-start=\"2046\" data-end=\"2049\" \/><strong data-start=\"2049\" data-end=\"2063\">Mat\u00e9riau :<\/strong> Composants m\u00e9talliques et \u00e9lectroniques<br data-start=\"2103\" data-end=\"2106\" \/><strong data-start=\"2106\" data-end=\"2133\">Domaine d\u2019utilisation :<\/strong> Syst\u00e8mes de contr\u00f4le de levage BT SWE pour chariots \u00e9l\u00e9vateurs<br data-start=\"2196\" data-end=\"2199\" \/><strong data-start=\"2199\" data-end=\"2212\">Avantage:<\/strong> Haute pr\u00e9cision, longue dur\u00e9e de vie, performance fiable<\/p>\n<p data-start=\"2273\" data-end=\"2477\">\n","protected":false},"featured_media":13674,"template":"","meta":[],"product_brand":[],"product_cat":[251,469,518],"product_tag":[],"class_list":{"0":"post-13350","1":"product","2":"type-product","3":"status-publish","4":"has-post-thumbnail","6":"product_cat-bt","7":"product_cat-elektrik-ve-sistem-parcalari","8":"product_cat-yedek-parca-bt","10":"first","11":"instock","12":"taxable","13":"shipping-taxable","14":"purchasable","15":"product-type-simple"},"_links":{"self":[{"href":"https:\/\/ceoparts.com\/fr\/wp-json\/wp\/v2\/product\/13350","targetHints":{"allow":["GET"]}}],"collection":[{"href":"https:\/\/ceoparts.com\/fr\/wp-json\/wp\/v2\/product"}],"about":[{"href":"https:\/\/ceoparts.com\/fr\/wp-json\/wp\/v2\/types\/product"}],"wp:featuredmedia":[{"embeddable":true,"href":"https:\/\/ceoparts.com\/fr\/wp-json\/wp\/v2\/media\/13674"}],"wp:attachment":[{"href":"https:\/\/ceoparts.com\/fr\/wp-json\/wp\/v2\/media?parent=13350"}],"wp:term":[{"taxonomy":"product_brand","embeddable":true,"href":"https:\/\/ceoparts.com\/fr\/wp-json\/wp\/v2\/product_brand?post=13350"},{"taxonomy":"product_cat","embeddable":true,"href":"https:\/\/ceoparts.com\/fr\/wp-json\/wp\/v2\/product_cat?post=13350"},{"taxonomy":"product_tag","embeddable":true,"href":"https:\/\/ceoparts.com\/fr\/wp-json\/wp\/v2\/product_tag?post=13350"}],"curies":[{"name":"wp","href":"https:\/\/api.w.org\/{rel}","templated":true}]}}