{"id":13362,"date":"2025-01-17T16:56:15","date_gmt":"2025-01-17T13:56:15","guid":{"rendered":"https:\/\/ceoparts.com\/?post_type=product&#038;p=13362"},"modified":"2026-05-16T13:16:18","modified_gmt":"2026-05-16T10:16:18","slug":"bt-lpe-canbus-kablosu-7521678","status":"publish","type":"product","link":"https:\/\/ceoparts.com\/fr\/urun\/bt-lpe-canbus-kablosu-7521678\/","title":{"rendered":"C\u00e2ble BT LPE Canbus &#8211; 7521678"},"content":{"rendered":"<p>C\u00e2ble BT LPE Canbus &#8211; 7521678<\/p>","protected":false},"excerpt":{"rendered":"<p data-start=\"0\" data-end=\"251\"><br data-start=\"2248\" data-end=\"2251\" \/>Le c\u00e2ble BT LPE Canbus est un faisceau de c\u00e2bles robuste et de haute qualit\u00e9 qui permet la communication de donn\u00e9es entre les syst\u00e8mes de contr\u00f4le \u00e9lectroniques des chariots \u00e9l\u00e9vateurs. Utilisant le protocole CAN, il assure une transmission rapide et fiable des signaux pour am\u00e9liorer la performance des machines.<\/p>\n<p data-start=\"2566\" data-end=\"2913\"><strong data-start=\"2566\" data-end=\"2588\">Caract\u00e9ristiques :<\/strong><br data-start=\"2588\" data-end=\"2591\" \/><strong data-start=\"2591\" data-end=\"2611\">Nom du produit :<\/strong> C\u00e2ble BT LPE Canbus<br data-start=\"2631\" data-end=\"2634\" \/><strong data-start=\"2634\" data-end=\"2650\">Code pi\u00e8ce :<\/strong> 7521678<br data-start=\"2658\" data-end=\"2661\" \/><strong data-start=\"2661\" data-end=\"2675\">Mat\u00e9riau :<\/strong> C\u00e2ble en cuivre isol\u00e9 plastique haute r\u00e9sistance<br data-start=\"2724\" data-end=\"2727\" \/><strong data-start=\"2727\" data-end=\"2754\">Domaine d\u2019utilisation :<\/strong> Syst\u00e8mes de communication CAN bus pour chariots \u00e9l\u00e9vateurs BT LPE<br data-start=\"2820\" data-end=\"2823\" \/><strong data-start=\"2823\" data-end=\"2836\">Avantage:<\/strong> Transmission rapide des donn\u00e9es, construction robuste, longue dur\u00e9e de vie<\/p>\n<p data-start=\"2915\" data-end=\"3221\">\n","protected":false},"featured_media":13364,"template":"","meta":[],"product_brand":[],"product_cat":[251,469,518],"product_tag":[],"class_list":{"0":"post-13362","1":"product","2":"type-product","3":"status-publish","4":"has-post-thumbnail","6":"product_cat-bt","7":"product_cat-elektrik-ve-sistem-parcalari","8":"product_cat-yedek-parca-bt","10":"first","11":"instock","12":"taxable","13":"shipping-taxable","14":"purchasable","15":"product-type-simple"},"_links":{"self":[{"href":"https:\/\/ceoparts.com\/fr\/wp-json\/wp\/v2\/product\/13362","targetHints":{"allow":["GET"]}}],"collection":[{"href":"https:\/\/ceoparts.com\/fr\/wp-json\/wp\/v2\/product"}],"about":[{"href":"https:\/\/ceoparts.com\/fr\/wp-json\/wp\/v2\/types\/product"}],"wp:featuredmedia":[{"embeddable":true,"href":"https:\/\/ceoparts.com\/fr\/wp-json\/wp\/v2\/media\/13364"}],"wp:attachment":[{"href":"https:\/\/ceoparts.com\/fr\/wp-json\/wp\/v2\/media?parent=13362"}],"wp:term":[{"taxonomy":"product_brand","embeddable":true,"href":"https:\/\/ceoparts.com\/fr\/wp-json\/wp\/v2\/product_brand?post=13362"},{"taxonomy":"product_cat","embeddable":true,"href":"https:\/\/ceoparts.com\/fr\/wp-json\/wp\/v2\/product_cat?post=13362"},{"taxonomy":"product_tag","embeddable":true,"href":"https:\/\/ceoparts.com\/fr\/wp-json\/wp\/v2\/product_tag?post=13362"}],"curies":[{"name":"wp","href":"https:\/\/api.w.org\/{rel}","templated":true}]}}