{"id":13366,"date":"2025-01-17T17:01:53","date_gmt":"2025-01-17T14:01:53","guid":{"rendered":"https:\/\/ceoparts.com\/?post_type=product&#038;p=13366"},"modified":"2026-05-16T14:28:39","modified_gmt":"2026-05-16T11:28:39","slug":"still-ecu-tesisat-kablosu","status":"publish","type":"product","link":"https:\/\/ceoparts.com\/fr\/urun\/still-ecu-tesisat-kablosu\/","title":{"rendered":"C\u00e2ble de c\u00e2blage Still ECU"},"content":{"rendered":"<p>C\u00e2ble de c\u00e2blage Still ECU<\/p>","protected":false},"excerpt":{"rendered":"<p data-start=\"0\" data-end=\"267\"><br data-start=\"2409\" data-end=\"2412\" \/>Le c\u00e2ble de c\u00e2blage ECU Still est un c\u00e2ble de haute qualit\u00e9 et durable qui connecte l\u2019unit\u00e9 de contr\u00f4le \u00e9lectronique (ECU) du chariot \u00e9l\u00e9vateur aux autres syst\u00e8mes. Il am\u00e9liore la performance et la s\u00e9curit\u00e9 op\u00e9rationnelle gr\u00e2ce \u00e0 une transmission fiable des signaux.<\/p>\n<p data-start=\"2680\" data-end=\"3052\"><strong data-start=\"2680\" data-end=\"2702\">Caract\u00e9ristiques :<\/strong><br data-start=\"2702\" data-end=\"2705\" \/><strong data-start=\"2705\" data-end=\"2725\">Nom du produit :<\/strong> C\u00e2ble de c\u00e2blage ECU Still<br data-start=\"2752\" data-end=\"2755\" \/><strong data-start=\"2755\" data-end=\"2771\">Code pi\u00e8ce :<\/strong> Variable selon mod\u00e8le et application<br data-start=\"2808\" data-end=\"2811\" \/><strong data-start=\"2811\" data-end=\"2825\">Mat\u00e9riau :<\/strong> C\u00e2ble en cuivre isol\u00e9 plastique et composants \u00e9lectroniques<br data-start=\"2885\" data-end=\"2888\" \/><strong data-start=\"2888\" data-end=\"2915\">Domaine d\u2019utilisation :<\/strong> Syst\u00e8mes de contr\u00f4le \u00e9lectronique des chariots \u00e9l\u00e9vateurs Still<br data-start=\"2979\" data-end=\"2982\" \/><strong data-start=\"2982\" data-end=\"2995\">Avantage:<\/strong> Connexion fiable, longue dur\u00e9e de vie, design flexible<\/p>\n<p data-start=\"3054\" data-end=\"3322\">\n","protected":false},"featured_media":13368,"template":"","meta":[],"product_brand":[],"product_cat":[241,469,524],"product_tag":[],"class_list":{"0":"post-13366","1":"product","2":"type-product","3":"status-publish","4":"has-post-thumbnail","6":"product_cat-still","7":"product_cat-elektrik-ve-sistem-parcalari","8":"product_cat-yedek-parca-still","10":"first","11":"instock","12":"taxable","13":"shipping-taxable","14":"purchasable","15":"product-type-simple"},"_links":{"self":[{"href":"https:\/\/ceoparts.com\/fr\/wp-json\/wp\/v2\/product\/13366","targetHints":{"allow":["GET"]}}],"collection":[{"href":"https:\/\/ceoparts.com\/fr\/wp-json\/wp\/v2\/product"}],"about":[{"href":"https:\/\/ceoparts.com\/fr\/wp-json\/wp\/v2\/types\/product"}],"wp:featuredmedia":[{"embeddable":true,"href":"https:\/\/ceoparts.com\/fr\/wp-json\/wp\/v2\/media\/13368"}],"wp:attachment":[{"href":"https:\/\/ceoparts.com\/fr\/wp-json\/wp\/v2\/media?parent=13366"}],"wp:term":[{"taxonomy":"product_brand","embeddable":true,"href":"https:\/\/ceoparts.com\/fr\/wp-json\/wp\/v2\/product_brand?post=13366"},{"taxonomy":"product_cat","embeddable":true,"href":"https:\/\/ceoparts.com\/fr\/wp-json\/wp\/v2\/product_cat?post=13366"},{"taxonomy":"product_tag","embeddable":true,"href":"https:\/\/ceoparts.com\/fr\/wp-json\/wp\/v2\/product_tag?post=13366"}],"curies":[{"name":"wp","href":"https:\/\/api.w.org\/{rel}","templated":true}]}}