{"id":13370,"date":"2025-01-17T17:07:33","date_gmt":"2025-01-17T14:07:33","guid":{"rendered":"https:\/\/ceoparts.com\/?post_type=product&#038;p=13370"},"modified":"2026-05-16T14:17:20","modified_gmt":"2026-05-16T11:17:20","slug":"encoder","status":"publish","type":"product","link":"https:\/\/ceoparts.com\/fr\/urun\/encoder\/","title":{"rendered":"Encodeur"},"content":{"rendered":"<p>Encodeur<\/p>","protected":false},"excerpt":{"rendered":"<article class=\"text-token-text-primary w-full\" dir=\"auto\" data-testid=\"conversation-turn-53\" data-scroll-anchor=\"true\">\n<div class=\"text-base my-auto mx-auto py-5 [--thread-content-margin:--spacing(4)] @[37rem]:[--thread-content-margin:--spacing(6)] @[72rem]:[--thread-content-margin:--spacing(16)] px-(--thread-content-margin)\">\n<div class=\"[--thread-content-max-width:32rem] @[34rem]:[--thread-content-max-width:40rem] @[64rem]:[--thread-content-max-width:48rem] mx-auto flex max-w-(--thread-content-max-width) flex-1 text-base gap-4 md:gap-5 lg:gap-6 group\/turn-messages focus-visible:outline-hidden\">\n<div class=\"group\/conversation-turn relative flex w-full min-w-0 flex-col agent-turn\">\n<div class=\"relative flex-col gap-1 md:gap-3\">\n<div class=\"flex max-w-full flex-col grow\">\n<div class=\"min-h-8 text-message relative flex w-full flex-col items-end gap-2 text-start break-words whitespace-normal [.text-message+&amp;]:mt-5\" dir=\"auto\" data-message-author-role=\"assistant\" data-message-id=\"5f17d186-8b07-4b0d-83cb-fc0b7cd04ee2\" data-message-model-slug=\"gpt-4-1-mini\">\n<div class=\"flex w-full flex-col gap-1 empty:hidden first:pt-[3px]\">\n<div class=\"markdown prose dark:prose-invert w-full break-words light\">\n<p data-start=\"0\" data-end=\"213\"><br data-start=\"2193\" data-end=\"2196\" \/>L\u2019encodeur est un capteur haute pr\u00e9cision qui convertit les informations de mouvement, de vitesse et de position en signaux num\u00e9riques dans les chariots \u00e9l\u00e9vateurs et machines industrielles. Il permet une transmission pr\u00e9cise des donn\u00e9es pour le contr\u00f4le et l\u2019automatisation des machines.<\/p>\n<p data-start=\"2486\" data-end=\"2837\"><strong data-start=\"2486\" data-end=\"2508\">Caract\u00e9ristiques :<\/strong><br data-start=\"2508\" data-end=\"2511\" \/><strong data-start=\"2511\" data-end=\"2531\">Nom du produit :<\/strong> Encodeur<br data-start=\"2540\" data-end=\"2543\" \/><strong data-start=\"2543\" data-end=\"2559\">Code pi\u00e8ce :<\/strong> Variable selon mod\u00e8le et application<br data-start=\"2596\" data-end=\"2599\" \/><strong data-start=\"2599\" data-end=\"2613\">Mat\u00e9riau :<\/strong> Composants m\u00e9talliques et \u00e9lectroniques<br data-start=\"2653\" data-end=\"2656\" \/><strong data-start=\"2656\" data-end=\"2683\">Domaine d\u2019utilisation :<\/strong> Chariots \u00e9l\u00e9vateurs, robotique et syst\u00e8mes d\u2019automatisation industrielle<br data-start=\"2756\" data-end=\"2759\" \/><strong data-start=\"2759\" data-end=\"2772\">Avantage:<\/strong> Haute pr\u00e9cision, temps de r\u00e9ponse rapide, construction durable<\/p>\n<p data-start=\"2839\" data-end=\"3114\">\n<\/div>\n<\/div>\n<\/div>\n<\/div>\n<\/div>\n<\/div>\n<\/div>\n<\/div>\n<\/article>\n","protected":false},"featured_media":13371,"template":"","meta":[],"product_brand":[],"product_cat":[469],"product_tag":[],"class_list":{"0":"post-13370","1":"product","2":"type-product","3":"status-publish","4":"has-post-thumbnail","6":"product_cat-elektrik-ve-sistem-parcalari","8":"first","9":"instock","10":"taxable","11":"shipping-taxable","12":"purchasable","13":"product-type-simple"},"_links":{"self":[{"href":"https:\/\/ceoparts.com\/fr\/wp-json\/wp\/v2\/product\/13370","targetHints":{"allow":["GET"]}}],"collection":[{"href":"https:\/\/ceoparts.com\/fr\/wp-json\/wp\/v2\/product"}],"about":[{"href":"https:\/\/ceoparts.com\/fr\/wp-json\/wp\/v2\/types\/product"}],"wp:featuredmedia":[{"embeddable":true,"href":"https:\/\/ceoparts.com\/fr\/wp-json\/wp\/v2\/media\/13371"}],"wp:attachment":[{"href":"https:\/\/ceoparts.com\/fr\/wp-json\/wp\/v2\/media?parent=13370"}],"wp:term":[{"taxonomy":"product_brand","embeddable":true,"href":"https:\/\/ceoparts.com\/fr\/wp-json\/wp\/v2\/product_brand?post=13370"},{"taxonomy":"product_cat","embeddable":true,"href":"https:\/\/ceoparts.com\/fr\/wp-json\/wp\/v2\/product_cat?post=13370"},{"taxonomy":"product_tag","embeddable":true,"href":"https:\/\/ceoparts.com\/fr\/wp-json\/wp\/v2\/product_tag?post=13370"}],"curies":[{"name":"wp","href":"https:\/\/api.w.org\/{rel}","templated":true}]}}