{"id":13374,"date":"2025-01-17T17:18:03","date_gmt":"2025-01-17T14:18:03","guid":{"rendered":"https:\/\/ceoparts.com\/?post_type=product&#038;p=13374"},"modified":"2026-05-16T13:15:57","modified_gmt":"2026-05-16T10:15:57","slug":"bt-sensor-705-227581-266705","status":"publish","type":"product","link":"https:\/\/ceoparts.com\/fr\/urun\/bt-sensor-705-227581-266705\/","title":{"rendered":"Capteur BT 705 &#8211; 227581, 266705"},"content":{"rendered":"<p>Capteur BT 705 &#8211; 227581, 266705<\/p>","protected":false},"excerpt":{"rendered":"<p data-start=\"0\" data-end=\"206\"><br data-start=\"2056\" data-end=\"2059\" \/>Le capteur BT 705 est un capteur robuste utilis\u00e9 dans les chariots \u00e9l\u00e9vateurs et machines industrielles, offrant des capacit\u00e9s de mesure et de contr\u00f4le pr\u00e9cises. Il optimise la performance des machines pour un fonctionnement s\u00fbr et efficace.<\/p>\n<p data-start=\"2302\" data-end=\"2642\"><strong data-start=\"2302\" data-end=\"2324\">Caract\u00e9ristiques :<\/strong><br data-start=\"2324\" data-end=\"2327\" \/><strong data-start=\"2327\" data-end=\"2347\">Nom du produit :<\/strong> Capteur BT 705<br data-start=\"2362\" data-end=\"2365\" \/><strong data-start=\"2365\" data-end=\"2381\">Code pi\u00e8ce :<\/strong> 227581, 266705<br data-start=\"2396\" data-end=\"2399\" \/><strong data-start=\"2399\" data-end=\"2413\">Mat\u00e9riau :<\/strong> Composants m\u00e9talliques et \u00e9lectroniques robustes<br data-start=\"2462\" data-end=\"2465\" \/><strong data-start=\"2465\" data-end=\"2492\">Domaine d\u2019utilisation :<\/strong> Syst\u00e8mes de contr\u00f4le pour chariots \u00e9l\u00e9vateurs BT et machines industrielles<br data-start=\"2567\" data-end=\"2570\" \/><strong data-start=\"2570\" data-end=\"2583\">Avantage:<\/strong> Haute pr\u00e9cision, longue dur\u00e9e de vie, performance fiable<\/p>\n<p data-start=\"2644\" data-end=\"2878\">\n","protected":false},"featured_media":13677,"template":"","meta":[],"product_brand":[],"product_cat":[251,469,518],"product_tag":[],"class_list":{"0":"post-13374","1":"product","2":"type-product","3":"status-publish","4":"has-post-thumbnail","6":"product_cat-bt","7":"product_cat-elektrik-ve-sistem-parcalari","8":"product_cat-yedek-parca-bt","10":"first","11":"instock","12":"taxable","13":"shipping-taxable","14":"purchasable","15":"product-type-simple"},"_links":{"self":[{"href":"https:\/\/ceoparts.com\/fr\/wp-json\/wp\/v2\/product\/13374","targetHints":{"allow":["GET"]}}],"collection":[{"href":"https:\/\/ceoparts.com\/fr\/wp-json\/wp\/v2\/product"}],"about":[{"href":"https:\/\/ceoparts.com\/fr\/wp-json\/wp\/v2\/types\/product"}],"wp:featuredmedia":[{"embeddable":true,"href":"https:\/\/ceoparts.com\/fr\/wp-json\/wp\/v2\/media\/13677"}],"wp:attachment":[{"href":"https:\/\/ceoparts.com\/fr\/wp-json\/wp\/v2\/media?parent=13374"}],"wp:term":[{"taxonomy":"product_brand","embeddable":true,"href":"https:\/\/ceoparts.com\/fr\/wp-json\/wp\/v2\/product_brand?post=13374"},{"taxonomy":"product_cat","embeddable":true,"href":"https:\/\/ceoparts.com\/fr\/wp-json\/wp\/v2\/product_cat?post=13374"},{"taxonomy":"product_tag","embeddable":true,"href":"https:\/\/ceoparts.com\/fr\/wp-json\/wp\/v2\/product_tag?post=13374"}],"curies":[{"name":"wp","href":"https:\/\/api.w.org\/{rel}","templated":true}]}}