{"id":13380,"date":"2025-01-17T17:21:25","date_gmt":"2025-01-17T14:21:25","guid":{"rendered":"https:\/\/ceoparts.com\/?post_type=product&#038;p=13380"},"modified":"2026-05-16T14:33:14","modified_gmt":"2026-05-16T11:33:14","slug":"tesisat-kablosu-t16-mmi-3093810460","status":"publish","type":"product","link":"https:\/\/ceoparts.com\/fr\/urun\/tesisat-kablosu-t16-mmi-3093810460\/","title":{"rendered":"C\u00e2ble de c\u00e2blage &#8211; T16 MMI-3093810460"},"content":{"rendered":"<p>C\u00e2ble de c\u00e2blage &#8211; T16 MMI-3093810460<\/p>","protected":false},"excerpt":{"rendered":"<p data-start=\"0\" data-end=\"236\"><br data-start=\"2255\" data-end=\"2258\" \/>Le c\u00e2ble de c\u00e2blage T16 MMI est un c\u00e2ble de haute qualit\u00e9 et durable utilis\u00e9 pour connecter les syst\u00e8mes \u00e9lectroniques des chariots \u00e9l\u00e9vateurs et v\u00e9hicules industriels. Il am\u00e9liore la performance des syst\u00e8mes gr\u00e2ce \u00e0 une transmission de signal fiable et ininterrompue.<\/p>\n<p data-start=\"2528\" data-end=\"2896\"><strong data-start=\"2528\" data-end=\"2550\">Caract\u00e9ristiques :<\/strong><br data-start=\"2550\" data-end=\"2553\" \/><strong data-start=\"2553\" data-end=\"2573\">Nom du produit :<\/strong> C\u00e2ble de c\u00e2blage T16 MMI<br data-start=\"2598\" data-end=\"2601\" \/><strong data-start=\"2601\" data-end=\"2617\">Code pi\u00e8ce :<\/strong> 3093810460<br data-start=\"2628\" data-end=\"2631\" \/><strong data-start=\"2631\" data-end=\"2645\">Mat\u00e9riau :<\/strong> C\u00e2ble en cuivre isol\u00e9 plastique haute r\u00e9sistance<br data-start=\"2694\" data-end=\"2697\" \/><strong data-start=\"2697\" data-end=\"2724\">Domaine d\u2019utilisation :<\/strong> Syst\u00e8mes de contr\u00f4le \u00e9lectronique pour chariots \u00e9l\u00e9vateurs et v\u00e9hicules industriels<br data-start=\"2808\" data-end=\"2811\" \/><strong data-start=\"2811\" data-end=\"2824\">Avantage:<\/strong> Longue dur\u00e9e de vie, design flexible, transmission fiable des signaux<\/p>\n<p data-start=\"2898\" data-end=\"3157\">\n","protected":false},"featured_media":13382,"template":"","meta":[],"product_brand":[],"product_cat":[469],"product_tag":[],"class_list":{"0":"post-13380","1":"product","2":"type-product","3":"status-publish","4":"has-post-thumbnail","6":"product_cat-elektrik-ve-sistem-parcalari","8":"first","9":"instock","10":"taxable","11":"shipping-taxable","12":"purchasable","13":"product-type-simple"},"_links":{"self":[{"href":"https:\/\/ceoparts.com\/fr\/wp-json\/wp\/v2\/product\/13380","targetHints":{"allow":["GET"]}}],"collection":[{"href":"https:\/\/ceoparts.com\/fr\/wp-json\/wp\/v2\/product"}],"about":[{"href":"https:\/\/ceoparts.com\/fr\/wp-json\/wp\/v2\/types\/product"}],"wp:featuredmedia":[{"embeddable":true,"href":"https:\/\/ceoparts.com\/fr\/wp-json\/wp\/v2\/media\/13382"}],"wp:attachment":[{"href":"https:\/\/ceoparts.com\/fr\/wp-json\/wp\/v2\/media?parent=13380"}],"wp:term":[{"taxonomy":"product_brand","embeddable":true,"href":"https:\/\/ceoparts.com\/fr\/wp-json\/wp\/v2\/product_brand?post=13380"},{"taxonomy":"product_cat","embeddable":true,"href":"https:\/\/ceoparts.com\/fr\/wp-json\/wp\/v2\/product_cat?post=13380"},{"taxonomy":"product_tag","embeddable":true,"href":"https:\/\/ceoparts.com\/fr\/wp-json\/wp\/v2\/product_tag?post=13380"}],"curies":[{"name":"wp","href":"https:\/\/api.w.org\/{rel}","templated":true}]}}