{"id":13388,"date":"2025-01-18T09:40:15","date_gmt":"2025-01-18T06:40:15","guid":{"rendered":"https:\/\/ceoparts.com\/?post_type=product&#038;p=13388"},"modified":"2026-05-16T14:16:35","modified_gmt":"2026-05-16T11:16:35","slug":"linde-l16-mmi-tesisat-kablosu-3093810461","status":"publish","type":"product","link":"https:\/\/ceoparts.com\/fr\/urun\/linde-l16-mmi-tesisat-kablosu-3093810461\/","title":{"rendered":"C\u00e2ble de raccordement Linde L16 MMI &#8211; 3093810461"},"content":{"rendered":"<p>C\u00e2ble de raccordement Linde L16 MMI &#8211; 3093810461<\/p>","protected":false},"excerpt":{"rendered":"<p data-start=\"0\" data-end=\"238\"><br data-start=\"2156\" data-end=\"2159\" \/>Le c\u00e2ble de c\u00e2blage Linde L16 MMI est un c\u00e2ble de haute qualit\u00e9 et durable qui connecte les syst\u00e8mes de contr\u00f4le \u00e9lectronique dans les chariots \u00e9l\u00e9vateurs et v\u00e9hicules industriels. Il assure un fonctionnement s\u00fbr et continu des syst\u00e8mes.<\/p>\n<p data-start=\"2398\" data-end=\"2755\"><strong data-start=\"2398\" data-end=\"2420\">Caract\u00e9ristiques :<\/strong><br data-start=\"2420\" data-end=\"2423\" \/><strong data-start=\"2423\" data-end=\"2443\">Nom du produit :<\/strong> C\u00e2ble de c\u00e2blage Linde L16 MMI<br data-start=\"2474\" data-end=\"2477\" \/><strong data-start=\"2477\" data-end=\"2493\">Code pi\u00e8ce :<\/strong> 3093810461<br data-start=\"2504\" data-end=\"2507\" \/><strong data-start=\"2507\" data-end=\"2521\">Mat\u00e9riau :<\/strong> C\u00e2ble en cuivre isol\u00e9 plastique haute r\u00e9sistance<br data-start=\"2570\" data-end=\"2573\" \/><strong data-start=\"2573\" data-end=\"2600\">Domaine d\u2019utilisation :<\/strong> Syst\u00e8mes de contr\u00f4le \u00e9lectronique des chariots \u00e9l\u00e9vateurs Linde<br data-start=\"2664\" data-end=\"2667\" \/><strong data-start=\"2667\" data-end=\"2680\">Avantage:<\/strong> Longue dur\u00e9e de vie, grande flexibilit\u00e9, transmission fiable des signaux<\/p>\n<p data-start=\"2757\" data-end=\"2988\">\n","protected":false},"featured_media":13390,"template":"","meta":[],"product_brand":[],"product_cat":[246,469,523],"product_tag":[],"class_list":{"0":"post-13388","1":"product","2":"type-product","3":"status-publish","4":"has-post-thumbnail","6":"product_cat-linde","7":"product_cat-elektrik-ve-sistem-parcalari","8":"product_cat-yedek-parca-linde","10":"first","11":"instock","12":"taxable","13":"shipping-taxable","14":"purchasable","15":"product-type-simple"},"_links":{"self":[{"href":"https:\/\/ceoparts.com\/fr\/wp-json\/wp\/v2\/product\/13388","targetHints":{"allow":["GET"]}}],"collection":[{"href":"https:\/\/ceoparts.com\/fr\/wp-json\/wp\/v2\/product"}],"about":[{"href":"https:\/\/ceoparts.com\/fr\/wp-json\/wp\/v2\/types\/product"}],"wp:featuredmedia":[{"embeddable":true,"href":"https:\/\/ceoparts.com\/fr\/wp-json\/wp\/v2\/media\/13390"}],"wp:attachment":[{"href":"https:\/\/ceoparts.com\/fr\/wp-json\/wp\/v2\/media?parent=13388"}],"wp:term":[{"taxonomy":"product_brand","embeddable":true,"href":"https:\/\/ceoparts.com\/fr\/wp-json\/wp\/v2\/product_brand?post=13388"},{"taxonomy":"product_cat","embeddable":true,"href":"https:\/\/ceoparts.com\/fr\/wp-json\/wp\/v2\/product_cat?post=13388"},{"taxonomy":"product_tag","embeddable":true,"href":"https:\/\/ceoparts.com\/fr\/wp-json\/wp\/v2\/product_tag?post=13388"}],"curies":[{"name":"wp","href":"https:\/\/api.w.org\/{rel}","templated":true}]}}