{"id":13393,"date":"2025-01-18T09:49:48","date_gmt":"2025-01-18T06:49:48","guid":{"rendered":"https:\/\/ceoparts.com\/?post_type=product&#038;p=13393"},"modified":"2026-05-16T13:00:54","modified_gmt":"2026-05-16T10:00:54","slug":"still-exu-kol-tesisati-16779954-4401677","status":"publish","type":"product","link":"https:\/\/ceoparts.com\/fr\/urun\/still-exu-kol-tesisati-16779954-4401677\/","title":{"rendered":"C\u00e2ble de raccordement Still Exu pour bras &#8211; 4401677"},"content":{"rendered":"<p>C\u00e2ble de raccordement Still Exu pour bras &#8211; 4401677<\/p>","protected":false},"excerpt":{"rendered":"<p data-start=\"0\" data-end=\"256\"><br data-start=\"2317\" data-end=\"2320\" \/>Le faisceau de c\u00e2bles de poign\u00e9e Still Exu est un ensemble de c\u00e2bles robuste et de haute qualit\u00e9 qui relie la poign\u00e9e de commande \u00e0 l\u2019unit\u00e9 de commande des chariots \u00e9l\u00e9vateurs. Il assure une transmission rapide et fiable des signaux pour un fonctionnement s\u00fbr et ma\u00eetris\u00e9.<\/p>\n<p data-start=\"2594\" data-end=\"2971\"><strong data-start=\"2594\" data-end=\"2616\">Caract\u00e9ristiques :<\/strong><br data-start=\"2616\" data-end=\"2619\" \/><strong data-start=\"2619\" data-end=\"2639\">Nom du produit :<\/strong> Faisceau de c\u00e2bles de poign\u00e9e Still Exu<br data-start=\"2679\" data-end=\"2682\" \/><strong data-start=\"2682\" data-end=\"2698\">Code pi\u00e8ce :<\/strong>\u00a0 4401677<br data-start=\"2716\" data-end=\"2719\" \/><strong data-start=\"2719\" data-end=\"2733\">Mat\u00e9riau :<\/strong> C\u00e2ble en cuivre isol\u00e9 plastique haute r\u00e9sistance et connecteur<br data-start=\"2796\" data-end=\"2799\" \/><strong data-start=\"2799\" data-end=\"2826\">Domaine d\u2019utilisation :<\/strong> Syst\u00e8mes de commande pour chariots \u00e9l\u00e9vateurs Still Exu<br data-start=\"2882\" data-end=\"2885\" \/><strong data-start=\"2885\" data-end=\"2898\">Avantage:<\/strong> Connexion fiable, transmission rapide des signaux, longue dur\u00e9e de vie<\/p>\n<p data-start=\"2973\" data-end=\"3257\">\n","protected":false},"featured_media":13394,"template":"","meta":[],"product_brand":[],"product_cat":[241,469,524],"product_tag":[],"class_list":{"0":"post-13393","1":"product","2":"type-product","3":"status-publish","4":"has-post-thumbnail","6":"product_cat-still","7":"product_cat-elektrik-ve-sistem-parcalari","8":"product_cat-yedek-parca-still","10":"first","11":"instock","12":"taxable","13":"shipping-taxable","14":"purchasable","15":"product-type-simple"},"_links":{"self":[{"href":"https:\/\/ceoparts.com\/fr\/wp-json\/wp\/v2\/product\/13393","targetHints":{"allow":["GET"]}}],"collection":[{"href":"https:\/\/ceoparts.com\/fr\/wp-json\/wp\/v2\/product"}],"about":[{"href":"https:\/\/ceoparts.com\/fr\/wp-json\/wp\/v2\/types\/product"}],"wp:featuredmedia":[{"embeddable":true,"href":"https:\/\/ceoparts.com\/fr\/wp-json\/wp\/v2\/media\/13394"}],"wp:attachment":[{"href":"https:\/\/ceoparts.com\/fr\/wp-json\/wp\/v2\/media?parent=13393"}],"wp:term":[{"taxonomy":"product_brand","embeddable":true,"href":"https:\/\/ceoparts.com\/fr\/wp-json\/wp\/v2\/product_brand?post=13393"},{"taxonomy":"product_cat","embeddable":true,"href":"https:\/\/ceoparts.com\/fr\/wp-json\/wp\/v2\/product_cat?post=13393"},{"taxonomy":"product_tag","embeddable":true,"href":"https:\/\/ceoparts.com\/fr\/wp-json\/wp\/v2\/product_tag?post=13393"}],"curies":[{"name":"wp","href":"https:\/\/api.w.org\/{rel}","templated":true}]}}