{"id":13401,"date":"2025-01-18T10:28:34","date_gmt":"2025-01-18T07:28:34","guid":{"rendered":"https:\/\/ceoparts.com\/?post_type=product&#038;p=13401"},"modified":"2026-05-16T17:05:21","modified_gmt":"2026-05-16T14:05:21","slug":"curtis-aku-gostergesi-24v-803rb2448bcj3010","status":"publish","type":"product","link":"https:\/\/ceoparts.com\/fr\/urun\/curtis-aku-gostergesi-24v-803rb2448bcj3010\/","title":{"rendered":"Indicateur de batterie Curtis 24V &#8211; 803RB2448BCJ3010"},"content":{"rendered":"<p>Indicateur de batterie Curtis 24V &#8211; 803RB2448BCJ3010<\/p>","protected":false},"excerpt":{"rendered":"<p data-start=\"0\" data-end=\"250\"><br data-start=\"2335\" data-end=\"2338\" \/>Le t\u00e9moin de batterie Curtis 24V est un indicateur pr\u00e9cis utilis\u00e9 pour surveiller l&#8217;\u00e9tat de charge des batteries sur les chariots \u00e9l\u00e9vateurs et v\u00e9hicules industriels. Il fournit \u00e0 l\u2019op\u00e9rateur des informations claires sur l\u2019\u00e9tat de la batterie, am\u00e9liorant ainsi la s\u00e9curit\u00e9 et l\u2019efficacit\u00e9 op\u00e9rationnelle.<\/p>\n<p data-start=\"2644\" data-end=\"3018\"><strong data-start=\"2644\" data-end=\"2666\">Caract\u00e9ristiques :<\/strong><br data-start=\"2666\" data-end=\"2669\" \/><strong data-start=\"2669\" data-end=\"2689\">Nom du produit :<\/strong> T\u00e9moin de batterie Curtis 24V<br data-start=\"2719\" data-end=\"2722\" \/><strong data-start=\"2722\" data-end=\"2738\">Code pi\u00e8ce :<\/strong> 803RB2448BCJ3010<br data-start=\"2755\" data-end=\"2758\" \/><strong data-start=\"2758\" data-end=\"2772\">Mat\u00e9riau :<\/strong> Plastique durable et composants \u00e9lectroniques<br data-start=\"2818\" data-end=\"2821\" \/><strong data-start=\"2821\" data-end=\"2848\">Domaine d\u2019utilisation :<\/strong> Syst\u00e8mes de surveillance de batteries pour chariots \u00e9l\u00e9vateurs et v\u00e9hicules industriels<br data-start=\"2936\" data-end=\"2939\" \/><strong data-start=\"2939\" data-end=\"2952\">Avantage:<\/strong> Affichage clair, suivi pr\u00e9cis de la charge, longue dur\u00e9e de vie<\/p>\n<p data-start=\"3020\" data-end=\"3283\">\n","protected":false},"featured_media":13406,"template":"","meta":[],"product_brand":[],"product_cat":[431],"product_tag":[],"class_list":{"0":"post-13401","1":"product","2":"type-product","3":"status-publish","4":"has-post-thumbnail","6":"product_cat-ekranlar-ve-kartlar","8":"first","9":"instock","10":"taxable","11":"shipping-taxable","12":"purchasable","13":"product-type-simple"},"_links":{"self":[{"href":"https:\/\/ceoparts.com\/fr\/wp-json\/wp\/v2\/product\/13401","targetHints":{"allow":["GET"]}}],"collection":[{"href":"https:\/\/ceoparts.com\/fr\/wp-json\/wp\/v2\/product"}],"about":[{"href":"https:\/\/ceoparts.com\/fr\/wp-json\/wp\/v2\/types\/product"}],"wp:featuredmedia":[{"embeddable":true,"href":"https:\/\/ceoparts.com\/fr\/wp-json\/wp\/v2\/media\/13406"}],"wp:attachment":[{"href":"https:\/\/ceoparts.com\/fr\/wp-json\/wp\/v2\/media?parent=13401"}],"wp:term":[{"taxonomy":"product_brand","embeddable":true,"href":"https:\/\/ceoparts.com\/fr\/wp-json\/wp\/v2\/product_brand?post=13401"},{"taxonomy":"product_cat","embeddable":true,"href":"https:\/\/ceoparts.com\/fr\/wp-json\/wp\/v2\/product_cat?post=13401"},{"taxonomy":"product_tag","embeddable":true,"href":"https:\/\/ceoparts.com\/fr\/wp-json\/wp\/v2\/product_tag?post=13401"}],"curies":[{"name":"wp","href":"https:\/\/api.w.org\/{rel}","templated":true}]}}