{"id":13407,"date":"2025-01-18T10:37:14","date_gmt":"2025-01-18T07:37:14","guid":{"rendered":"https:\/\/ceoparts.com\/?post_type=product&#038;p=13407"},"modified":"2026-05-16T15:03:41","modified_gmt":"2026-05-16T12:03:41","slug":"linde-indirme-kaldirma-joystick-7919040015","status":"publish","type":"product","link":"https:\/\/ceoparts.com\/fr\/urun\/linde-indirme-kaldirma-joystick-7919040015\/","title":{"rendered":"Joystick de lev\u00e9e et abaissement Linde &#8211; 7919040015"},"content":{"rendered":"<p>Joystick de lev\u00e9e et abaissement Linde &#8211; 7919040015<\/p>\n<p>E16C 1275 H25, 30, 35 393 i\u00e7in ge\u00e7erlidir. E25, E25S, E30S 1276 i\u00e7in. E14,16,18,20 335 i\u00e7in.<\/p>","protected":false},"excerpt":{"rendered":"<p data-start=\"0\" data-end=\"253\"><br data-start=\"2246\" data-end=\"2249\" \/>Le joystick de lev\u00e9e et descente Linde est un levier de commande ergonomique et r\u00e9sistant, utilis\u00e9 pour les op\u00e9rations de levage et de descente des chariots \u00e9l\u00e9vateurs. Il permet des man\u0153uvres rapides et pr\u00e9cises, renfor\u00e7ant la s\u00e9curit\u00e9 et la productivit\u00e9.<\/p>\n<p data-start=\"2507\" data-end=\"2854\"><strong data-start=\"2507\" data-end=\"2529\">Caract\u00e9ristiques :<\/strong><br data-start=\"2529\" data-end=\"2532\" \/><strong data-start=\"2532\" data-end=\"2552\">Nom du produit :<\/strong> Joystick de lev\u00e9e et descente Linde<br data-start=\"2588\" data-end=\"2591\" \/><strong data-start=\"2591\" data-end=\"2607\">Code pi\u00e8ce :<\/strong> 7919040015<br data-start=\"2618\" data-end=\"2621\" \/><strong data-start=\"2621\" data-end=\"2635\">Mat\u00e9riau :<\/strong> Plastique durable et composants \u00e9lectroniques<br data-start=\"2681\" data-end=\"2684\" \/><strong data-start=\"2684\" data-end=\"2711\">Domaine d\u2019utilisation :<\/strong> Syst\u00e8mes de levage et descente des chariots \u00e9l\u00e9vateurs Linde<br data-start=\"2772\" data-end=\"2775\" \/><strong data-start=\"2775\" data-end=\"2788\">Avantage:<\/strong> Design ergonomique, haute sensibilit\u00e9 de r\u00e9ponse, usage durable<\/p>\n<p data-start=\"2856\" data-end=\"3115\">\n","protected":false},"featured_media":13409,"template":"","meta":[],"product_brand":[],"product_cat":[246,471,523],"product_tag":[],"class_list":{"0":"post-13407","1":"product","2":"type-product","3":"status-publish","4":"has-post-thumbnail","6":"product_cat-linde","7":"product_cat-joystick-pedal-yedek-parca","8":"product_cat-yedek-parca-linde","10":"first","11":"instock","12":"taxable","13":"shipping-taxable","14":"purchasable","15":"product-type-simple"},"_links":{"self":[{"href":"https:\/\/ceoparts.com\/fr\/wp-json\/wp\/v2\/product\/13407","targetHints":{"allow":["GET"]}}],"collection":[{"href":"https:\/\/ceoparts.com\/fr\/wp-json\/wp\/v2\/product"}],"about":[{"href":"https:\/\/ceoparts.com\/fr\/wp-json\/wp\/v2\/types\/product"}],"wp:featuredmedia":[{"embeddable":true,"href":"https:\/\/ceoparts.com\/fr\/wp-json\/wp\/v2\/media\/13409"}],"wp:attachment":[{"href":"https:\/\/ceoparts.com\/fr\/wp-json\/wp\/v2\/media?parent=13407"}],"wp:term":[{"taxonomy":"product_brand","embeddable":true,"href":"https:\/\/ceoparts.com\/fr\/wp-json\/wp\/v2\/product_brand?post=13407"},{"taxonomy":"product_cat","embeddable":true,"href":"https:\/\/ceoparts.com\/fr\/wp-json\/wp\/v2\/product_cat?post=13407"},{"taxonomy":"product_tag","embeddable":true,"href":"https:\/\/ceoparts.com\/fr\/wp-json\/wp\/v2\/product_tag?post=13407"}],"curies":[{"name":"wp","href":"https:\/\/api.w.org\/{rel}","templated":true}]}}