{"id":13415,"date":"2025-01-18T11:02:47","date_gmt":"2025-01-18T08:02:47","guid":{"rendered":"https:\/\/ceoparts.com\/?post_type=product&#038;p=13415"},"modified":"2026-05-16T17:30:07","modified_gmt":"2026-05-16T14:30:07","slug":"linde-indirme-kaldirma-joystick-7919040012","status":"publish","type":"product","link":"https:\/\/ceoparts.com\/fr\/urun\/linde-indirme-kaldirma-joystick-7919040012\/","title":{"rendered":"Joystick de glissement Linde E &#8211; 7919040012"},"content":{"rendered":"<p>Joystick de glissement Linde E &#8211; 7919040012<\/p>\n<p>Model:E12\/E14\/E15\/E16\/E18\/E20\/E30\/E40\/E50<br \/>\nSeriler: 386 387 388 392 393 394 396<\/p>\n<p>&nbsp;<\/p>","protected":false},"excerpt":{"rendered":"<p data-start=\"0\" data-end=\"202\"><br data-start=\"2054\" data-end=\"2057\" \/>Le joystick de d\u00e9port lat\u00e9ral Linde E est un levier de commande ergonomique et robuste utilis\u00e9 pour g\u00e9rer les mouvements lat\u00e9raux des chariots \u00e9l\u00e9vateurs. Il permet \u00e0 l\u2019op\u00e9rateur d\u2019effectuer des man\u0153uvres rapides et pr\u00e9cises.<\/p>\n<p data-start=\"2284\" data-end=\"2640\"><strong data-start=\"2284\" data-end=\"2306\">Caract\u00e9ristiques :<\/strong><br data-start=\"2306\" data-end=\"2309\" \/><strong data-start=\"2309\" data-end=\"2329\">Nom du produit :<\/strong> Joystick de d\u00e9port lat\u00e9ral Linde E<br data-start=\"2364\" data-end=\"2367\" \/><strong data-start=\"2367\" data-end=\"2383\">Code pi\u00e8ce :<\/strong> 7919040012<br data-start=\"2394\" data-end=\"2397\" \/><strong data-start=\"2397\" data-end=\"2411\">Mat\u00e9riau :<\/strong> Plastique durable et composants \u00e9lectroniques<br data-start=\"2457\" data-end=\"2460\" \/><strong data-start=\"2460\" data-end=\"2487\">Domaine d\u2019utilisation :<\/strong> Syst\u00e8mes de d\u00e9port lat\u00e9ral des chariots \u00e9l\u00e9vateurs Linde s\u00e9rie E<br data-start=\"2552\" data-end=\"2555\" \/><strong data-start=\"2555\" data-end=\"2568\">Avantage:<\/strong> Design ergonomique, haute sensibilit\u00e9 de r\u00e9ponse, longue dur\u00e9e de vie<\/p>\n<p data-start=\"2642\" data-end=\"2862\">\n","protected":false},"featured_media":13416,"template":"","meta":[],"product_brand":[],"product_cat":[246,471,523],"product_tag":[],"class_list":{"0":"post-13415","1":"product","2":"type-product","3":"status-publish","4":"has-post-thumbnail","6":"product_cat-linde","7":"product_cat-joystick-pedal-yedek-parca","8":"product_cat-yedek-parca-linde","10":"first","11":"instock","12":"taxable","13":"shipping-taxable","14":"purchasable","15":"product-type-simple"},"_links":{"self":[{"href":"https:\/\/ceoparts.com\/fr\/wp-json\/wp\/v2\/product\/13415","targetHints":{"allow":["GET"]}}],"collection":[{"href":"https:\/\/ceoparts.com\/fr\/wp-json\/wp\/v2\/product"}],"about":[{"href":"https:\/\/ceoparts.com\/fr\/wp-json\/wp\/v2\/types\/product"}],"wp:featuredmedia":[{"embeddable":true,"href":"https:\/\/ceoparts.com\/fr\/wp-json\/wp\/v2\/media\/13416"}],"wp:attachment":[{"href":"https:\/\/ceoparts.com\/fr\/wp-json\/wp\/v2\/media?parent=13415"}],"wp:term":[{"taxonomy":"product_brand","embeddable":true,"href":"https:\/\/ceoparts.com\/fr\/wp-json\/wp\/v2\/product_brand?post=13415"},{"taxonomy":"product_cat","embeddable":true,"href":"https:\/\/ceoparts.com\/fr\/wp-json\/wp\/v2\/product_cat?post=13415"},{"taxonomy":"product_tag","embeddable":true,"href":"https:\/\/ceoparts.com\/fr\/wp-json\/wp\/v2\/product_tag?post=13415"}],"curies":[{"name":"wp","href":"https:\/\/api.w.org\/{rel}","templated":true}]}}