{"id":13419,"date":"2025-01-18T11:28:31","date_gmt":"2025-01-18T08:28:31","guid":{"rendered":"https:\/\/ceoparts.com\/?post_type=product&#038;p=13419"},"modified":"2026-05-16T17:29:48","modified_gmt":"2026-05-16T14:29:48","slug":"still-ecu-limit-switch-45583607202","status":"publish","type":"product","link":"https:\/\/ceoparts.com\/fr\/urun\/still-ecu-limit-switch-45583607202\/","title":{"rendered":"Interrupteur de fin de course ECU Still &#8211; 45583607202"},"content":{"rendered":"<p>Interrupteur de fin de course ECU Still &#8211; 45583607202<\/p>","protected":false},"excerpt":{"rendered":"<p data-start=\"0\" data-end=\"194\"><br data-start=\"2001\" data-end=\"2004\" \/>L&#8217;interrupteur de fin de course Still ECU est un commutateur de pr\u00e9cision utilis\u00e9 dans les syst\u00e8mes de levage et de direction des chariots \u00e9l\u00e9vateurs. Il assure un fonctionnement s\u00fbr et contr\u00f4l\u00e9 en d\u00e9finissant les limites de mouvement.<\/p>\n<p data-start=\"2241\" data-end=\"2592\"><strong data-start=\"2241\" data-end=\"2263\">Caract\u00e9ristiques :<\/strong><br data-start=\"2263\" data-end=\"2266\" \/><strong data-start=\"2266\" data-end=\"2286\">Nom du produit :<\/strong> Interrupteur de fin de course Still ECU<br data-start=\"2326\" data-end=\"2329\" \/><strong data-start=\"2329\" data-end=\"2345\">Code pi\u00e8ce :<\/strong> 45583607202<br data-start=\"2357\" data-end=\"2360\" \/><strong data-start=\"2360\" data-end=\"2374\">Mat\u00e9riau :<\/strong> Plastique durable et composants m\u00e9talliques<br data-start=\"2418\" data-end=\"2421\" \/><strong data-start=\"2421\" data-end=\"2448\">Domaine d\u2019utilisation :<\/strong> Syst\u00e8mes de levage et de direction des chariots \u00e9l\u00e9vateurs Still ECU<br data-start=\"2517\" data-end=\"2520\" \/><strong data-start=\"2520\" data-end=\"2533\">Avantage:<\/strong> Haute pr\u00e9cision, performance fiable, longue dur\u00e9e de vie<\/p>\n<p data-start=\"2594\" data-end=\"2811\">\n","protected":false},"featured_media":13420,"template":"","meta":[],"product_brand":[],"product_cat":[241,469,524],"product_tag":[],"class_list":{"0":"post-13419","1":"product","2":"type-product","3":"status-publish","4":"has-post-thumbnail","6":"product_cat-still","7":"product_cat-elektrik-ve-sistem-parcalari","8":"product_cat-yedek-parca-still","10":"first","11":"instock","12":"taxable","13":"shipping-taxable","14":"purchasable","15":"product-type-simple"},"_links":{"self":[{"href":"https:\/\/ceoparts.com\/fr\/wp-json\/wp\/v2\/product\/13419","targetHints":{"allow":["GET"]}}],"collection":[{"href":"https:\/\/ceoparts.com\/fr\/wp-json\/wp\/v2\/product"}],"about":[{"href":"https:\/\/ceoparts.com\/fr\/wp-json\/wp\/v2\/types\/product"}],"wp:featuredmedia":[{"embeddable":true,"href":"https:\/\/ceoparts.com\/fr\/wp-json\/wp\/v2\/media\/13420"}],"wp:attachment":[{"href":"https:\/\/ceoparts.com\/fr\/wp-json\/wp\/v2\/media?parent=13419"}],"wp:term":[{"taxonomy":"product_brand","embeddable":true,"href":"https:\/\/ceoparts.com\/fr\/wp-json\/wp\/v2\/product_brand?post=13419"},{"taxonomy":"product_cat","embeddable":true,"href":"https:\/\/ceoparts.com\/fr\/wp-json\/wp\/v2\/product_cat?post=13419"},{"taxonomy":"product_tag","embeddable":true,"href":"https:\/\/ceoparts.com\/fr\/wp-json\/wp\/v2\/product_tag?post=13419"}],"curies":[{"name":"wp","href":"https:\/\/api.w.org\/{rel}","templated":true}]}}