{"id":13424,"date":"2025-01-18T11:44:43","date_gmt":"2025-01-18T08:44:43","guid":{"rendered":"https:\/\/ceoparts.com\/?post_type=product&#038;p=13424"},"modified":"2026-05-16T15:29:06","modified_gmt":"2026-05-16T12:29:06","slug":"elobau-manyeik-guvenlik-sensoru-16531004","status":"publish","type":"product","link":"https:\/\/ceoparts.com\/fr\/urun\/elobau-manyeik-guvenlik-sensoru-16531004\/","title":{"rendered":"Capteur de s\u00e9curit\u00e9 magn\u00e9tique ELOBAU &#8211; 16531004"},"content":{"rendered":"<p>Capteur de s\u00e9curit\u00e9 magn\u00e9tique ELOBAU &#8211; 16531004<\/p>\n<p>Capteur LINDE 1,5 m<\/p>","protected":false},"excerpt":{"rendered":"<p data-start=\"0\" data-end=\"255\"><br data-start=\"2239\" data-end=\"2242\" \/>Le capteur de s\u00e9curit\u00e9 magn\u00e9tique ELOBAU est un capteur durable et pr\u00e9cis utilis\u00e9 pour le contr\u00f4le de s\u00e9curit\u00e9 dans les chariots \u00e9l\u00e9vateurs et les machines industrielles. Il contr\u00f4le le circuit de s\u00e9curit\u00e9 par d\u00e9tection magn\u00e9tique et aide \u00e0 pr\u00e9venir les risques.<\/p>\n<p data-start=\"2506\" data-end=\"2869\"><strong data-start=\"2506\" data-end=\"2528\">Caract\u00e9ristiques :<\/strong><br data-start=\"2528\" data-end=\"2531\" \/><strong data-start=\"2531\" data-end=\"2551\">Nom du produit :<\/strong> Capteur de s\u00e9curit\u00e9 magn\u00e9tique ELOBAU<br data-start=\"2589\" data-end=\"2592\" \/><strong data-start=\"2592\" data-end=\"2608\">Code pi\u00e8ce :<\/strong> 16531004<br data-start=\"2617\" data-end=\"2620\" \/><strong data-start=\"2620\" data-end=\"2634\">Mat\u00e9riau :<\/strong> Plastique durable et composants \u00e9lectroniques<br data-start=\"2680\" data-end=\"2683\" \/><strong data-start=\"2683\" data-end=\"2710\">Domaine d\u2019utilisation :<\/strong> Syst\u00e8mes de s\u00e9curit\u00e9 de chariots \u00e9l\u00e9vateurs et d\u2019\u00e9quipements industriels<br data-start=\"2783\" data-end=\"2786\" \/><strong data-start=\"2786\" data-end=\"2799\">Avantage:<\/strong> Haute pr\u00e9cision de d\u00e9tection, structure solide, longue dur\u00e9e de vie<\/p>\n<p data-start=\"2871\" data-end=\"3134\">\n","protected":false},"featured_media":13425,"template":"","meta":[],"product_brand":[],"product_cat":[246,469,523],"product_tag":[],"class_list":{"0":"post-13424","1":"product","2":"type-product","3":"status-publish","4":"has-post-thumbnail","6":"product_cat-linde","7":"product_cat-elektrik-ve-sistem-parcalari","8":"product_cat-yedek-parca-linde","10":"first","11":"instock","12":"taxable","13":"shipping-taxable","14":"purchasable","15":"product-type-simple"},"_links":{"self":[{"href":"https:\/\/ceoparts.com\/fr\/wp-json\/wp\/v2\/product\/13424","targetHints":{"allow":["GET"]}}],"collection":[{"href":"https:\/\/ceoparts.com\/fr\/wp-json\/wp\/v2\/product"}],"about":[{"href":"https:\/\/ceoparts.com\/fr\/wp-json\/wp\/v2\/types\/product"}],"wp:featuredmedia":[{"embeddable":true,"href":"https:\/\/ceoparts.com\/fr\/wp-json\/wp\/v2\/media\/13425"}],"wp:attachment":[{"href":"https:\/\/ceoparts.com\/fr\/wp-json\/wp\/v2\/media?parent=13424"}],"wp:term":[{"taxonomy":"product_brand","embeddable":true,"href":"https:\/\/ceoparts.com\/fr\/wp-json\/wp\/v2\/product_brand?post=13424"},{"taxonomy":"product_cat","embeddable":true,"href":"https:\/\/ceoparts.com\/fr\/wp-json\/wp\/v2\/product_cat?post=13424"},{"taxonomy":"product_tag","embeddable":true,"href":"https:\/\/ceoparts.com\/fr\/wp-json\/wp\/v2\/product_tag?post=13424"}],"curies":[{"name":"wp","href":"https:\/\/api.w.org\/{rel}","templated":true}]}}