{"id":13437,"date":"2025-01-18T12:48:39","date_gmt":"2025-01-18T09:48:39","guid":{"rendered":"https:\/\/ceoparts.com\/?post_type=product&#038;p=13437"},"modified":"2026-05-16T18:10:40","modified_gmt":"2026-05-16T15:10:40","slug":"still-fmx-reach-sensoru-51903608902","status":"publish","type":"product","link":"https:\/\/ceoparts.com\/fr\/urun\/still-fmx-reach-sensoru-51903608902\/","title":{"rendered":"Capteur de port\u00e9e Still FMX &#8211; 51903608902"},"content":{"rendered":"<p>Capteur de port\u00e9e Still FMX &#8211; 51903608902<\/p>","protected":false},"excerpt":{"rendered":"<p data-start=\"0\" data-end=\"203\"><br data-start=\"1904\" data-end=\"1907\" \/>Le capteur de port\u00e9e Still FMX est un capteur \u00e9lectronique qui mesure pr\u00e9cis\u00e9ment la distance de port\u00e9e de la charge et la position du m\u00e2t dans les chariots \u00e9l\u00e9vateurs. Il fournit des donn\u00e9es pr\u00e9cises pour une utilisation s\u00fbre et efficace.<\/p>\n<p data-start=\"2148\" data-end=\"2456\"><strong data-start=\"2148\" data-end=\"2170\">Caract\u00e9ristiques :<\/strong><br data-start=\"2170\" data-end=\"2173\" \/><strong data-start=\"2173\" data-end=\"2193\">Nom du produit :<\/strong> Capteur de port\u00e9e Still FMX<br data-start=\"2221\" data-end=\"2224\" \/><strong data-start=\"2224\" data-end=\"2240\">Code pi\u00e8ce :<\/strong> 51903608902<br data-start=\"2252\" data-end=\"2255\" \/><strong data-start=\"2255\" data-end=\"2269\">Mat\u00e9riau :<\/strong> Composants \u00e9lectroniques durables<br data-start=\"2303\" data-end=\"2306\" \/><strong data-start=\"2306\" data-end=\"2333\">Domaine d\u2019utilisation :<\/strong> Syst\u00e8mes de chariots \u00e9l\u00e9vateurs Still FMX Reach<br data-start=\"2381\" data-end=\"2384\" \/><strong data-start=\"2384\" data-end=\"2397\">Avantage:<\/strong> Haute pr\u00e9cision, performance fiable, longue dur\u00e9e de vie<\/p>\n<p data-start=\"2458\" data-end=\"2705\">\n","protected":false},"featured_media":13440,"template":"","meta":[],"product_brand":[],"product_cat":[241,469,524],"product_tag":[],"class_list":{"0":"post-13437","1":"product","2":"type-product","3":"status-publish","4":"has-post-thumbnail","6":"product_cat-still","7":"product_cat-elektrik-ve-sistem-parcalari","8":"product_cat-yedek-parca-still","10":"first","11":"instock","12":"taxable","13":"shipping-taxable","14":"purchasable","15":"product-type-simple"},"_links":{"self":[{"href":"https:\/\/ceoparts.com\/fr\/wp-json\/wp\/v2\/product\/13437","targetHints":{"allow":["GET"]}}],"collection":[{"href":"https:\/\/ceoparts.com\/fr\/wp-json\/wp\/v2\/product"}],"about":[{"href":"https:\/\/ceoparts.com\/fr\/wp-json\/wp\/v2\/types\/product"}],"wp:featuredmedia":[{"embeddable":true,"href":"https:\/\/ceoparts.com\/fr\/wp-json\/wp\/v2\/media\/13440"}],"wp:attachment":[{"href":"https:\/\/ceoparts.com\/fr\/wp-json\/wp\/v2\/media?parent=13437"}],"wp:term":[{"taxonomy":"product_brand","embeddable":true,"href":"https:\/\/ceoparts.com\/fr\/wp-json\/wp\/v2\/product_brand?post=13437"},{"taxonomy":"product_cat","embeddable":true,"href":"https:\/\/ceoparts.com\/fr\/wp-json\/wp\/v2\/product_cat?post=13437"},{"taxonomy":"product_tag","embeddable":true,"href":"https:\/\/ceoparts.com\/fr\/wp-json\/wp\/v2\/product_tag?post=13437"}],"curies":[{"name":"wp","href":"https:\/\/api.w.org\/{rel}","templated":true}]}}