{"id":13453,"date":"2025-01-20T14:55:52","date_gmt":"2025-01-20T11:55:52","guid":{"rendered":"https:\/\/ceoparts.com\/?post_type=product&#038;p=13453"},"modified":"2026-05-16T17:30:05","modified_gmt":"2026-05-16T14:30:05","slug":"bt-rre-160h-asansor-kablosu-007-7656550007-7578722007","status":"publish","type":"product","link":"https:\/\/ceoparts.com\/fr\/urun\/bt-rre-160h-asansor-kablosu-007-7656550007-7578722007\/","title":{"rendered":"C\u00e2ble d&#8217;ascenseur BT RRE 160H 007 &#8211; 7656550007 , 7578722007"},"content":{"rendered":"<p>C\u00e2ble d&#8217;ascenseur BT RRE 160H 007 &#8211; 7656550007 , 7578722007<\/p>","protected":false},"excerpt":{"rendered":"<p data-start=\"0\" data-end=\"174\"><br data-start=\"2021\" data-end=\"2024\" \/>Le c\u00e2ble de levage BT RRE 160H 007 est un c\u00e2ble durable et flexible utilis\u00e9 dans les syst\u00e8mes de levage des chariots \u00e9l\u00e9vateurs. Il assure une transmission \u00e9lectrique s\u00fbre lors des op\u00e9rations de levage.<\/p>\n<p data-start=\"2228\" data-end=\"2586\"><strong data-start=\"2228\" data-end=\"2250\">Caract\u00e9ristiques :<\/strong><br data-start=\"2250\" data-end=\"2253\" \/><strong data-start=\"2253\" data-end=\"2273\">Nom du produit :<\/strong> C\u00e2ble de levage BT RRE 160H 007<br data-start=\"2305\" data-end=\"2308\" \/><strong data-start=\"2308\" data-end=\"2324\">Code pi\u00e8ce :<\/strong> 7656550007, 7578722007<br data-start=\"2347\" data-end=\"2350\" \/><strong data-start=\"2350\" data-end=\"2364\">Mat\u00e9riau :<\/strong> Conducteur en cuivre durable et mat\u00e9riaux isolants<br data-start=\"2415\" data-end=\"2418\" \/><strong data-start=\"2418\" data-end=\"2445\">Domaine d\u2019utilisation :<\/strong> Syst\u00e8mes de levage des chariots \u00e9l\u00e9vateurs BT RRE 160H<br data-start=\"2500\" data-end=\"2503\" \/><strong data-start=\"2503\" data-end=\"2517\">Avantage :<\/strong> Structure flexible, haute durabilit\u00e9, transmission \u00e9lectrique s\u00fbre<\/p>\n<p data-start=\"2588\" data-end=\"2814\">\n","protected":false},"featured_media":13455,"template":"","meta":[],"product_brand":[],"product_cat":[251,469,518],"product_tag":[],"class_list":{"0":"post-13453","1":"product","2":"type-product","3":"status-publish","4":"has-post-thumbnail","6":"product_cat-bt","7":"product_cat-elektrik-ve-sistem-parcalari","8":"product_cat-yedek-parca-bt","10":"first","11":"instock","12":"taxable","13":"shipping-taxable","14":"purchasable","15":"product-type-simple"},"_links":{"self":[{"href":"https:\/\/ceoparts.com\/fr\/wp-json\/wp\/v2\/product\/13453","targetHints":{"allow":["GET"]}}],"collection":[{"href":"https:\/\/ceoparts.com\/fr\/wp-json\/wp\/v2\/product"}],"about":[{"href":"https:\/\/ceoparts.com\/fr\/wp-json\/wp\/v2\/types\/product"}],"wp:featuredmedia":[{"embeddable":true,"href":"https:\/\/ceoparts.com\/fr\/wp-json\/wp\/v2\/media\/13455"}],"wp:attachment":[{"href":"https:\/\/ceoparts.com\/fr\/wp-json\/wp\/v2\/media?parent=13453"}],"wp:term":[{"taxonomy":"product_brand","embeddable":true,"href":"https:\/\/ceoparts.com\/fr\/wp-json\/wp\/v2\/product_brand?post=13453"},{"taxonomy":"product_cat","embeddable":true,"href":"https:\/\/ceoparts.com\/fr\/wp-json\/wp\/v2\/product_cat?post=13453"},{"taxonomy":"product_tag","embeddable":true,"href":"https:\/\/ceoparts.com\/fr\/wp-json\/wp\/v2\/product_tag?post=13453"}],"curies":[{"name":"wp","href":"https:\/\/api.w.org\/{rel}","templated":true}]}}