{"id":13468,"date":"2025-01-20T16:33:38","date_gmt":"2025-01-20T13:33:38","guid":{"rendered":"https:\/\/ceoparts.com\/?post_type=product&#038;p=13468"},"modified":"2026-05-16T13:30:42","modified_gmt":"2026-05-16T10:30:42","slug":"bt-rre160-direksiyon-sensorlu-rulman-ahe5402d-228989","status":"publish","type":"product","link":"https:\/\/ceoparts.com\/fr\/urun\/bt-rre160-direksiyon-sensorlu-rulman-ahe5402d-228989\/","title":{"rendered":"Roulement avec capteur de direction BT RRE160 AHE5402D &#8211; 228989"},"content":{"rendered":"<p>Roulement avec capteur de direction BT RRE160 AHE5402D &#8211; 228989<\/p>","protected":false},"excerpt":{"rendered":"<p data-start=\"0\" data-end=\"174\"><br data-start=\"2001\" data-end=\"2004\" \/>Le roulement avec capteur de direction BT RRE160 AHE5402D est un roulement durable avec capteur int\u00e9gr\u00e9 utilis\u00e9 dans les syst\u00e8mes de direction de chariots \u00e9l\u00e9vateurs. Il offre un contr\u00f4le pr\u00e9cis de la direction et une longue dur\u00e9e de vie.<\/p>\n<p data-start=\"2244\" data-end=\"2581\"><strong data-start=\"2244\" data-end=\"2266\">Caract\u00e9ristiques :<\/strong><br data-start=\"2266\" data-end=\"2269\" \/><strong data-start=\"2269\" data-end=\"2289\">Nom du produit :<\/strong> Roulement avec capteur de direction BT RRE160 AHE5402D<br data-start=\"2344\" data-end=\"2347\" \/><strong data-start=\"2347\" data-end=\"2363\">Code pi\u00e8ce :<\/strong> 228989<br data-start=\"2370\" data-end=\"2373\" \/><strong data-start=\"2373\" data-end=\"2387\">Mat\u00e9riau :<\/strong> Acier de roulement de haute qualit\u00e9<br data-start=\"2423\" data-end=\"2426\" \/><strong data-start=\"2426\" data-end=\"2453\">Domaine d\u2019utilisation :<\/strong> Syst\u00e8mes de direction des chariots \u00e9l\u00e9vateurs BT RRE160<br data-start=\"2509\" data-end=\"2512\" \/><strong data-start=\"2512\" data-end=\"2526\">Avantage :<\/strong> Capteur int\u00e9gr\u00e9, contr\u00f4le pr\u00e9cis, conception durable<\/p>\n<p data-start=\"2583\" data-end=\"2799\">\n","protected":false},"featured_media":13470,"template":"","meta":[],"product_brand":[],"product_cat":[251,469,518],"product_tag":[],"class_list":{"0":"post-13468","1":"product","2":"type-product","3":"status-publish","4":"has-post-thumbnail","6":"product_cat-bt","7":"product_cat-elektrik-ve-sistem-parcalari","8":"product_cat-yedek-parca-bt","10":"first","11":"instock","12":"taxable","13":"shipping-taxable","14":"purchasable","15":"product-type-simple"},"_links":{"self":[{"href":"https:\/\/ceoparts.com\/fr\/wp-json\/wp\/v2\/product\/13468","targetHints":{"allow":["GET"]}}],"collection":[{"href":"https:\/\/ceoparts.com\/fr\/wp-json\/wp\/v2\/product"}],"about":[{"href":"https:\/\/ceoparts.com\/fr\/wp-json\/wp\/v2\/types\/product"}],"wp:featuredmedia":[{"embeddable":true,"href":"https:\/\/ceoparts.com\/fr\/wp-json\/wp\/v2\/media\/13470"}],"wp:attachment":[{"href":"https:\/\/ceoparts.com\/fr\/wp-json\/wp\/v2\/media?parent=13468"}],"wp:term":[{"taxonomy":"product_brand","embeddable":true,"href":"https:\/\/ceoparts.com\/fr\/wp-json\/wp\/v2\/product_brand?post=13468"},{"taxonomy":"product_cat","embeddable":true,"href":"https:\/\/ceoparts.com\/fr\/wp-json\/wp\/v2\/product_cat?post=13468"},{"taxonomy":"product_tag","embeddable":true,"href":"https:\/\/ceoparts.com\/fr\/wp-json\/wp\/v2\/product_tag?post=13468"}],"curies":[{"name":"wp","href":"https:\/\/api.w.org\/{rel}","templated":true}]}}