{"id":13472,"date":"2025-01-20T17:22:56","date_gmt":"2025-01-20T14:22:56","guid":{"rendered":"https:\/\/ceoparts.com\/?post_type=product&#038;p=13472"},"modified":"2026-05-16T14:02:04","modified_gmt":"2026-05-16T11:02:04","slug":"still-rt-devir-sensoru-7917415321-7917415537-8434292","status":"publish","type":"product","link":"https:\/\/ceoparts.com\/fr\/urun\/still-rt-devir-sensoru-7917415321-7917415537-8434292\/","title":{"rendered":"Capteur de vitesse Still RT &#8211; 7917415321, 7917415537, 8434292"},"content":{"rendered":"<p>Capteur de vitesse Still RT &#8211; 7917415321, 7917415537, 8434292<\/p>","protected":false},"excerpt":{"rendered":"<p data-start=\"0\" data-end=\"184\"><br data-start=\"1913\" data-end=\"1916\" \/>Le capteur de r\u00e9gime Still RT est un capteur \u00e9lectronique qui mesure pr\u00e9cis\u00e9ment la vitesse de rotation des moteurs de chariots \u00e9l\u00e9vateurs. Il aide \u00e0 g\u00e9rer avec pr\u00e9cision et efficacit\u00e9 les performances du moteur.<\/p>\n<p data-start=\"2130\" data-end=\"2454\"><strong data-start=\"2130\" data-end=\"2152\">Caract\u00e9ristiques :<\/strong><br data-start=\"2152\" data-end=\"2155\" \/><strong data-start=\"2155\" data-end=\"2175\">Nom du produit :<\/strong> Capteur de r\u00e9gime Still RT<br data-start=\"2202\" data-end=\"2205\" \/><strong data-start=\"2205\" data-end=\"2221\">Code pi\u00e8ce :<\/strong> 7917415321, 7917415537, 8434292<br data-start=\"2253\" data-end=\"2256\" \/><strong data-start=\"2256\" data-end=\"2270\">Mat\u00e9riau :<\/strong> Composants \u00e9lectroniques durables<br data-start=\"2304\" data-end=\"2307\" \/><strong data-start=\"2307\" data-end=\"2334\">Domaine d\u2019utilisation :<\/strong> Syst\u00e8mes moteur des chariots \u00e9l\u00e9vateurs Still RT<br data-start=\"2383\" data-end=\"2386\" \/><strong data-start=\"2386\" data-end=\"2400\">Avantage :<\/strong> Haute pr\u00e9cision, mesure fiable, longue dur\u00e9e de vie<\/p>\n<p data-start=\"2456\" data-end=\"2674\">\n","protected":false},"featured_media":13474,"template":"","meta":[],"product_brand":[],"product_cat":[241,469,524],"product_tag":[],"class_list":{"0":"post-13472","1":"product","2":"type-product","3":"status-publish","4":"has-post-thumbnail","6":"product_cat-still","7":"product_cat-elektrik-ve-sistem-parcalari","8":"product_cat-yedek-parca-still","10":"first","11":"instock","12":"taxable","13":"shipping-taxable","14":"purchasable","15":"product-type-simple"},"_links":{"self":[{"href":"https:\/\/ceoparts.com\/fr\/wp-json\/wp\/v2\/product\/13472","targetHints":{"allow":["GET"]}}],"collection":[{"href":"https:\/\/ceoparts.com\/fr\/wp-json\/wp\/v2\/product"}],"about":[{"href":"https:\/\/ceoparts.com\/fr\/wp-json\/wp\/v2\/types\/product"}],"wp:featuredmedia":[{"embeddable":true,"href":"https:\/\/ceoparts.com\/fr\/wp-json\/wp\/v2\/media\/13474"}],"wp:attachment":[{"href":"https:\/\/ceoparts.com\/fr\/wp-json\/wp\/v2\/media?parent=13472"}],"wp:term":[{"taxonomy":"product_brand","embeddable":true,"href":"https:\/\/ceoparts.com\/fr\/wp-json\/wp\/v2\/product_brand?post=13472"},{"taxonomy":"product_cat","embeddable":true,"href":"https:\/\/ceoparts.com\/fr\/wp-json\/wp\/v2\/product_cat?post=13472"},{"taxonomy":"product_tag","embeddable":true,"href":"https:\/\/ceoparts.com\/fr\/wp-json\/wp\/v2\/product_tag?post=13472"}],"curies":[{"name":"wp","href":"https:\/\/api.w.org\/{rel}","templated":true}]}}