{"id":13476,"date":"2025-01-20T17:28:35","date_gmt":"2025-01-20T14:28:35","guid":{"rendered":"https:\/\/ceoparts.com\/?post_type=product&#038;p=13476"},"modified":"2026-05-16T20:33:26","modified_gmt":"2026-05-16T17:33:26","slug":"linde-devir-sensoru-7917415679-7917415809-7917415538","status":"publish","type":"product","link":"https:\/\/ceoparts.com\/fr\/urun\/linde-devir-sensoru-7917415679-7917415809-7917415538\/","title":{"rendered":"Still \/ Capteur de vitesse Linde &#8211; 7917415679, 7917415809, 7917415538, 7917415402"},"content":{"rendered":"<p>Still \/ Capteur de vitesse Linde &#8211; 7917415679, 7917415809, 7917415538, 7917415402<\/p>","protected":false},"excerpt":{"rendered":"<p data-start=\"0\" data-end=\"173\"><br data-start=\"1954\" data-end=\"1957\" \/>Le capteur de r\u00e9gime Still \/ Linde est un capteur \u00e9lectronique qui mesure pr\u00e9cis\u00e9ment la vitesse de rotation des moteurs de chariots \u00e9l\u00e9vateurs. Il aide \u00e0 optimiser les performances du moteur.<\/p>\n<p data-start=\"2151\" data-end=\"2501\"><strong data-start=\"2151\" data-end=\"2173\">Caract\u00e9ristiques :<\/strong><br data-start=\"2173\" data-end=\"2176\" \/><strong data-start=\"2176\" data-end=\"2196\">Nom du produit :<\/strong> Capteur de r\u00e9gime Still \/ Linde<br data-start=\"2228\" data-end=\"2231\" \/><strong data-start=\"2231\" data-end=\"2247\">Code pi\u00e8ce :<\/strong> 7917415679, 7917415809, 7917415538, 7917415402<br data-start=\"2294\" data-end=\"2297\" \/><strong data-start=\"2297\" data-end=\"2311\">Mat\u00e9riau :<\/strong> Composants \u00e9lectroniques durables<br data-start=\"2345\" data-end=\"2348\" \/><strong data-start=\"2348\" data-end=\"2375\">Domaine d\u2019utilisation :<\/strong> Syst\u00e8mes moteur des chariots \u00e9l\u00e9vateurs Still et Linde<br data-start=\"2430\" data-end=\"2433\" \/><strong data-start=\"2433\" data-end=\"2447\">Avantage :<\/strong> Haute pr\u00e9cision, mesure fiable, longue dur\u00e9e de vie<\/p>\n<p data-start=\"2503\" data-end=\"2701\">\n","protected":false},"featured_media":13478,"template":"","meta":[],"product_brand":[],"product_cat":[523,524,241,246,469],"product_tag":[],"class_list":{"0":"post-13476","1":"product","2":"type-product","3":"status-publish","4":"has-post-thumbnail","6":"product_cat-yedek-parca-linde","7":"product_cat-yedek-parca-still","8":"product_cat-still","9":"product_cat-linde","10":"product_cat-elektrik-ve-sistem-parcalari","12":"first","13":"instock","14":"taxable","15":"shipping-taxable","16":"purchasable","17":"product-type-simple"},"_links":{"self":[{"href":"https:\/\/ceoparts.com\/fr\/wp-json\/wp\/v2\/product\/13476","targetHints":{"allow":["GET"]}}],"collection":[{"href":"https:\/\/ceoparts.com\/fr\/wp-json\/wp\/v2\/product"}],"about":[{"href":"https:\/\/ceoparts.com\/fr\/wp-json\/wp\/v2\/types\/product"}],"wp:featuredmedia":[{"embeddable":true,"href":"https:\/\/ceoparts.com\/fr\/wp-json\/wp\/v2\/media\/13478"}],"wp:attachment":[{"href":"https:\/\/ceoparts.com\/fr\/wp-json\/wp\/v2\/media?parent=13476"}],"wp:term":[{"taxonomy":"product_brand","embeddable":true,"href":"https:\/\/ceoparts.com\/fr\/wp-json\/wp\/v2\/product_brand?post=13476"},{"taxonomy":"product_cat","embeddable":true,"href":"https:\/\/ceoparts.com\/fr\/wp-json\/wp\/v2\/product_cat?post=13476"},{"taxonomy":"product_tag","embeddable":true,"href":"https:\/\/ceoparts.com\/fr\/wp-json\/wp\/v2\/product_tag?post=13476"}],"curies":[{"name":"wp","href":"https:\/\/api.w.org\/{rel}","templated":true}]}}