{"id":13481,"date":"2025-01-20T17:48:15","date_gmt":"2025-01-20T14:48:15","guid":{"rendered":"https:\/\/ceoparts.com\/?post_type=product&#038;p=13481"},"modified":"2026-05-16T12:10:11","modified_gmt":"2026-05-16T09:10:11","slug":"curtis-calisma-saati-gostergesi-24-48v-111tr55-8560499","status":"publish","type":"product","link":"https:\/\/ceoparts.com\/fr\/urun\/curtis-calisma-saati-gostergesi-24-48v-111tr55-8560499\/","title":{"rendered":"Compteur d&#8217;heures Curtis 24-48V &#8211; 8560499"},"content":{"rendered":"<p>Compteur d&#8217;heures Curtis 24-48V &#8211; 8560499<\/p>","protected":false},"excerpt":{"rendered":"<p data-start=\"0\" data-end=\"211\"><br data-start=\"2165\" data-end=\"2168\" \/>Le compteur d\u2019heures Curtis 24-48V est un appareil durable et fiable utilis\u00e9 dans les chariots \u00e9l\u00e9vateurs et machines industrielles pour mesurer et afficher le temps total de fonctionnement. Il fonctionne sous une tension de 24 \u00e0 48 volts.<\/p>\n<p data-start=\"2409\" data-end=\"2781\"><strong data-start=\"2409\" data-end=\"2431\">Caract\u00e9ristiques :<\/strong><br data-start=\"2431\" data-end=\"2434\" \/><strong data-start=\"2434\" data-end=\"2454\">Nom du produit :<\/strong> Compteur d\u2019heures Curtis 24-48V<br data-start=\"2486\" data-end=\"2489\" \/><strong data-start=\"2489\" data-end=\"2505\">Code pi\u00e8ce :<\/strong> 8560499<br data-start=\"2513\" data-end=\"2516\" \/><strong data-start=\"2516\" data-end=\"2530\">Mat\u00e9riau :<\/strong> Plastique durable et composants \u00e9lectroniques<br data-start=\"2576\" data-end=\"2579\" \/><strong data-start=\"2579\" data-end=\"2606\">Domaine d\u2019utilisation :<\/strong> Suivi des heures de fonctionnement pour chariots \u00e9l\u00e9vateurs et machines industrielles<br data-start=\"2692\" data-end=\"2695\" \/><strong data-start=\"2695\" data-end=\"2709\">Avantage :<\/strong> Longue dur\u00e9e de vie, affichage facile \u00e0 lire, mesure pr\u00e9cise du temps<\/p>\n<p data-start=\"2783\" data-end=\"3019\">\n","protected":false},"featured_media":13487,"template":"","meta":[],"product_brand":[],"product_cat":[431],"product_tag":[],"class_list":{"0":"post-13481","1":"product","2":"type-product","3":"status-publish","4":"has-post-thumbnail","6":"product_cat-ekranlar-ve-kartlar","8":"first","9":"instock","10":"taxable","11":"shipping-taxable","12":"purchasable","13":"product-type-simple"},"_links":{"self":[{"href":"https:\/\/ceoparts.com\/fr\/wp-json\/wp\/v2\/product\/13481","targetHints":{"allow":["GET"]}}],"collection":[{"href":"https:\/\/ceoparts.com\/fr\/wp-json\/wp\/v2\/product"}],"about":[{"href":"https:\/\/ceoparts.com\/fr\/wp-json\/wp\/v2\/types\/product"}],"wp:featuredmedia":[{"embeddable":true,"href":"https:\/\/ceoparts.com\/fr\/wp-json\/wp\/v2\/media\/13487"}],"wp:attachment":[{"href":"https:\/\/ceoparts.com\/fr\/wp-json\/wp\/v2\/media?parent=13481"}],"wp:term":[{"taxonomy":"product_brand","embeddable":true,"href":"https:\/\/ceoparts.com\/fr\/wp-json\/wp\/v2\/product_brand?post=13481"},{"taxonomy":"product_cat","embeddable":true,"href":"https:\/\/ceoparts.com\/fr\/wp-json\/wp\/v2\/product_cat?post=13481"},{"taxonomy":"product_tag","embeddable":true,"href":"https:\/\/ceoparts.com\/fr\/wp-json\/wp\/v2\/product_tag?post=13481"}],"curies":[{"name":"wp","href":"https:\/\/api.w.org\/{rel}","templated":true}]}}