{"id":13488,"date":"2025-01-20T17:52:51","date_gmt":"2025-01-20T14:52:51","guid":{"rendered":"https:\/\/ceoparts.com\/?post_type=product&#038;p=13488"},"modified":"2026-05-16T10:41:31","modified_gmt":"2026-05-16T07:41:31","slug":"bt-kablo-tesisati-255378-14598719","status":"publish","type":"product","link":"https:\/\/ceoparts.com\/fr\/urun\/bt-kablo-tesisati-255378-14598719\/","title":{"rendered":"Installation de c\u00e2bles BT &#8211; 255378, 14598719"},"content":{"rendered":"<p>Installation de c\u00e2bles BT &#8211; 255378, 14598719<\/p>","protected":false},"excerpt":{"rendered":"<p data-start=\"0\" data-end=\"160\"><br data-start=\"1812\" data-end=\"1815\" \/>Le c\u00e2blage BT est le faisceau de c\u00e2bles \u00e9lectriques utilis\u00e9 dans les chariots \u00e9l\u00e9vateurs. Il assure des connexions \u00e9lectriques organis\u00e9es et s\u00e9curis\u00e9es \u00e0 l\u2019int\u00e9rieur du v\u00e9hicule.<\/p>\n<p data-start=\"1995\" data-end=\"2311\"><strong data-start=\"1995\" data-end=\"2017\">Caract\u00e9ristiques :<\/strong><br data-start=\"2017\" data-end=\"2020\" \/><strong data-start=\"2020\" data-end=\"2040\">Nom du produit :<\/strong> C\u00e2blage BT<br data-start=\"2051\" data-end=\"2054\" \/><strong data-start=\"2054\" data-end=\"2070\">Code pi\u00e8ce :<\/strong> 255378, 14598719<br data-start=\"2087\" data-end=\"2090\" \/><strong data-start=\"2090\" data-end=\"2104\">Mat\u00e9riau :<\/strong> Fils de cuivre durables et mat\u00e9riaux isolants<br data-start=\"2150\" data-end=\"2153\" \/><strong data-start=\"2153\" data-end=\"2180\">Domaine d\u2019utilisation :<\/strong> Syst\u00e8mes \u00e9lectriques des chariots \u00e9l\u00e9vateurs BT<br data-start=\"2228\" data-end=\"2231\" \/><strong data-start=\"2231\" data-end=\"2245\">Avantage :<\/strong> Connexions s\u00e9curis\u00e9es, installation facile, longue dur\u00e9e de vie<\/p>\n<p data-start=\"2313\" data-end=\"2484\">\n","protected":false},"featured_media":13489,"template":"","meta":[],"product_brand":[],"product_cat":[251,469,518],"product_tag":[],"class_list":{"0":"post-13488","1":"product","2":"type-product","3":"status-publish","4":"has-post-thumbnail","6":"product_cat-bt","7":"product_cat-elektrik-ve-sistem-parcalari","8":"product_cat-yedek-parca-bt","10":"first","11":"instock","12":"taxable","13":"shipping-taxable","14":"purchasable","15":"product-type-simple"},"_links":{"self":[{"href":"https:\/\/ceoparts.com\/fr\/wp-json\/wp\/v2\/product\/13488","targetHints":{"allow":["GET"]}}],"collection":[{"href":"https:\/\/ceoparts.com\/fr\/wp-json\/wp\/v2\/product"}],"about":[{"href":"https:\/\/ceoparts.com\/fr\/wp-json\/wp\/v2\/types\/product"}],"wp:featuredmedia":[{"embeddable":true,"href":"https:\/\/ceoparts.com\/fr\/wp-json\/wp\/v2\/media\/13489"}],"wp:attachment":[{"href":"https:\/\/ceoparts.com\/fr\/wp-json\/wp\/v2\/media?parent=13488"}],"wp:term":[{"taxonomy":"product_brand","embeddable":true,"href":"https:\/\/ceoparts.com\/fr\/wp-json\/wp\/v2\/product_brand?post=13488"},{"taxonomy":"product_cat","embeddable":true,"href":"https:\/\/ceoparts.com\/fr\/wp-json\/wp\/v2\/product_cat?post=13488"},{"taxonomy":"product_tag","embeddable":true,"href":"https:\/\/ceoparts.com\/fr\/wp-json\/wp\/v2\/product_tag?post=13488"}],"curies":[{"name":"wp","href":"https:\/\/api.w.org\/{rel}","templated":true}]}}