{"id":13499,"date":"2025-01-21T09:37:34","date_gmt":"2025-01-21T06:37:34","guid":{"rendered":"https:\/\/ceoparts.com\/?post_type=product&#038;p=13499"},"modified":"2026-05-16T14:17:19","modified_gmt":"2026-05-16T11:17:19","slug":"still-ecu-alt-potans-45223604700","status":"publish","type":"product","link":"https:\/\/ceoparts.com\/fr\/urun\/still-ecu-alt-potans-45223604700\/","title":{"rendered":"Still ECU Potans Inf\u00e9rieur &#8211; 45223604700"},"content":{"rendered":"<p>Still ECU Potans Inf\u00e9rieur &#8211; 45223604700<\/p>","protected":false},"excerpt":{"rendered":"<p data-start=\"0\" data-end=\"185\"><br data-start=\"1845\" data-end=\"1848\" \/>Le potentiom\u00e8tre inf\u00e9rieur Still ECU est un potentiom\u00e8tre pr\u00e9cis utilis\u00e9 dans les unit\u00e9s de contr\u00f4le \u00e9lectronique (ECU) des chariots \u00e9l\u00e9vateurs. Il aide \u00e0 ajuster avec pr\u00e9cision les performances du v\u00e9hicule.<\/p>\n<p data-start=\"2057\" data-end=\"2367\"><strong data-start=\"2057\" data-end=\"2079\">Caract\u00e9ristiques :<\/strong><br data-start=\"2079\" data-end=\"2082\" \/><strong data-start=\"2082\" data-end=\"2102\">Nom du produit :<\/strong> Potentiom\u00e8tre inf\u00e9rieur Still ECU<br data-start=\"2136\" data-end=\"2139\" \/><strong data-start=\"2139\" data-end=\"2155\">Code pi\u00e8ce :<\/strong> 45223604700<br data-start=\"2167\" data-end=\"2170\" \/><strong data-start=\"2170\" data-end=\"2184\">Mat\u00e9riau :<\/strong> Composants \u00e9lectroniques durables<br data-start=\"2218\" data-end=\"2221\" \/><strong data-start=\"2221\" data-end=\"2248\">Domaine d\u2019utilisation :<\/strong> Syst\u00e8mes ECU des chariots \u00e9l\u00e9vateurs Still<br data-start=\"2291\" data-end=\"2294\" \/><strong data-start=\"2294\" data-end=\"2308\">Avantage :<\/strong> Haute pr\u00e9cision, performance fiable, longue dur\u00e9e de vie<\/p>\n<p data-start=\"2369\" data-end=\"2582\">\n","protected":false},"featured_media":13501,"template":"","meta":[],"product_brand":[],"product_cat":[241,469,524],"product_tag":[],"class_list":{"0":"post-13499","1":"product","2":"type-product","3":"status-publish","4":"has-post-thumbnail","6":"product_cat-still","7":"product_cat-elektrik-ve-sistem-parcalari","8":"product_cat-yedek-parca-still","10":"first","11":"instock","12":"taxable","13":"shipping-taxable","14":"purchasable","15":"product-type-simple"},"_links":{"self":[{"href":"https:\/\/ceoparts.com\/fr\/wp-json\/wp\/v2\/product\/13499","targetHints":{"allow":["GET"]}}],"collection":[{"href":"https:\/\/ceoparts.com\/fr\/wp-json\/wp\/v2\/product"}],"about":[{"href":"https:\/\/ceoparts.com\/fr\/wp-json\/wp\/v2\/types\/product"}],"wp:featuredmedia":[{"embeddable":true,"href":"https:\/\/ceoparts.com\/fr\/wp-json\/wp\/v2\/media\/13501"}],"wp:attachment":[{"href":"https:\/\/ceoparts.com\/fr\/wp-json\/wp\/v2\/media?parent=13499"}],"wp:term":[{"taxonomy":"product_brand","embeddable":true,"href":"https:\/\/ceoparts.com\/fr\/wp-json\/wp\/v2\/product_brand?post=13499"},{"taxonomy":"product_cat","embeddable":true,"href":"https:\/\/ceoparts.com\/fr\/wp-json\/wp\/v2\/product_cat?post=13499"},{"taxonomy":"product_tag","embeddable":true,"href":"https:\/\/ceoparts.com\/fr\/wp-json\/wp\/v2\/product_tag?post=13499"}],"curies":[{"name":"wp","href":"https:\/\/api.w.org\/{rel}","templated":true}]}}