{"id":13503,"date":"2025-01-21T09:48:46","date_gmt":"2025-01-21T06:48:46","guid":{"rendered":"https:\/\/ceoparts.com\/?post_type=product&#038;p=13503"},"modified":"2026-05-16T14:16:26","modified_gmt":"2026-05-16T11:16:26","slug":"bt-lpe-devir-sensoru-255119-14596942","status":"publish","type":"product","link":"https:\/\/ceoparts.com\/fr\/urun\/bt-lpe-devir-sensoru-255119-14596942\/","title":{"rendered":"Capteur de r\u00e9gime BT LPE &#8211; 255119, 14596942"},"content":{"rendered":"<p>Capteur de r\u00e9gime BT LPE &#8211; 255119, 14596942<\/p>","protected":false},"excerpt":{"rendered":"<p data-start=\"0\" data-end=\"188\"><br data-start=\"1869\" data-end=\"1872\" \/>Le capteur de r\u00e9gime BT LPE est un capteur \u00e9lectronique haute pr\u00e9cision qui mesure la vitesse de rotation des moteurs de chariots \u00e9l\u00e9vateurs. Il permet une gestion pr\u00e9cise et efficace des performances du moteur.<\/p>\n<p data-start=\"2085\" data-end=\"2390\"><strong data-start=\"2085\" data-end=\"2107\">Caract\u00e9ristiques :<\/strong><br data-start=\"2107\" data-end=\"2110\" \/><strong data-start=\"2110\" data-end=\"2130\">Nom du produit :<\/strong> Capteur de r\u00e9gime BT LPE<br data-start=\"2155\" data-end=\"2158\" \/><strong data-start=\"2158\" data-end=\"2174\">Code pi\u00e8ce :<\/strong> 255119, 14596942<br data-start=\"2191\" data-end=\"2194\" \/><strong data-start=\"2194\" data-end=\"2208\">Mat\u00e9riau :<\/strong> Composants \u00e9lectroniques durables<br data-start=\"2242\" data-end=\"2245\" \/><strong data-start=\"2245\" data-end=\"2272\">Domaine d\u2019utilisation :<\/strong> Syst\u00e8mes moteur des chariots \u00e9l\u00e9vateurs BT LPE<br data-start=\"2319\" data-end=\"2322\" \/><strong data-start=\"2322\" data-end=\"2336\">Avantage :<\/strong> Haute pr\u00e9cision, mesure fiable, longue dur\u00e9e de vie<\/p>\n<p data-start=\"2392\" data-end=\"2615\">\n","protected":false},"featured_media":13505,"template":"","meta":[],"product_brand":[],"product_cat":[251,469,518],"product_tag":[],"class_list":{"0":"post-13503","1":"product","2":"type-product","3":"status-publish","4":"has-post-thumbnail","6":"product_cat-bt","7":"product_cat-elektrik-ve-sistem-parcalari","8":"product_cat-yedek-parca-bt","10":"first","11":"instock","12":"taxable","13":"shipping-taxable","14":"purchasable","15":"product-type-simple"},"_links":{"self":[{"href":"https:\/\/ceoparts.com\/fr\/wp-json\/wp\/v2\/product\/13503","targetHints":{"allow":["GET"]}}],"collection":[{"href":"https:\/\/ceoparts.com\/fr\/wp-json\/wp\/v2\/product"}],"about":[{"href":"https:\/\/ceoparts.com\/fr\/wp-json\/wp\/v2\/types\/product"}],"wp:featuredmedia":[{"embeddable":true,"href":"https:\/\/ceoparts.com\/fr\/wp-json\/wp\/v2\/media\/13505"}],"wp:attachment":[{"href":"https:\/\/ceoparts.com\/fr\/wp-json\/wp\/v2\/media?parent=13503"}],"wp:term":[{"taxonomy":"product_brand","embeddable":true,"href":"https:\/\/ceoparts.com\/fr\/wp-json\/wp\/v2\/product_brand?post=13503"},{"taxonomy":"product_cat","embeddable":true,"href":"https:\/\/ceoparts.com\/fr\/wp-json\/wp\/v2\/product_cat?post=13503"},{"taxonomy":"product_tag","embeddable":true,"href":"https:\/\/ceoparts.com\/fr\/wp-json\/wp\/v2\/product_tag?post=13503"}],"curies":[{"name":"wp","href":"https:\/\/api.w.org\/{rel}","templated":true}]}}