{"id":13508,"date":"2025-01-21T09:54:47","date_gmt":"2025-01-21T06:54:47","guid":{"rendered":"https:\/\/ceoparts.com\/?post_type=product&#038;p=13508"},"modified":"2026-05-16T15:26:23","modified_gmt":"2026-05-16T12:26:23","slug":"toyota-joystick-574601132171-10692274","status":"publish","type":"product","link":"https:\/\/ceoparts.com\/fr\/urun\/toyota-joystick-574601132171-10692274\/","title":{"rendered":"Joystick Toyota &#8211; 574601132171, 10692274"},"content":{"rendered":"<p>Joystick Toyota &#8211; 574601132171, 10692274<\/p>","protected":false},"excerpt":{"rendered":"<article class=\"text-token-text-primary w-full\" dir=\"auto\" data-testid=\"conversation-turn-62\" data-scroll-anchor=\"true\">\n<div class=\"text-base my-auto mx-auto py-5 [--thread-content-margin:--spacing(4)] @[37rem]:[--thread-content-margin:--spacing(6)] @[72rem]:[--thread-content-margin:--spacing(16)] px-(--thread-content-margin)\">\n<div class=\"[--thread-content-max-width:32rem] @[34rem]:[--thread-content-max-width:40rem] @[64rem]:[--thread-content-max-width:48rem] mx-auto flex max-w-(--thread-content-max-width) flex-1 text-base gap-4 md:gap-5 lg:gap-6 group\/turn-messages focus-visible:outline-hidden\" tabindex=\"-1\">\n<div class=\"group\/conversation-turn relative flex w-full min-w-0 flex-col agent-turn\">\n<div class=\"relative flex-col gap-1 md:gap-3\">\n<div class=\"flex max-w-full flex-col grow\">\n<div class=\"min-h-8 text-message relative flex w-full flex-col items-end gap-2 text-start break-words whitespace-normal [.text-message+&amp;]:mt-5\" dir=\"auto\" data-message-author-role=\"assistant\" data-message-id=\"7621e98b-6c43-49a3-9930-f07f5206e332\" data-message-model-slug=\"gpt-4-1-mini\">\n<div class=\"flex w-full flex-col gap-1 empty:hidden first:pt-[3px]\">\n<div class=\"markdown prose dark:prose-invert w-full break-words light\">\n<p data-start=\"0\" data-end=\"189\"><br data-start=\"1863\" data-end=\"1866\" \/>Le joystick Toyota est un levier de commande durable con\u00e7u pour offrir aux op\u00e9rateurs de chariots \u00e9l\u00e9vateurs un contr\u00f4le facile et pr\u00e9cis. Son design ergonomique garantit un confort lors d\u2019une utilisation prolong\u00e9e.<\/p>\n<p data-start=\"2083\" data-end=\"2388\"><strong data-start=\"2083\" data-end=\"2105\">Caract\u00e9ristiques :<\/strong><br data-start=\"2105\" data-end=\"2108\" \/><strong data-start=\"2108\" data-end=\"2128\">Nom du produit :<\/strong> Joystick Toyota<br data-start=\"2144\" data-end=\"2147\" \/><strong data-start=\"2147\" data-end=\"2163\">Code pi\u00e8ce :<\/strong> 574601132171, 10692274<br data-start=\"2186\" data-end=\"2189\" \/><strong data-start=\"2189\" data-end=\"2203\">Mat\u00e9riau :<\/strong> Plastique durable et m\u00e9tal<br data-start=\"2230\" data-end=\"2233\" \/><strong data-start=\"2233\" data-end=\"2260\">Domaine d\u2019utilisation :<\/strong> Syst\u00e8mes de contr\u00f4le des chariots \u00e9l\u00e9vateurs Toyota<br data-start=\"2312\" data-end=\"2315\" \/><strong data-start=\"2315\" data-end=\"2329\">Avantage :<\/strong> Contr\u00f4le pr\u00e9cis, design ergonomique, longue dur\u00e9e de vie<\/p>\n<p data-start=\"2390\" data-end=\"2607\">\n","protected":false},"featured_media":13509,"template":"","meta":[],"product_brand":[],"product_cat":[471],"product_tag":[],"class_list":{"0":"post-13508","1":"product","2":"type-product","3":"status-publish","4":"has-post-thumbnail","6":"product_cat-joystick-pedal-yedek-parca","8":"first","9":"instock","10":"taxable","11":"shipping-taxable","12":"purchasable","13":"product-type-simple"},"_links":{"self":[{"href":"https:\/\/ceoparts.com\/fr\/wp-json\/wp\/v2\/product\/13508","targetHints":{"allow":["GET"]}}],"collection":[{"href":"https:\/\/ceoparts.com\/fr\/wp-json\/wp\/v2\/product"}],"about":[{"href":"https:\/\/ceoparts.com\/fr\/wp-json\/wp\/v2\/types\/product"}],"wp:featuredmedia":[{"embeddable":true,"href":"https:\/\/ceoparts.com\/fr\/wp-json\/wp\/v2\/media\/13509"}],"wp:attachment":[{"href":"https:\/\/ceoparts.com\/fr\/wp-json\/wp\/v2\/media?parent=13508"}],"wp:term":[{"taxonomy":"product_brand","embeddable":true,"href":"https:\/\/ceoparts.com\/fr\/wp-json\/wp\/v2\/product_brand?post=13508"},{"taxonomy":"product_cat","embeddable":true,"href":"https:\/\/ceoparts.com\/fr\/wp-json\/wp\/v2\/product_cat?post=13508"},{"taxonomy":"product_tag","embeddable":true,"href":"https:\/\/ceoparts.com\/fr\/wp-json\/wp\/v2\/product_tag?post=13508"}],"curies":[{"name":"wp","href":"https:\/\/api.w.org\/{rel}","templated":true}]}}