{"id":13512,"date":"2025-01-21T10:03:44","date_gmt":"2025-01-21T07:03:44","guid":{"rendered":"https:\/\/ceoparts.com\/?post_type=product&#038;p=13512"},"modified":"2026-05-16T11:45:18","modified_gmt":"2026-05-16T08:45:18","slug":"linde-devir-sensoru-16656177-0009785008","status":"publish","type":"product","link":"https:\/\/ceoparts.com\/fr\/urun\/linde-devir-sensoru-16656177-0009785008\/","title":{"rendered":"Capteur de r\u00e9gime Linde &#8211; 16656177, 0009785008"},"content":{"rendered":"<p>Capteur de r\u00e9gime Linde &#8211; 16656177, 0009785008<\/p>","protected":false},"excerpt":{"rendered":"<article class=\"text-token-text-primary w-full\" dir=\"auto\" data-testid=\"conversation-turn-60\" data-scroll-anchor=\"true\">\n<div class=\"text-base my-auto mx-auto py-5 [--thread-content-margin:--spacing(4)] @[37rem]:[--thread-content-margin:--spacing(6)] @[72rem]:[--thread-content-margin:--spacing(16)] px-(--thread-content-margin)\">\n<div class=\"[--thread-content-max-width:32rem] @[34rem]:[--thread-content-max-width:40rem] @[64rem]:[--thread-content-max-width:48rem] mx-auto flex max-w-(--thread-content-max-width) flex-1 text-base gap-4 md:gap-5 lg:gap-6 group\/turn-messages focus-visible:outline-hidden\" tabindex=\"-1\">\n<div class=\"group\/conversation-turn relative flex w-full min-w-0 flex-col agent-turn\">\n<div class=\"relative flex-col gap-1 md:gap-3\">\n<div class=\"flex max-w-full flex-col grow\">\n<div class=\"min-h-8 text-message relative flex w-full flex-col items-end gap-2 text-start break-words whitespace-normal [.text-message+&amp;]:mt-5\" dir=\"auto\" data-message-author-role=\"assistant\" data-message-id=\"835a3520-c837-457a-96d9-f55b7e71823e\" data-message-model-slug=\"gpt-4-1-mini\">\n<div class=\"flex w-full flex-col gap-1 empty:hidden first:pt-[3px]\">\n<div class=\"markdown prose dark:prose-invert w-full break-words light\">\n<p data-start=\"0\" data-end=\"159\"><br data-start=\"1767\" data-end=\"1770\" \/>Le capteur de r\u00e9gime Linde est une pi\u00e8ce \u00e9lectronique qui mesure pr\u00e9cis\u00e9ment la vitesse de rotation des moteurs de chariots \u00e9l\u00e9vateurs. Il fournit des donn\u00e9es pour optimiser les performances du moteur.<\/p>\n<p data-start=\"1973\" data-end=\"2280\"><strong data-start=\"1973\" data-end=\"1995\">Caract\u00e9ristiques :<\/strong><br data-start=\"1995\" data-end=\"1998\" \/><strong data-start=\"1998\" data-end=\"2018\">Nom du produit :<\/strong> Capteur de r\u00e9gime Linde<br data-start=\"2042\" data-end=\"2045\" \/><strong data-start=\"2045\" data-end=\"2061\">Code pi\u00e8ce :<\/strong> 16656177, 0009785008<br data-start=\"2082\" data-end=\"2085\" \/><strong data-start=\"2085\" data-end=\"2099\">Mat\u00e9riau :<\/strong> Composants \u00e9lectroniques durables<br data-start=\"2133\" data-end=\"2136\" \/><strong data-start=\"2136\" data-end=\"2163\">Domaine d\u2019utilisation :<\/strong> Syst\u00e8mes moteur des chariots \u00e9l\u00e9vateurs Linde<br data-start=\"2209\" data-end=\"2212\" \/><strong data-start=\"2212\" data-end=\"2226\">Avantage :<\/strong> Haute pr\u00e9cision, mesure fiable, longue dur\u00e9e de vie<\/p>\n<p data-start=\"2282\" data-end=\"2486\">\n","protected":false},"featured_media":13515,"template":"","meta":[],"product_brand":[],"product_cat":[246,469,523],"product_tag":[],"class_list":{"0":"post-13512","1":"product","2":"type-product","3":"status-publish","4":"has-post-thumbnail","6":"product_cat-linde","7":"product_cat-elektrik-ve-sistem-parcalari","8":"product_cat-yedek-parca-linde","10":"first","11":"instock","12":"taxable","13":"shipping-taxable","14":"purchasable","15":"product-type-simple"},"_links":{"self":[{"href":"https:\/\/ceoparts.com\/fr\/wp-json\/wp\/v2\/product\/13512","targetHints":{"allow":["GET"]}}],"collection":[{"href":"https:\/\/ceoparts.com\/fr\/wp-json\/wp\/v2\/product"}],"about":[{"href":"https:\/\/ceoparts.com\/fr\/wp-json\/wp\/v2\/types\/product"}],"wp:featuredmedia":[{"embeddable":true,"href":"https:\/\/ceoparts.com\/fr\/wp-json\/wp\/v2\/media\/13515"}],"wp:attachment":[{"href":"https:\/\/ceoparts.com\/fr\/wp-json\/wp\/v2\/media?parent=13512"}],"wp:term":[{"taxonomy":"product_brand","embeddable":true,"href":"https:\/\/ceoparts.com\/fr\/wp-json\/wp\/v2\/product_brand?post=13512"},{"taxonomy":"product_cat","embeddable":true,"href":"https:\/\/ceoparts.com\/fr\/wp-json\/wp\/v2\/product_cat?post=13512"},{"taxonomy":"product_tag","embeddable":true,"href":"https:\/\/ceoparts.com\/fr\/wp-json\/wp\/v2\/product_tag?post=13512"}],"curies":[{"name":"wp","href":"https:\/\/api.w.org\/{rel}","templated":true}]}}