{"id":13518,"date":"2025-01-21T11:36:04","date_gmt":"2025-01-21T08:36:04","guid":{"rendered":"https:\/\/ceoparts.com\/?post_type=product&#038;p=13518"},"modified":"2026-05-16T15:08:22","modified_gmt":"2026-05-16T12:08:22","slug":"still-ecu-devir-sensoru-11397163-7917415417","status":"publish","type":"product","link":"https:\/\/ceoparts.com\/fr\/urun\/still-ecu-devir-sensoru-11397163-7917415417\/","title":{"rendered":"Capteur de r\u00e9gime Still ECU &#8211; 11397163, 7917415417"},"content":{"rendered":"<p>Capteur de r\u00e9gime Still ECU &#8211; 11397163, 7917415417<\/p>","protected":false},"excerpt":{"rendered":"<p data-start=\"0\" data-end=\"202\"><br data-start=\"1963\" data-end=\"1966\" \/>Le capteur de r\u00e9gime Still ECU est un capteur de haute qualit\u00e9 qui mesure la vitesse du moteur des chariots \u00e9l\u00e9vateurs et transmet des donn\u00e9es pr\u00e9cises \u00e0 l\u2019unit\u00e9 de contr\u00f4le \u00e9lectronique. Il contribue \u00e0 optimiser les performances du moteur.<\/p>\n<p data-start=\"2208\" data-end=\"2524\"><strong data-start=\"2208\" data-end=\"2230\">Caract\u00e9ristiques :<\/strong><br data-start=\"2230\" data-end=\"2233\" \/><strong data-start=\"2233\" data-end=\"2253\">Nom du produit :<\/strong> Capteur de r\u00e9gime Still ECU<br data-start=\"2281\" data-end=\"2284\" \/><strong data-start=\"2284\" data-end=\"2300\">Code pi\u00e8ce :<\/strong> 11397163, 7917415417<br data-start=\"2321\" data-end=\"2324\" \/><strong data-start=\"2324\" data-end=\"2338\">Mat\u00e9riau :<\/strong> Composants \u00e9lectroniques durables<br data-start=\"2372\" data-end=\"2375\" \/><strong data-start=\"2375\" data-end=\"2402\">Domaine d\u2019utilisation :<\/strong> Syst\u00e8mes moteur des chariots \u00e9l\u00e9vateurs Still<br data-start=\"2448\" data-end=\"2451\" \/><strong data-start=\"2451\" data-end=\"2465\">Avantage :<\/strong> Haute pr\u00e9cision, performance fiable, longue dur\u00e9e de vie<\/p>\n<p data-start=\"2526\" data-end=\"2759\">\n","protected":false},"featured_media":13522,"template":"","meta":[],"product_brand":[],"product_cat":[241,469,524],"product_tag":[],"class_list":{"0":"post-13518","1":"product","2":"type-product","3":"status-publish","4":"has-post-thumbnail","6":"product_cat-still","7":"product_cat-elektrik-ve-sistem-parcalari","8":"product_cat-yedek-parca-still","10":"first","11":"instock","12":"taxable","13":"shipping-taxable","14":"purchasable","15":"product-type-simple"},"_links":{"self":[{"href":"https:\/\/ceoparts.com\/fr\/wp-json\/wp\/v2\/product\/13518","targetHints":{"allow":["GET"]}}],"collection":[{"href":"https:\/\/ceoparts.com\/fr\/wp-json\/wp\/v2\/product"}],"about":[{"href":"https:\/\/ceoparts.com\/fr\/wp-json\/wp\/v2\/types\/product"}],"wp:featuredmedia":[{"embeddable":true,"href":"https:\/\/ceoparts.com\/fr\/wp-json\/wp\/v2\/media\/13522"}],"wp:attachment":[{"href":"https:\/\/ceoparts.com\/fr\/wp-json\/wp\/v2\/media?parent=13518"}],"wp:term":[{"taxonomy":"product_brand","embeddable":true,"href":"https:\/\/ceoparts.com\/fr\/wp-json\/wp\/v2\/product_brand?post=13518"},{"taxonomy":"product_cat","embeddable":true,"href":"https:\/\/ceoparts.com\/fr\/wp-json\/wp\/v2\/product_cat?post=13518"},{"taxonomy":"product_tag","embeddable":true,"href":"https:\/\/ceoparts.com\/fr\/wp-json\/wp\/v2\/product_tag?post=13518"}],"curies":[{"name":"wp","href":"https:\/\/api.w.org\/{rel}","templated":true}]}}