{"id":13527,"date":"2025-01-21T12:02:48","date_gmt":"2025-01-21T09:02:48","guid":{"rendered":"https:\/\/ceoparts.com\/?post_type=product&#038;p=13527"},"modified":"2026-05-16T20:15:40","modified_gmt":"2026-05-16T17:15:40","slug":"still-rx20-direksiyon-sensoru-10464331-0702667","status":"publish","type":"product","link":"https:\/\/ceoparts.com\/fr\/urun\/still-rx20-direksiyon-sensoru-10464331-0702667\/","title":{"rendered":"Capteur de direction Still RX20 &#8211; 10464331, 0702667"},"content":{"rendered":"<p>Capteur de direction Still RX20 &#8211; 10464331, 0702667<\/p>","protected":false},"excerpt":{"rendered":"<p data-start=\"0\" data-end=\"212\"><br data-start=\"2050\" data-end=\"2053\" \/>Le capteur de direction Still RX20 est un capteur pr\u00e9cis utilis\u00e9 dans les syst\u00e8mes de direction des chariots \u00e9l\u00e9vateurs. Il assure un contr\u00f4le pr\u00e9cis et fiable du v\u00e9hicule en d\u00e9tectant \u00e9lectroniquement les mouvements de direction.<\/p>\n<p data-start=\"2285\" data-end=\"2613\"><strong data-start=\"2285\" data-end=\"2307\">Caract\u00e9ristiques :<\/strong><br data-start=\"2307\" data-end=\"2310\" \/><strong data-start=\"2310\" data-end=\"2330\">Nom du produit :<\/strong> Capteur de direction Still RX20<br data-start=\"2362\" data-end=\"2365\" \/><strong data-start=\"2365\" data-end=\"2381\">Code pi\u00e8ce :<\/strong> 10464331, 0702667<br data-start=\"2399\" data-end=\"2402\" \/><strong data-start=\"2402\" data-end=\"2416\">Mat\u00e9riau :<\/strong> Composants \u00e9lectroniques durables<br data-start=\"2450\" data-end=\"2453\" \/><strong data-start=\"2453\" data-end=\"2480\">Domaine d\u2019utilisation :<\/strong> Syst\u00e8mes de direction des chariots \u00e9l\u00e9vateurs Still RX20<br data-start=\"2537\" data-end=\"2540\" \/><strong data-start=\"2540\" data-end=\"2554\">Avantage :<\/strong> Haute pr\u00e9cision, performance fiable, longue dur\u00e9e de vie<\/p>\n<p data-start=\"2615\" data-end=\"2843\">\n","protected":false},"featured_media":13529,"template":"","meta":[],"product_brand":[],"product_cat":[241,469,524],"product_tag":[],"class_list":{"0":"post-13527","1":"product","2":"type-product","3":"status-publish","4":"has-post-thumbnail","6":"product_cat-still","7":"product_cat-elektrik-ve-sistem-parcalari","8":"product_cat-yedek-parca-still","10":"first","11":"instock","12":"taxable","13":"shipping-taxable","14":"purchasable","15":"product-type-simple"},"_links":{"self":[{"href":"https:\/\/ceoparts.com\/fr\/wp-json\/wp\/v2\/product\/13527","targetHints":{"allow":["GET"]}}],"collection":[{"href":"https:\/\/ceoparts.com\/fr\/wp-json\/wp\/v2\/product"}],"about":[{"href":"https:\/\/ceoparts.com\/fr\/wp-json\/wp\/v2\/types\/product"}],"wp:featuredmedia":[{"embeddable":true,"href":"https:\/\/ceoparts.com\/fr\/wp-json\/wp\/v2\/media\/13529"}],"wp:attachment":[{"href":"https:\/\/ceoparts.com\/fr\/wp-json\/wp\/v2\/media?parent=13527"}],"wp:term":[{"taxonomy":"product_brand","embeddable":true,"href":"https:\/\/ceoparts.com\/fr\/wp-json\/wp\/v2\/product_brand?post=13527"},{"taxonomy":"product_cat","embeddable":true,"href":"https:\/\/ceoparts.com\/fr\/wp-json\/wp\/v2\/product_cat?post=13527"},{"taxonomy":"product_tag","embeddable":true,"href":"https:\/\/ceoparts.com\/fr\/wp-json\/wp\/v2\/product_tag?post=13527"}],"curies":[{"name":"wp","href":"https:\/\/api.w.org\/{rel}","templated":true}]}}