{"id":13538,"date":"2025-01-21T15:37:20","date_gmt":"2025-01-21T12:37:20","guid":{"rendered":"https:\/\/ceoparts.com\/?post_type=product&#038;p=13538"},"modified":"2026-05-16T15:28:36","modified_gmt":"2026-05-16T12:28:36","slug":"still-linde-gaz-pedali-037850","status":"publish","type":"product","link":"https:\/\/ceoparts.com\/fr\/urun\/still-linde-gaz-pedali-037850\/","title":{"rendered":"P\u00e9dale d&#8217;acc\u00e9l\u00e9rateur Still \/ Linde &#8211; 037850"},"content":{"rendered":"<p>P\u00e9dale d&#8217;acc\u00e9l\u00e9rateur Still \/ Linde &#8211; 037850<\/p>","protected":false},"excerpt":{"rendered":"<p data-start=\"0\" data-end=\"207\"><br data-start=\"2008\" data-end=\"2011\" \/>La p\u00e9dale d\u2019acc\u00e9l\u00e9rateur Still \/ Linde est une pi\u00e8ce durable et pr\u00e9cise utilis\u00e9e dans les syst\u00e8mes de contr\u00f4le des gaz des chariots \u00e9l\u00e9vateurs. Elle permet \u00e0 l\u2019op\u00e9rateur de contr\u00f4ler la vitesse du moteur, optimisant les performances et l\u2019efficacit\u00e9 \u00e9nerg\u00e9tique.<\/p>\n<p data-start=\"2274\" data-end=\"2601\"><strong data-start=\"2274\" data-end=\"2296\">Caract\u00e9ristiques :<\/strong><br data-start=\"2296\" data-end=\"2299\" \/><strong data-start=\"2299\" data-end=\"2319\">Nom du produit :<\/strong> P\u00e9dale d\u2019acc\u00e9l\u00e9rateur Still \/ Linde<br data-start=\"2355\" data-end=\"2358\" \/><strong data-start=\"2358\" data-end=\"2374\">Code pi\u00e8ce :<\/strong> 037850<br data-start=\"2381\" data-end=\"2384\" \/><strong data-start=\"2384\" data-end=\"2398\">Mat\u00e9riau :<\/strong> Plastique durable et m\u00e9tal<br data-start=\"2425\" data-end=\"2428\" \/><strong data-start=\"2428\" data-end=\"2455\">Domaine d\u2019utilisation :<\/strong> Syst\u00e8mes de contr\u00f4le des gaz des chariots \u00e9l\u00e9vateurs Still et Linde<br data-start=\"2523\" data-end=\"2526\" \/><strong data-start=\"2526\" data-end=\"2540\">Avantage :<\/strong> Contr\u00f4le pr\u00e9cis, construction durable, installation facile<\/p>\n<p data-start=\"2603\" data-end=\"2872\">\n","protected":false},"featured_media":13539,"template":"","meta":[],"product_brand":[],"product_cat":[524,241,246,471,523],"product_tag":[],"class_list":{"0":"post-13538","1":"product","2":"type-product","3":"status-publish","4":"has-post-thumbnail","6":"product_cat-yedek-parca-still","7":"product_cat-still","8":"product_cat-linde","9":"product_cat-joystick-pedal-yedek-parca","10":"product_cat-yedek-parca-linde","12":"first","13":"instock","14":"taxable","15":"shipping-taxable","16":"purchasable","17":"product-type-simple"},"_links":{"self":[{"href":"https:\/\/ceoparts.com\/fr\/wp-json\/wp\/v2\/product\/13538","targetHints":{"allow":["GET"]}}],"collection":[{"href":"https:\/\/ceoparts.com\/fr\/wp-json\/wp\/v2\/product"}],"about":[{"href":"https:\/\/ceoparts.com\/fr\/wp-json\/wp\/v2\/types\/product"}],"wp:featuredmedia":[{"embeddable":true,"href":"https:\/\/ceoparts.com\/fr\/wp-json\/wp\/v2\/media\/13539"}],"wp:attachment":[{"href":"https:\/\/ceoparts.com\/fr\/wp-json\/wp\/v2\/media?parent=13538"}],"wp:term":[{"taxonomy":"product_brand","embeddable":true,"href":"https:\/\/ceoparts.com\/fr\/wp-json\/wp\/v2\/product_brand?post=13538"},{"taxonomy":"product_cat","embeddable":true,"href":"https:\/\/ceoparts.com\/fr\/wp-json\/wp\/v2\/product_cat?post=13538"},{"taxonomy":"product_tag","embeddable":true,"href":"https:\/\/ceoparts.com\/fr\/wp-json\/wp\/v2\/product_tag?post=13538"}],"curies":[{"name":"wp","href":"https:\/\/api.w.org\/{rel}","templated":true}]}}