{"id":13542,"date":"2025-01-21T15:48:49","date_gmt":"2025-01-21T12:48:49","guid":{"rendered":"https:\/\/ceoparts.com\/?post_type=product&#038;p=13542"},"modified":"2026-05-16T16:34:05","modified_gmt":"2026-05-16T13:34:05","slug":"bt-lwe-gaz-kelebegi-169911","status":"publish","type":"product","link":"https:\/\/ceoparts.com\/fr\/urun\/bt-lwe-gaz-kelebegi-169911\/","title":{"rendered":"Corps de papillon BT LWE &#8211; 169911"},"content":{"rendered":"<p>Corps de papillon BT LWE &#8211; 169911<\/p>","protected":false},"excerpt":{"rendered":"<p data-start=\"0\" data-end=\"194\"><br data-start=\"1829\" data-end=\"1832\" \/>Le papillon des gaz LWE BT est une pi\u00e8ce durable et pr\u00e9cise utilis\u00e9e dans les syst\u00e8mes de contr\u00f4le des gaz des chariots \u00e9l\u00e9vateurs. Il permet \u00e0 l\u2019op\u00e9rateur de r\u00e9gler correctement l\u2019acc\u00e9l\u00e9rateur, optimisant ainsi les performances du moteur.<\/p>\n<p data-start=\"2073\" data-end=\"2376\"><strong data-start=\"2073\" data-end=\"2095\">Caract\u00e9ristiques :<\/strong><br data-start=\"2095\" data-end=\"2098\" \/><strong data-start=\"2098\" data-end=\"2118\">Nom du produit :<\/strong> Papillon des gaz LWE BT<br data-start=\"2142\" data-end=\"2145\" \/><strong data-start=\"2145\" data-end=\"2161\">Code pi\u00e8ce :<\/strong> 169911<br data-start=\"2168\" data-end=\"2171\" \/><strong data-start=\"2171\" data-end=\"2185\">Mat\u00e9riau :<\/strong> Plastique durable et m\u00e9tal<br data-start=\"2212\" data-end=\"2215\" \/><strong data-start=\"2215\" data-end=\"2242\">Domaine d\u2019utilisation :<\/strong> Syst\u00e8mes de contr\u00f4le des gaz des chariots \u00e9l\u00e9vateurs BT<br data-start=\"2298\" data-end=\"2301\" \/><strong data-start=\"2301\" data-end=\"2315\">Avantage :<\/strong> Contr\u00f4le pr\u00e9cis, construction durable, installation facile<\/p>\n<p data-start=\"2378\" data-end=\"2612\">\n","protected":false},"featured_media":13544,"template":"","meta":[],"product_brand":[],"product_cat":[251,450,518],"product_tag":[],"class_list":{"0":"post-13542","1":"product","2":"type-product","3":"status-publish","4":"has-post-thumbnail","6":"product_cat-bt","7":"product_cat-direksiyon-sistemleri","8":"product_cat-yedek-parca-bt","10":"first","11":"instock","12":"taxable","13":"shipping-taxable","14":"purchasable","15":"product-type-simple"},"_links":{"self":[{"href":"https:\/\/ceoparts.com\/fr\/wp-json\/wp\/v2\/product\/13542","targetHints":{"allow":["GET"]}}],"collection":[{"href":"https:\/\/ceoparts.com\/fr\/wp-json\/wp\/v2\/product"}],"about":[{"href":"https:\/\/ceoparts.com\/fr\/wp-json\/wp\/v2\/types\/product"}],"wp:featuredmedia":[{"embeddable":true,"href":"https:\/\/ceoparts.com\/fr\/wp-json\/wp\/v2\/media\/13544"}],"wp:attachment":[{"href":"https:\/\/ceoparts.com\/fr\/wp-json\/wp\/v2\/media?parent=13542"}],"wp:term":[{"taxonomy":"product_brand","embeddable":true,"href":"https:\/\/ceoparts.com\/fr\/wp-json\/wp\/v2\/product_brand?post=13542"},{"taxonomy":"product_cat","embeddable":true,"href":"https:\/\/ceoparts.com\/fr\/wp-json\/wp\/v2\/product_cat?post=13542"},{"taxonomy":"product_tag","embeddable":true,"href":"https:\/\/ceoparts.com\/fr\/wp-json\/wp\/v2\/product_tag?post=13542"}],"curies":[{"name":"wp","href":"https:\/\/api.w.org\/{rel}","templated":true}]}}