{"id":13545,"date":"2025-01-21T15:52:05","date_gmt":"2025-01-21T12:52:05","guid":{"rendered":"https:\/\/ceoparts.com\/?post_type=product&#038;p=13545"},"modified":"2026-05-16T15:28:42","modified_gmt":"2026-05-16T12:28:42","slug":"kontak-anahtari-seti-801-5455576","status":"publish","type":"product","link":"https:\/\/ceoparts.com\/fr\/urun\/kontak-anahtari-seti-801-5455576\/","title":{"rendered":"Jeu de commutateur d&#8217;allumage 801 &#8211; 5455576"},"content":{"rendered":"<p>Jeu de commutateur d&#8217;allumage 801 &#8211; 5455576<\/p>","protected":false},"excerpt":{"rendered":"<p data-start=\"0\" data-end=\"181\"><br data-start=\"1824\" data-end=\"1827\" \/>Le kit de contacteur d\u2019allumage 801 est un commutateur durable et fiable con\u00e7u pour les syst\u00e8mes \u00e9lectriques de chariots \u00e9l\u00e9vateurs. Son installation facile garantit un fonctionnement s\u00fbr et fluide de votre machine.<\/p>\n<p data-start=\"2044\" data-end=\"2352\"><strong data-start=\"2044\" data-end=\"2066\">Caract\u00e9ristiques :<\/strong><br data-start=\"2066\" data-end=\"2069\" \/><strong data-start=\"2069\" data-end=\"2089\">Nom du produit :<\/strong> Kit de contacteur d\u2019allumage 801<br data-start=\"2122\" data-end=\"2125\" \/><strong data-start=\"2125\" data-end=\"2141\">Code pi\u00e8ce :<\/strong> 5455576<br data-start=\"2149\" data-end=\"2152\" \/><strong data-start=\"2152\" data-end=\"2166\">Mat\u00e9riau :<\/strong> Plastique durable et m\u00e9tal<br data-start=\"2193\" data-end=\"2196\" \/><strong data-start=\"2196\" data-end=\"2223\">Domaine d\u2019utilisation :<\/strong> Syst\u00e8mes \u00e9lectriques de chariots \u00e9l\u00e9vateurs<br data-start=\"2267\" data-end=\"2270\" \/><strong data-start=\"2270\" data-end=\"2284\">Avantage :<\/strong> Installation facile, longue dur\u00e9e d\u2019utilisation, connexion fiable<\/p>\n<p data-start=\"2354\" data-end=\"2591\">\n","protected":false},"featured_media":13547,"template":"","meta":[],"product_brand":[],"product_cat":[469],"product_tag":[],"class_list":{"0":"post-13545","1":"product","2":"type-product","3":"status-publish","4":"has-post-thumbnail","6":"product_cat-elektrik-ve-sistem-parcalari","8":"first","9":"instock","10":"taxable","11":"shipping-taxable","12":"purchasable","13":"product-type-simple"},"_links":{"self":[{"href":"https:\/\/ceoparts.com\/fr\/wp-json\/wp\/v2\/product\/13545","targetHints":{"allow":["GET"]}}],"collection":[{"href":"https:\/\/ceoparts.com\/fr\/wp-json\/wp\/v2\/product"}],"about":[{"href":"https:\/\/ceoparts.com\/fr\/wp-json\/wp\/v2\/types\/product"}],"wp:featuredmedia":[{"embeddable":true,"href":"https:\/\/ceoparts.com\/fr\/wp-json\/wp\/v2\/media\/13547"}],"wp:attachment":[{"href":"https:\/\/ceoparts.com\/fr\/wp-json\/wp\/v2\/media?parent=13545"}],"wp:term":[{"taxonomy":"product_brand","embeddable":true,"href":"https:\/\/ceoparts.com\/fr\/wp-json\/wp\/v2\/product_brand?post=13545"},{"taxonomy":"product_cat","embeddable":true,"href":"https:\/\/ceoparts.com\/fr\/wp-json\/wp\/v2\/product_cat?post=13545"},{"taxonomy":"product_tag","embeddable":true,"href":"https:\/\/ceoparts.com\/fr\/wp-json\/wp\/v2\/product_tag?post=13545"}],"curies":[{"name":"wp","href":"https:\/\/api.w.org\/{rel}","templated":true}]}}