{"id":13549,"date":"2025-01-21T15:53:12","date_gmt":"2025-01-21T12:53:12","guid":{"rendered":"https:\/\/ceoparts.com\/?post_type=product&#038;p=13549"},"modified":"2026-05-16T15:27:30","modified_gmt":"2026-05-16T12:27:30","slug":"kontak-anahtari-seti-802-111tr37","status":"publish","type":"product","link":"https:\/\/ceoparts.com\/fr\/urun\/kontak-anahtari-seti-802-111tr37\/","title":{"rendered":"Jeu de commutateur d&#8217;allumage 802 &#8211; 7915492618"},"content":{"rendered":"<p>Jeu de commutateur d&#8217;allumage 802 &#8211; 7915492618<\/p>\n<p>Linde 7915492618 2 kluczyki \/ 2 keys<\/p>\n<p>Family Model<br \/>\n1151 T16\/T16P\/T20\/T20P<br \/>\n1152 T16\/T18\/T20\/T16L<br \/>\n1158 T30\/T30AP<br \/>\n1158 T20AP-04\/T20SP<br \/>\n1169 L10\/L12\/L14C<br \/>\n1170 L06\/10\/12\/16AC<br \/>\n1172 L10\/L12\/L12i<br \/>\n131 T20AP\/T20SP<br \/>\n131 T30<br \/>\n131 L14\/16AS<br \/>\n131 P50<br \/>\n133 L12\/L14-L12L\/L14L-L12LHP<br \/>\n141 P30\/50<br \/>\n141 T20AP<br \/>\n141 T20\/30<br \/>\n141 L12L\/L12LP<br \/>\n141 L16AS<br \/>\n336-31 E25\/30 Ex S &#8211; Zone 2, 22 (3G, 3D) with gas safety system<br \/>\n360 T16\/T18\/T20\/T16L<br \/>\n360 T16\/T18\/T20\/T16L<br \/>\n372 L14\/16<br \/>\n372 L14\/16<br \/>\n372 L14\/16\/L14AP\/16AP<br \/>\n372 L14\/16\/L14AP\/<\/p>","protected":false},"excerpt":{"rendered":"<p data-start=\"0\" data-end=\"193\"><br data-start=\"1848\" data-end=\"1851\" \/>Le kit de contacteur d\u2019allumage 802 est un commutateur durable et fiable con\u00e7u pour les syst\u00e8mes \u00e9lectriques de chariots \u00e9l\u00e9vateurs. Son installation facile garantit un fonctionnement s\u00fbr et fluide de votre machine.<\/p>\n<p data-start=\"2068\" data-end=\"2379\"><strong data-start=\"2068\" data-end=\"2090\">Caract\u00e9ristiques :<\/strong><br data-start=\"2090\" data-end=\"2093\" \/><strong data-start=\"2093\" data-end=\"2113\">Nom du produit :<\/strong> Kit de contacteur d\u2019allumage 802<br data-start=\"2146\" data-end=\"2149\" \/><strong data-start=\"2149\" data-end=\"2165\">Code pi\u00e8ce :<\/strong> 7915492618<br data-start=\"2176\" data-end=\"2179\" \/><strong data-start=\"2179\" data-end=\"2193\">Mat\u00e9riau :<\/strong> Plastique durable et m\u00e9tal<br data-start=\"2220\" data-end=\"2223\" \/><strong data-start=\"2223\" data-end=\"2250\">Domaine d\u2019utilisation :<\/strong> Syst\u00e8mes \u00e9lectriques de chariots \u00e9l\u00e9vateurs<br data-start=\"2294\" data-end=\"2297\" \/><strong data-start=\"2297\" data-end=\"2311\">Avantage :<\/strong> Installation facile, longue dur\u00e9e d\u2019utilisation, connexion fiable<\/p>\n<p data-start=\"2381\" data-end=\"2618\">\n","protected":false},"featured_media":13547,"template":"","meta":[],"product_brand":[],"product_cat":[469],"product_tag":[],"class_list":{"0":"post-13549","1":"product","2":"type-product","3":"status-publish","4":"has-post-thumbnail","6":"product_cat-elektrik-ve-sistem-parcalari","8":"first","9":"instock","10":"taxable","11":"shipping-taxable","12":"purchasable","13":"product-type-simple"},"_links":{"self":[{"href":"https:\/\/ceoparts.com\/fr\/wp-json\/wp\/v2\/product\/13549","targetHints":{"allow":["GET"]}}],"collection":[{"href":"https:\/\/ceoparts.com\/fr\/wp-json\/wp\/v2\/product"}],"about":[{"href":"https:\/\/ceoparts.com\/fr\/wp-json\/wp\/v2\/types\/product"}],"wp:featuredmedia":[{"embeddable":true,"href":"https:\/\/ceoparts.com\/fr\/wp-json\/wp\/v2\/media\/13547"}],"wp:attachment":[{"href":"https:\/\/ceoparts.com\/fr\/wp-json\/wp\/v2\/media?parent=13549"}],"wp:term":[{"taxonomy":"product_brand","embeddable":true,"href":"https:\/\/ceoparts.com\/fr\/wp-json\/wp\/v2\/product_brand?post=13549"},{"taxonomy":"product_cat","embeddable":true,"href":"https:\/\/ceoparts.com\/fr\/wp-json\/wp\/v2\/product_cat?post=13549"},{"taxonomy":"product_tag","embeddable":true,"href":"https:\/\/ceoparts.com\/fr\/wp-json\/wp\/v2\/product_tag?post=13549"}],"curies":[{"name":"wp","href":"https:\/\/api.w.org\/{rel}","templated":true}]}}