{"id":13554,"date":"2025-01-21T15:57:42","date_gmt":"2025-01-21T12:57:42","guid":{"rendered":"https:\/\/ceoparts.com\/?post_type=product&#038;p=13554"},"modified":"2026-05-16T15:34:28","modified_gmt":"2026-05-16T12:34:28","slug":"kontak-anahtari-seti-702-28526100","status":"publish","type":"product","link":"https:\/\/ceoparts.com\/fr\/urun\/kontak-anahtari-seti-702-28526100\/","title":{"rendered":"Jeu de commutateur d&#8217;allumage 702 &#8211; 28526100"},"content":{"rendered":"<p>Jeu de commutateur d&#8217;allumage 702 &#8211; 28526100<\/p>","protected":false},"excerpt":{"rendered":"<p data-start=\"0\" data-end=\"199\"><br data-start=\"1846\" data-end=\"1849\" \/>Le kit de contacteur d\u2019allumage 702 est un commutateur durable et fiable con\u00e7u pour les syst\u00e8mes \u00e9lectriques de chariots \u00e9l\u00e9vateurs. Son installation facile garantit un fonctionnement s\u00fbr et fluide de votre machine.<\/p>\n<p data-start=\"2066\" data-end=\"2375\"><strong data-start=\"2066\" data-end=\"2088\">Caract\u00e9ristiques :<\/strong><br data-start=\"2088\" data-end=\"2091\" \/><strong data-start=\"2091\" data-end=\"2111\">Nom du produit :<\/strong> Kit de contacteur d\u2019allumage 702<br data-start=\"2144\" data-end=\"2147\" \/><strong data-start=\"2147\" data-end=\"2163\">Code pi\u00e8ce :<\/strong> 28526100<br data-start=\"2172\" data-end=\"2175\" \/><strong data-start=\"2175\" data-end=\"2189\">Mat\u00e9riau :<\/strong> Plastique durable et m\u00e9tal<br data-start=\"2216\" data-end=\"2219\" \/><strong data-start=\"2219\" data-end=\"2246\">Domaine d\u2019utilisation :<\/strong> Syst\u00e8mes \u00e9lectriques de chariots \u00e9l\u00e9vateurs<br data-start=\"2290\" data-end=\"2293\" \/><strong data-start=\"2293\" data-end=\"2307\">Avantage :<\/strong> Installation facile, longue dur\u00e9e d\u2019utilisation, connexion fiable<\/p>\n<p data-start=\"2377\" data-end=\"2614\">\n","protected":false},"featured_media":13552,"template":"","meta":[],"product_brand":[],"product_cat":[469],"product_tag":[],"class_list":{"0":"post-13554","1":"product","2":"type-product","3":"status-publish","4":"has-post-thumbnail","6":"product_cat-elektrik-ve-sistem-parcalari","8":"first","9":"instock","10":"taxable","11":"shipping-taxable","12":"purchasable","13":"product-type-simple"},"_links":{"self":[{"href":"https:\/\/ceoparts.com\/fr\/wp-json\/wp\/v2\/product\/13554","targetHints":{"allow":["GET"]}}],"collection":[{"href":"https:\/\/ceoparts.com\/fr\/wp-json\/wp\/v2\/product"}],"about":[{"href":"https:\/\/ceoparts.com\/fr\/wp-json\/wp\/v2\/types\/product"}],"wp:featuredmedia":[{"embeddable":true,"href":"https:\/\/ceoparts.com\/fr\/wp-json\/wp\/v2\/media\/13552"}],"wp:attachment":[{"href":"https:\/\/ceoparts.com\/fr\/wp-json\/wp\/v2\/media?parent=13554"}],"wp:term":[{"taxonomy":"product_brand","embeddable":true,"href":"https:\/\/ceoparts.com\/fr\/wp-json\/wp\/v2\/product_brand?post=13554"},{"taxonomy":"product_cat","embeddable":true,"href":"https:\/\/ceoparts.com\/fr\/wp-json\/wp\/v2\/product_cat?post=13554"},{"taxonomy":"product_tag","embeddable":true,"href":"https:\/\/ceoparts.com\/fr\/wp-json\/wp\/v2\/product_tag?post=13554"}],"curies":[{"name":"wp","href":"https:\/\/api.w.org\/{rel}","templated":true}]}}