{"id":13555,"date":"2025-01-21T16:23:01","date_gmt":"2025-01-21T13:23:01","guid":{"rendered":"https:\/\/ceoparts.com\/?post_type=product&#038;p=13555"},"modified":"2026-05-16T14:34:14","modified_gmt":"2026-05-16T11:34:14","slug":"kontak-anahtari-seti-530-107ta1616","status":"publish","type":"product","link":"https:\/\/ceoparts.com\/fr\/urun\/kontak-anahtari-seti-530-107ta1616\/","title":{"rendered":"Jeu de commutateur d&#8217;allumage 530 &#8211; 107TA1616"},"content":{"rendered":"<p>Jeu de commutateur d&#8217;allumage 530 &#8211; 107TA1616<\/p>","protected":false},"excerpt":{"rendered":"<p data-start=\"78\" data-end=\"294\"><br data-start=\"2126\" data-end=\"2129\" \/>Le kit de contacteur d\u2019allumage 530 est un ensemble de commutateurs \u00e9lectriques durable et fiable con\u00e7u pour les chariots \u00e9l\u00e9vateurs. Il assure un fonctionnement fluide dans le syst\u00e8me \u00e9lectrique de votre machine et offre une utilisation s\u00e9curis\u00e9e pour les op\u00e9rateurs.<\/p>\n<p data-start=\"2399\" data-end=\"2711\"><strong data-start=\"2399\" data-end=\"2421\">Caract\u00e9ristiques :<\/strong><br data-start=\"2421\" data-end=\"2424\" \/><strong data-start=\"2424\" data-end=\"2444\">Nom du produit :<\/strong> Kit de contacteur d\u2019allumage 530<br data-start=\"2477\" data-end=\"2480\" \/><strong data-start=\"2480\" data-end=\"2496\">Code pi\u00e8ce :<\/strong> 107TA1616<br data-start=\"2506\" data-end=\"2509\" \/><strong data-start=\"2509\" data-end=\"2523\">Mat\u00e9riau :<\/strong> Plastique durable et m\u00e9tal<br data-start=\"2550\" data-end=\"2553\" \/><strong data-start=\"2553\" data-end=\"2580\">Domaine d\u2019utilisation :<\/strong> Syst\u00e8mes \u00e9lectriques de chariots \u00e9l\u00e9vateurs<br data-start=\"2624\" data-end=\"2627\" \/><strong data-start=\"2627\" data-end=\"2641\">Avantage :<\/strong> Installation facile, connexion \u00e9lectrique fiable, structure durable<\/p>\n<p data-start=\"2713\" data-end=\"2965\">\n","protected":false},"featured_media":13547,"template":"","meta":[],"product_brand":[],"product_cat":[469],"product_tag":[],"class_list":{"0":"post-13555","1":"product","2":"type-product","3":"status-publish","4":"has-post-thumbnail","6":"product_cat-elektrik-ve-sistem-parcalari","8":"first","9":"instock","10":"taxable","11":"shipping-taxable","12":"purchasable","13":"product-type-simple"},"_links":{"self":[{"href":"https:\/\/ceoparts.com\/fr\/wp-json\/wp\/v2\/product\/13555","targetHints":{"allow":["GET"]}}],"collection":[{"href":"https:\/\/ceoparts.com\/fr\/wp-json\/wp\/v2\/product"}],"about":[{"href":"https:\/\/ceoparts.com\/fr\/wp-json\/wp\/v2\/types\/product"}],"wp:featuredmedia":[{"embeddable":true,"href":"https:\/\/ceoparts.com\/fr\/wp-json\/wp\/v2\/media\/13547"}],"wp:attachment":[{"href":"https:\/\/ceoparts.com\/fr\/wp-json\/wp\/v2\/media?parent=13555"}],"wp:term":[{"taxonomy":"product_brand","embeddable":true,"href":"https:\/\/ceoparts.com\/fr\/wp-json\/wp\/v2\/product_brand?post=13555"},{"taxonomy":"product_cat","embeddable":true,"href":"https:\/\/ceoparts.com\/fr\/wp-json\/wp\/v2\/product_cat?post=13555"},{"taxonomy":"product_tag","embeddable":true,"href":"https:\/\/ceoparts.com\/fr\/wp-json\/wp\/v2\/product_tag?post=13555"}],"curies":[{"name":"wp","href":"https:\/\/api.w.org\/{rel}","templated":true}]}}