{"id":13556,"date":"2025-01-21T16:59:52","date_gmt":"2025-01-21T13:59:52","guid":{"rendered":"https:\/\/ceoparts.com\/?post_type=product&#038;p=13556"},"modified":"2026-05-16T22:11:43","modified_gmt":"2026-05-16T19:11:43","slug":"albright-acil-stop-kontaktoru-250a-24v-111tr50","status":"publish","type":"product","link":"https:\/\/ceoparts.com\/fr\/urun\/albright-acil-stop-kontaktoru-250a-24v-111tr50\/","title":{"rendered":"Contacteur d&#8217;arr\u00eat d&#8217;urgence ALBRIGHT 250A 24V"},"content":{"rendered":"<p>Contacteur d&#8217;arr\u00eat d&#8217;urgence ALBRIGHT 250A 24V<\/p>","protected":false},"excerpt":{"rendered":"<p data-start=\"79\" data-end=\"310\"><br data-start=\"2514\" data-end=\"2517\" \/>Le contacteur d\u2019arr\u00eat d\u2019urgence ALBRIGHT 250A 24V est une pi\u00e8ce d\u00e9tach\u00e9e durable con\u00e7ue pour les chariots \u00e9l\u00e9vateurs et machines industrielles avec une haute capacit\u00e9 de courant. Il fonctionne sous 24V et interrompt en toute s\u00e9curit\u00e9 un courant de 250 amp\u00e8res pour assurer la fonction d\u2019arr\u00eat d\u2019urgence.<\/p>\n<p data-start=\"2822\" data-end=\"3232\"><strong data-start=\"2822\" data-end=\"2844\">Caract\u00e9ristiques :<\/strong><br data-start=\"2844\" data-end=\"2847\" \/><strong data-start=\"2847\" data-end=\"2867\">Nom du produit :<\/strong> Contacteur d\u2019arr\u00eat d\u2019urgence ALBRIGHT 250A 24V<br data-start=\"2914\" data-end=\"2917\" \/><strong data-start=\"2917\" data-end=\"2933\">Code pi\u00e8ce :<\/strong> (Code pi\u00e8ce non sp\u00e9cifi\u00e9)<br data-start=\"2959\" data-end=\"2962\" \/><strong data-start=\"2962\" data-end=\"2976\">Mat\u00e9riau :<\/strong> Composants m\u00e9talliques et \u00e9lectroniques durables<br data-start=\"3025\" data-end=\"3028\" \/><strong data-start=\"3028\" data-end=\"3055\">Domaine d\u2019utilisation :<\/strong> Syst\u00e8mes d\u2019arr\u00eat d\u2019urgence pour chariots \u00e9l\u00e9vateurs et machines industrielles<br data-start=\"3133\" data-end=\"3136\" \/><strong data-start=\"3136\" data-end=\"3150\">Avantage :<\/strong> Haute capacit\u00e9 de courant, fonction d\u2019arr\u00eat d\u2019urgence fiable, structure durable<\/p>\n<p data-start=\"3234\" data-end=\"3525\">\n","protected":false},"featured_media":13557,"template":"","meta":[],"product_brand":[],"product_cat":[469],"product_tag":[],"class_list":{"0":"post-13556","1":"product","2":"type-product","3":"status-publish","4":"has-post-thumbnail","6":"product_cat-elektrik-ve-sistem-parcalari","8":"first","9":"instock","10":"taxable","11":"shipping-taxable","12":"purchasable","13":"product-type-simple"},"_links":{"self":[{"href":"https:\/\/ceoparts.com\/fr\/wp-json\/wp\/v2\/product\/13556","targetHints":{"allow":["GET"]}}],"collection":[{"href":"https:\/\/ceoparts.com\/fr\/wp-json\/wp\/v2\/product"}],"about":[{"href":"https:\/\/ceoparts.com\/fr\/wp-json\/wp\/v2\/types\/product"}],"wp:featuredmedia":[{"embeddable":true,"href":"https:\/\/ceoparts.com\/fr\/wp-json\/wp\/v2\/media\/13557"}],"wp:attachment":[{"href":"https:\/\/ceoparts.com\/fr\/wp-json\/wp\/v2\/media?parent=13556"}],"wp:term":[{"taxonomy":"product_brand","embeddable":true,"href":"https:\/\/ceoparts.com\/fr\/wp-json\/wp\/v2\/product_brand?post=13556"},{"taxonomy":"product_cat","embeddable":true,"href":"https:\/\/ceoparts.com\/fr\/wp-json\/wp\/v2\/product_cat?post=13556"},{"taxonomy":"product_tag","embeddable":true,"href":"https:\/\/ceoparts.com\/fr\/wp-json\/wp\/v2\/product_tag?post=13556"}],"curies":[{"name":"wp","href":"https:\/\/api.w.org\/{rel}","templated":true}]}}