{"id":13564,"date":"2025-01-21T17:16:21","date_gmt":"2025-01-21T14:16:21","guid":{"rendered":"https:\/\/ceoparts.com\/?post_type=product&#038;p=13564"},"modified":"2026-05-16T17:29:47","modified_gmt":"2026-05-16T14:29:47","slug":"jungheinrich-kaldirma-butonu-10201136-50440901","status":"publish","type":"product","link":"https:\/\/ceoparts.com\/fr\/urun\/jungheinrich-kaldirma-butonu-10201136-50440901\/","title":{"rendered":"Bouton de lev\u00e9e Jungheinrich &#8211; 10201136, 50440901"},"content":{"rendered":"<p>Bouton de lev\u00e9e Jungheinrich &#8211; 10201136, 50440901<\/p>\n<p><\/p>\n<div id=\"product-description-short-7801\" class=\"description-short\">\n<p>51149523, 50440901, 50011336<\/p>\n<\/div>\n<div id=\"product-details\" class=\"product-description\" style=\"box-sizing: inherit; opacity: 1; color: #231f20; font-family: Rubik, sans-serif; font-size: 15px; font-style: normal; font-variant-ligatures: normal; font-variant-caps: normal; font-weight: 400; letter-spacing: normal; orphans: 2; text-align: start; text-indent: 0px; text-transform: none; widows: 2; word-spacing: 0px; -webkit-text-stroke-width: 0px; white-space: normal; background-color: #ffffff; text-decoration-thickness: initial; text-decoration-style: initial; text-decoration-color: initial;\" data-product=\"&quot;{&quot;id_shop_default&quot;:1,&quot;id_manufacturer&quot;:0,&quot;id_supplier&quot;:1,&quot;reference&quot;:&quot;6208&quot;,&quot;is_virtual&quot;:&quot;0&quot;,&quot;delivery_in_stock&quot;:&quot;&quot;,&quot;delivery_out_stock&quot;:&quot;&quot;,&quot;id_category_default&quot;:2371,&quot;on_sale&quot;:&quot;0&quot;,&quot;online_only&quot;:&quot;0&quot;,&quot;ecotax&quot;:0,&quot;minimal_quantity&quot;:1,&quot;low_stock_threshold&quot;:0,&quot;low_stock_alert&quot;:&quot;0&quot;,&quot;price&quot;:&quot;u20ac77.04&quot;,&quot;unity&quot;:&quot;szt.&quot;,&quot;unit_price&quot;:&quot;u20ac0.00&quot;,&quot;unit_price_ratio&quot;:0,&quot;additional_shipping_cost&quot;:&quot;0.000000&quot;,&quot;customizable&quot;:0,&quot;text_fields&quot;:0,&quot;uploadable_files&quot;:0,&quot;active&quot;:&quot;1&quot;,&quot;redirect_type&quot;:&quot;default&quot;,&quot;id_type_redirected&quot;:0,&quot;available_for_order&quot;:&quot;1&quot;,&quot;available_date&quot;:&quot;2022-02-23&quot;,&quot;show_condition&quot;:&quot;1&quot;,&quot;condition&quot;:&quot;new&quot;,&quot;show_price&quot;:&quot;1&quot;,&quot;indexed&quot;:&quot;1&quot;,&quot;visibility&quot;:&quot;both&quot;,&quot;cache_default_attribute&quot;:0,&quot;advanced_stock_management&quot;:&quot;0&quot;,&quot;date_add&quot;:&quot;2022-02-23\"><\/div>\n<p><\/p>","protected":false},"excerpt":{"rendered":"<p data-start=\"79\" data-end=\"309\"><br data-start=\"2077\" data-end=\"2080\" \/>Le bouton de levage Jungheinrich est une pi\u00e8ce d\u00e9tach\u00e9e durable et fiable con\u00e7ue pour contr\u00f4ler la fonction de levage des chariots \u00e9l\u00e9vateurs. Il offre un contr\u00f4le pr\u00e9cis \u00e0 l\u2019op\u00e9rateur et am\u00e9liore la performance de levage de la machine.<\/p>\n<p data-start=\"2318\" data-end=\"2623\"><strong data-start=\"2318\" data-end=\"2340\">Caract\u00e9ristiques :<\/strong><br data-start=\"2340\" data-end=\"2343\" \/><strong data-start=\"2343\" data-end=\"2363\">Nom du produit :<\/strong> Bouton de levage Jungheinrich<br data-start=\"2393\" data-end=\"2396\" \/><strong data-start=\"2396\" data-end=\"2412\">Code pi\u00e8ce :<\/strong> 10201136, 50440901<br data-start=\"2431\" data-end=\"2434\" \/><strong data-start=\"2434\" data-end=\"2448\">Mat\u00e9riau :<\/strong> Plastique durable et m\u00e9tal<br data-start=\"2475\" data-end=\"2478\" \/><strong data-start=\"2478\" data-end=\"2505\">Domaine d\u2019utilisation :<\/strong> Mod\u00e8les de chariots \u00e9l\u00e9vateurs Jungheinrich<br data-start=\"2549\" data-end=\"2552\" \/><strong data-start=\"2552\" data-end=\"2566\">Avantage :<\/strong> Contr\u00f4le pr\u00e9cis, structure durable, performance fiable<\/p>\n<p data-start=\"2625\" data-end=\"2887\">\n","protected":false},"featured_media":13565,"template":"","meta":[],"product_brand":[],"product_cat":[518,522,236,251,451,454],"product_tag":[],"class_list":{"0":"post-13564","1":"product","2":"type-product","3":"status-publish","4":"has-post-thumbnail","6":"product_cat-yedek-parca-bt","7":"product_cat-yedek-parca-jungheinrich","8":"product_cat-jungheinrich","9":"product_cat-bt","10":"product_cat-aksesuar-grubu","11":"product_cat-switch-ve-buton","13":"first","14":"instock","15":"taxable","16":"shipping-taxable","17":"purchasable","18":"product-type-simple"},"_links":{"self":[{"href":"https:\/\/ceoparts.com\/fr\/wp-json\/wp\/v2\/product\/13564","targetHints":{"allow":["GET"]}}],"collection":[{"href":"https:\/\/ceoparts.com\/fr\/wp-json\/wp\/v2\/product"}],"about":[{"href":"https:\/\/ceoparts.com\/fr\/wp-json\/wp\/v2\/types\/product"}],"wp:featuredmedia":[{"embeddable":true,"href":"https:\/\/ceoparts.com\/fr\/wp-json\/wp\/v2\/media\/13565"}],"wp:attachment":[{"href":"https:\/\/ceoparts.com\/fr\/wp-json\/wp\/v2\/media?parent=13564"}],"wp:term":[{"taxonomy":"product_brand","embeddable":true,"href":"https:\/\/ceoparts.com\/fr\/wp-json\/wp\/v2\/product_brand?post=13564"},{"taxonomy":"product_cat","embeddable":true,"href":"https:\/\/ceoparts.com\/fr\/wp-json\/wp\/v2\/product_cat?post=13564"},{"taxonomy":"product_tag","embeddable":true,"href":"https:\/\/ceoparts.com\/fr\/wp-json\/wp\/v2\/product_tag?post=13564"}],"curies":[{"name":"wp","href":"https:\/\/api.w.org\/{rel}","templated":true}]}}