{"id":13568,"date":"2025-01-21T17:20:47","date_gmt":"2025-01-21T14:20:47","guid":{"rendered":"https:\/\/ceoparts.com\/?post_type=product&#038;p=13568"},"modified":"2026-05-16T15:08:30","modified_gmt":"2026-05-16T12:08:30","slug":"bt-cesab-acil-stop-butonu-45627685-7636807","status":"publish","type":"product","link":"https:\/\/ceoparts.com\/fr\/urun\/bt-cesab-acil-stop-butonu-45627685-7636807\/","title":{"rendered":"Bouton d&#8217;arr\u00eat d&#8217;urgence BT \/ CESAB &#8211; 45627685 , 7636807"},"content":{"rendered":"<p>Bouton d&#8217;arr\u00eat d&#8217;urgence BT \/ CESAB &#8211; 45627685 , 7636807<\/p>\n<p><\/p>\n<ul>\n<li><strong>BT Toyota LWE140 (Seri numaras\u0131 6053221 ve \u00fczeri)<\/strong><\/li>\n<li><strong>BT Toyota LWE160 (Seri numaras\u0131 6053221 ve \u00fczeri)<\/strong><\/li>\n<li><strong>BT Toyota LWE180 (Seri numaras\u0131 6053221 ve \u00fczeri)<\/strong><\/li>\n<li><strong>BT Toyota LWE200 (Seri numaras\u0131 6053221 ve \u00fczeri)<\/strong><\/li>\n<\/ul>\n<p><\/p>","protected":false},"excerpt":{"rendered":"<p data-start=\"79\" data-end=\"281\"><br data-start=\"2034\" data-end=\"2037\" \/>Le bouton d\u2019arr\u00eat d\u2019urgence BT \/ CESAB est une pi\u00e8ce d\u00e9tach\u00e9e durable ax\u00e9e sur la s\u00e9curit\u00e9 con\u00e7ue pour les chariots \u00e9l\u00e9vateurs. Il permet \u00e0 l\u2019op\u00e9rateur d\u2019arr\u00eater rapidement la machine en cas d\u2019urgence, am\u00e9liorant ainsi la s\u00e9curit\u00e9 au travail.<\/p>\n<p data-start=\"2281\" data-end=\"2598\"><strong data-start=\"2281\" data-end=\"2303\">Caract\u00e9ristiques :<\/strong><br data-start=\"2303\" data-end=\"2306\" \/><strong data-start=\"2306\" data-end=\"2326\">Nom du produit :<\/strong> Bouton d\u2019arr\u00eat d\u2019urgence BT \/ CESAB<br data-start=\"2362\" data-end=\"2365\" \/><strong data-start=\"2365\" data-end=\"2381\">Code pi\u00e8ce :<\/strong> 45627685, 7636807<br data-start=\"2399\" data-end=\"2402\" \/><strong data-start=\"2402\" data-end=\"2416\">Mat\u00e9riau :<\/strong> Plastique durable et m\u00e9tal<br data-start=\"2443\" data-end=\"2446\" \/><strong data-start=\"2446\" data-end=\"2473\">Domaine d\u2019utilisation :<\/strong> Mod\u00e8les de chariots \u00e9l\u00e9vateurs BT et CESAB<br data-start=\"2516\" data-end=\"2519\" \/><strong data-start=\"2519\" data-end=\"2533\">Avantage :<\/strong> R\u00e9action rapide, utilisation s\u00e9curis\u00e9e, facilit\u00e9 d\u2019utilisation<\/p>\n<p data-start=\"2600\" data-end=\"2855\">\n","protected":false},"featured_media":13570,"template":"","meta":[],"product_brand":[],"product_cat":[530,251,454,518,521],"product_tag":[],"class_list":{"0":"post-13568","1":"product","2":"type-product","3":"status-publish","4":"has-post-thumbnail","6":"product_cat-yedek-parca-toyota","7":"product_cat-bt","8":"product_cat-switch-ve-buton","9":"product_cat-yedek-parca-bt","10":"product_cat-toyota","12":"first","13":"instock","14":"taxable","15":"shipping-taxable","16":"purchasable","17":"product-type-simple"},"_links":{"self":[{"href":"https:\/\/ceoparts.com\/fr\/wp-json\/wp\/v2\/product\/13568","targetHints":{"allow":["GET"]}}],"collection":[{"href":"https:\/\/ceoparts.com\/fr\/wp-json\/wp\/v2\/product"}],"about":[{"href":"https:\/\/ceoparts.com\/fr\/wp-json\/wp\/v2\/types\/product"}],"wp:featuredmedia":[{"embeddable":true,"href":"https:\/\/ceoparts.com\/fr\/wp-json\/wp\/v2\/media\/13570"}],"wp:attachment":[{"href":"https:\/\/ceoparts.com\/fr\/wp-json\/wp\/v2\/media?parent=13568"}],"wp:term":[{"taxonomy":"product_brand","embeddable":true,"href":"https:\/\/ceoparts.com\/fr\/wp-json\/wp\/v2\/product_brand?post=13568"},{"taxonomy":"product_cat","embeddable":true,"href":"https:\/\/ceoparts.com\/fr\/wp-json\/wp\/v2\/product_cat?post=13568"},{"taxonomy":"product_tag","embeddable":true,"href":"https:\/\/ceoparts.com\/fr\/wp-json\/wp\/v2\/product_tag?post=13568"}],"curies":[{"name":"wp","href":"https:\/\/api.w.org\/{rel}","templated":true}]}}