{"id":13572,"date":"2025-01-21T17:43:19","date_gmt":"2025-01-21T14:43:19","guid":{"rendered":"https:\/\/ceoparts.com\/?post_type=product&#038;p=13572"},"modified":"2026-05-17T00:41:33","modified_gmt":"2026-05-16T21:41:33","slug":"tcm-heli-baoli-cin-4-soket","status":"publish","type":"product","link":"https:\/\/ceoparts.com\/fr\/urun\/tcm-heli-baoli-cin-4-soket\/","title":{"rendered":"TCM Heli Baoli Chine 4 Prises"},"content":{"rendered":"<p>TCM Heli Baoli Chine 4 Prises<\/p>","protected":false},"excerpt":{"rendered":"<p data-start=\"88\" data-end=\"326\"><br data-start=\"2485\" data-end=\"2488\" \/>Le contacteur Tcm Heli Baoli Chine 4 broches est une pi\u00e8ce d\u00e9tach\u00e9e durable et fiable con\u00e7ue pour les chariots \u00e9l\u00e9vateurs d\u2019origine chinoise. Sa conception \u00e0 4 broches assure des connexions \u00e9lectriques fiables et offre une utilisation s\u00e9curis\u00e9e pour les op\u00e9rateurs.<\/p>\n<p data-start=\"2755\" data-end=\"3129\"><strong data-start=\"2755\" data-end=\"2777\">Caract\u00e9ristiques :<\/strong><br data-start=\"2777\" data-end=\"2780\" \/><strong data-start=\"2780\" data-end=\"2800\">Nom du produit :<\/strong> Contacteur Tcm Heli Baoli Chine 4 broches<br data-start=\"2842\" data-end=\"2845\" \/><strong data-start=\"2845\" data-end=\"2861\">Code pi\u00e8ce :<\/strong> (Code pi\u00e8ce non sp\u00e9cifi\u00e9)<br data-start=\"2887\" data-end=\"2890\" \/><strong data-start=\"2890\" data-end=\"2904\">Mat\u00e9riau :<\/strong> Plastique durable et m\u00e9tal<br data-start=\"2931\" data-end=\"2934\" \/><strong data-start=\"2934\" data-end=\"2961\">Domaine d\u2019utilisation :<\/strong> Mod\u00e8les de chariots \u00e9l\u00e9vateurs Tcm, Heli, Baoli et similaires d\u2019origine chinoise<br data-start=\"3042\" data-end=\"3045\" \/><strong data-start=\"3045\" data-end=\"3059\">Avantage :<\/strong> Installation facile, connexion \u00e9lectrique fiable, structure durable<\/p>\n<p data-start=\"3131\" data-end=\"3374\">\n","protected":false},"featured_media":13574,"template":"","meta":[],"product_brand":[],"product_cat":[469],"product_tag":[],"class_list":{"0":"post-13572","1":"product","2":"type-product","3":"status-publish","4":"has-post-thumbnail","6":"product_cat-elektrik-ve-sistem-parcalari","8":"first","9":"instock","10":"taxable","11":"shipping-taxable","12":"purchasable","13":"product-type-simple"},"_links":{"self":[{"href":"https:\/\/ceoparts.com\/fr\/wp-json\/wp\/v2\/product\/13572","targetHints":{"allow":["GET"]}}],"collection":[{"href":"https:\/\/ceoparts.com\/fr\/wp-json\/wp\/v2\/product"}],"about":[{"href":"https:\/\/ceoparts.com\/fr\/wp-json\/wp\/v2\/types\/product"}],"wp:featuredmedia":[{"embeddable":true,"href":"https:\/\/ceoparts.com\/fr\/wp-json\/wp\/v2\/media\/13574"}],"wp:attachment":[{"href":"https:\/\/ceoparts.com\/fr\/wp-json\/wp\/v2\/media?parent=13572"}],"wp:term":[{"taxonomy":"product_brand","embeddable":true,"href":"https:\/\/ceoparts.com\/fr\/wp-json\/wp\/v2\/product_brand?post=13572"},{"taxonomy":"product_cat","embeddable":true,"href":"https:\/\/ceoparts.com\/fr\/wp-json\/wp\/v2\/product_cat?post=13572"},{"taxonomy":"product_tag","embeddable":true,"href":"https:\/\/ceoparts.com\/fr\/wp-json\/wp\/v2\/product_tag?post=13572"}],"curies":[{"name":"wp","href":"https:\/\/api.w.org\/{rel}","templated":true}]}}