{"id":13577,"date":"2025-01-21T17:52:20","date_gmt":"2025-01-21T14:52:20","guid":{"rendered":"https:\/\/ceoparts.com\/?post_type=product&#038;p=13577"},"modified":"2026-05-16T15:03:05","modified_gmt":"2026-05-16T12:03:05","slug":"linde-530-soketli-kontak-anahtari","status":"publish","type":"product","link":"https:\/\/ceoparts.com\/fr\/urun\/linde-530-soketli-kontak-anahtari\/","title":{"rendered":"Contacteur d&#8217;allumage Linde 530 avec prise"},"content":{"rendered":"<p>Contacteur d&#8217;allumage Linde 530 avec prise<\/p>","protected":false},"excerpt":{"rendered":"<p data-start=\"78\" data-end=\"317\"><br data-start=\"2265\" data-end=\"2268\" \/>Le contacteur \u00e0 douille Linde 530 est une pi\u00e8ce d\u00e9tach\u00e9e durable et fiable sp\u00e9cialement con\u00e7ue pour les chariots \u00e9l\u00e9vateurs. Facile \u00e0 installer, il fonctionne parfaitement dans le syst\u00e8me \u00e9lectrique de votre machine et assure une utilisation s\u00e9curis\u00e9e pour les op\u00e9rateurs.<\/p>\n<p data-start=\"2542\" data-end=\"2861\"><strong data-start=\"2542\" data-end=\"2564\">Caract\u00e9ristiques :<\/strong><br data-start=\"2564\" data-end=\"2567\" \/><strong data-start=\"2567\" data-end=\"2587\">Nom du produit :<\/strong> Contacteur \u00e0 douille Linde 530<br data-start=\"2618\" data-end=\"2621\" \/><strong data-start=\"2621\" data-end=\"2637\">Code pi\u00e8ce :<\/strong> (Code pi\u00e8ce non sp\u00e9cifi\u00e9)<br data-start=\"2663\" data-end=\"2666\" \/><strong data-start=\"2666\" data-end=\"2680\">Mat\u00e9riau :<\/strong> Plastique durable et m\u00e9tal<br data-start=\"2707\" data-end=\"2710\" \/><strong data-start=\"2710\" data-end=\"2737\">Domaine d\u2019utilisation :<\/strong> Mod\u00e8les de chariots \u00e9l\u00e9vateurs Linde<br data-start=\"2774\" data-end=\"2777\" \/><strong data-start=\"2777\" data-end=\"2791\">Avantage :<\/strong> Installation facile, connexion \u00e9lectrique fiable, structure durable<\/p>\n<p data-start=\"2863\" data-end=\"3141\">\n","protected":false},"featured_media":13579,"template":"","meta":[],"product_brand":[],"product_cat":[469,523,246],"product_tag":[],"class_list":{"0":"post-13577","1":"product","2":"type-product","3":"status-publish","4":"has-post-thumbnail","6":"product_cat-elektrik-ve-sistem-parcalari","7":"product_cat-yedek-parca-linde","8":"product_cat-linde","10":"first","11":"instock","12":"taxable","13":"shipping-taxable","14":"purchasable","15":"product-type-simple"},"_links":{"self":[{"href":"https:\/\/ceoparts.com\/fr\/wp-json\/wp\/v2\/product\/13577","targetHints":{"allow":["GET"]}}],"collection":[{"href":"https:\/\/ceoparts.com\/fr\/wp-json\/wp\/v2\/product"}],"about":[{"href":"https:\/\/ceoparts.com\/fr\/wp-json\/wp\/v2\/types\/product"}],"wp:featuredmedia":[{"embeddable":true,"href":"https:\/\/ceoparts.com\/fr\/wp-json\/wp\/v2\/media\/13579"}],"wp:attachment":[{"href":"https:\/\/ceoparts.com\/fr\/wp-json\/wp\/v2\/media?parent=13577"}],"wp:term":[{"taxonomy":"product_brand","embeddable":true,"href":"https:\/\/ceoparts.com\/fr\/wp-json\/wp\/v2\/product_brand?post=13577"},{"taxonomy":"product_cat","embeddable":true,"href":"https:\/\/ceoparts.com\/fr\/wp-json\/wp\/v2\/product_cat?post=13577"},{"taxonomy":"product_tag","embeddable":true,"href":"https:\/\/ceoparts.com\/fr\/wp-json\/wp\/v2\/product_tag?post=13577"}],"curies":[{"name":"wp","href":"https:\/\/api.w.org\/{rel}","templated":true}]}}