{"id":13581,"date":"2025-01-23T09:54:26","date_gmt":"2025-01-23T06:54:26","guid":{"rendered":"https:\/\/ceoparts.com\/?post_type=product&#038;p=13581"},"modified":"2026-05-16T12:10:32","modified_gmt":"2026-05-16T09:10:32","slug":"hyster-denge-mekanizmasi-bos-%e2%8c%80-150-mm-4154344","status":"publish","type":"product","link":"https:\/\/ceoparts.com\/fr\/urun\/hyster-denge-mekanizmasi-bos-%e2%8c%80-150-mm-4154344\/","title":{"rendered":"M\u00e9canisme de balance Hyster Wicke Vide \u2300 150 mm &#8211; 4154344"},"content":{"rendered":"<p>M\u00e9canisme de balance Hyster Wicke Vide \u2300 150 mm &#8211; 4154344<\/p>","protected":false},"excerpt":{"rendered":"<p data-start=\"74\" data-end=\"316\"><br data-start=\"2214\" data-end=\"2217\" \/>Le m\u00e9canisme d\u2019\u00e9quilibrage Hyster Wicke \u2300 150 mm est une pi\u00e8ce d\u00e9tach\u00e9e de haute qualit\u00e9 et durable pour chariots \u00e9l\u00e9vateurs. Son diam\u00e8tre de 150 mm am\u00e9liore la performance d\u2019\u00e9quilibrage de la machine et assure une op\u00e9ration stable. Sa structure durable garantit une utilisation fiable.<\/p>\n<p data-start=\"2505\" data-end=\"2821\"><strong data-start=\"2505\" data-end=\"2527\">Caract\u00e9ristiques :<\/strong><br data-start=\"2527\" data-end=\"2530\" \/><strong data-start=\"2530\" data-end=\"2550\">Nom du produit :<\/strong> M\u00e9canisme d\u2019\u00e9quilibrage Hyster Wicke \u2300 150 mm<br data-start=\"2596\" data-end=\"2599\" \/><strong data-start=\"2599\" data-end=\"2615\">Code pi\u00e8ce :<\/strong> 4154344<br data-start=\"2623\" data-end=\"2626\" \/><strong data-start=\"2626\" data-end=\"2640\">Mat\u00e9riau :<\/strong> Alliage m\u00e9tallique solide<br data-start=\"2666\" data-end=\"2669\" \/><strong data-start=\"2669\" data-end=\"2696\">Domaine d\u2019utilisation :<\/strong> Mod\u00e8les de chariots \u00e9l\u00e9vateurs Hyster<br data-start=\"2734\" data-end=\"2737\" \/><strong data-start=\"2737\" data-end=\"2751\">Avantage :<\/strong> Haute durabilit\u00e9, contr\u00f4le pr\u00e9cis de l\u2019\u00e9quilibre, structure durable<\/p>\n<p data-start=\"2823\" data-end=\"3117\">\n","protected":false},"featured_media":13817,"template":"","meta":[],"product_brand":[],"product_cat":[532,256,401,420,421],"product_tag":[],"class_list":{"0":"post-13581","1":"product","2":"type-product","3":"status-publish","4":"has-post-thumbnail","6":"product_cat-mekanizmalar-wicke","7":"product_cat-hyster","8":"product_cat-wicke","9":"product_cat-denge-mekanizmalar","10":"product_cat-hyster-denge-mekanizma","12":"first","13":"instock","14":"taxable","15":"shipping-taxable","16":"purchasable","17":"product-type-simple"},"_links":{"self":[{"href":"https:\/\/ceoparts.com\/fr\/wp-json\/wp\/v2\/product\/13581","targetHints":{"allow":["GET"]}}],"collection":[{"href":"https:\/\/ceoparts.com\/fr\/wp-json\/wp\/v2\/product"}],"about":[{"href":"https:\/\/ceoparts.com\/fr\/wp-json\/wp\/v2\/types\/product"}],"wp:featuredmedia":[{"embeddable":true,"href":"https:\/\/ceoparts.com\/fr\/wp-json\/wp\/v2\/media\/13817"}],"wp:attachment":[{"href":"https:\/\/ceoparts.com\/fr\/wp-json\/wp\/v2\/media?parent=13581"}],"wp:term":[{"taxonomy":"product_brand","embeddable":true,"href":"https:\/\/ceoparts.com\/fr\/wp-json\/wp\/v2\/product_brand?post=13581"},{"taxonomy":"product_cat","embeddable":true,"href":"https:\/\/ceoparts.com\/fr\/wp-json\/wp\/v2\/product_cat?post=13581"},{"taxonomy":"product_tag","embeddable":true,"href":"https:\/\/ceoparts.com\/fr\/wp-json\/wp\/v2\/product_tag?post=13581"}],"curies":[{"name":"wp","href":"https:\/\/api.w.org\/{rel}","templated":true}]}}