{"id":13600,"date":"2025-01-23T17:14:13","date_gmt":"2025-01-23T14:14:13","guid":{"rendered":"https:\/\/ceoparts.com\/?post_type=product&#038;p=13600"},"modified":"2026-05-16T13:15:50","modified_gmt":"2026-05-16T10:15:50","slug":"still-joystick-kontrol-paneli-57314306124","status":"publish","type":"product","link":"https:\/\/ceoparts.com\/fr\/urun\/still-joystick-kontrol-paneli-57314306124\/","title":{"rendered":"Panneau de commande Joystick Still d&#8217;occasion &#8211; 57314306124"},"content":{"rendered":"<p>Panneau de commande Joystick Still d&#8217;occasion &#8211; 57314306124<\/p>\n<p>STILL TYPU<br \/>\nRX20 6210-6217<br \/>\nRX60-18-20 6311-13-15<br \/>\nRX70-22D-35D R7321-7324 R7329-7330<br \/>\nRX70-22T-35T 7325-7328<br \/>\nRX60-25-35 6321-6325<br \/>\nR70 7081-7083 T<br \/>\nR70 7071-7073 D<br \/>\nRX70-16D-20D 7311-7313<br \/>\nRX70-16T-20T 7314-7316<br \/>\nRX50 5061-5066<br \/>\nRX70-22T-35T R7365-68<br \/>\nRX60-25-35 6345-48 6353-56<br \/>\nRX70-20D-35D 7300-7305<br \/>\nRX70-20T-35T R7306-09<\/p>","protected":false},"excerpt":{"rendered":"<p data-start=\"78\" data-end=\"328\"><br data-start=\"2212\" data-end=\"2215\" \/>Le panneau de contr\u00f4le joystick Still Occasion est une pi\u00e8ce d\u00e9tach\u00e9e durable et pratique con\u00e7ue pour les chariots \u00e9l\u00e9vateurs. Il offre un contr\u00f4le pr\u00e9cis aux caristes et am\u00e9liore la performance de la machine. Sa structure durable garantit une utilisation fiable.<\/p>\n<p data-start=\"2480\" data-end=\"2804\"><strong data-start=\"2480\" data-end=\"2502\">Caract\u00e9ristiques :<\/strong><br data-start=\"2502\" data-end=\"2505\" \/><strong data-start=\"2505\" data-end=\"2525\">Nom du produit :<\/strong> Panneau de contr\u00f4le joystick Still Occasion<br data-start=\"2569\" data-end=\"2572\" \/><strong data-start=\"2572\" data-end=\"2588\">Code pi\u00e8ce :<\/strong> 57314306124<br data-start=\"2600\" data-end=\"2603\" \/><strong data-start=\"2603\" data-end=\"2617\">Mat\u00e9riau :<\/strong> Plastique durable et composants \u00e9lectroniques<br data-start=\"2663\" data-end=\"2666\" \/><strong data-start=\"2666\" data-end=\"2693\">Domaine d\u2019utilisation :<\/strong> Mod\u00e8les de chariots \u00e9l\u00e9vateurs Still<br data-start=\"2730\" data-end=\"2733\" \/><strong data-start=\"2733\" data-end=\"2747\">Avantage :<\/strong> Contr\u00f4le pr\u00e9cis, utilisation facile, structure durable<\/p>\n<p data-start=\"2806\" data-end=\"3067\">\n","protected":false},"featured_media":13604,"template":"","meta":[],"product_brand":[],"product_cat":[241,433,471,524],"product_tag":[],"class_list":{"0":"post-13600","1":"product","2":"type-product","3":"status-publish","4":"has-post-thumbnail","6":"product_cat-still","7":"product_cat-ikinci-el-urunler","8":"product_cat-joystick-pedal-yedek-parca","9":"product_cat-yedek-parca-still","11":"first","12":"instock","13":"taxable","14":"shipping-taxable","15":"purchasable","16":"product-type-simple"},"_links":{"self":[{"href":"https:\/\/ceoparts.com\/fr\/wp-json\/wp\/v2\/product\/13600","targetHints":{"allow":["GET"]}}],"collection":[{"href":"https:\/\/ceoparts.com\/fr\/wp-json\/wp\/v2\/product"}],"about":[{"href":"https:\/\/ceoparts.com\/fr\/wp-json\/wp\/v2\/types\/product"}],"wp:featuredmedia":[{"embeddable":true,"href":"https:\/\/ceoparts.com\/fr\/wp-json\/wp\/v2\/media\/13604"}],"wp:attachment":[{"href":"https:\/\/ceoparts.com\/fr\/wp-json\/wp\/v2\/media?parent=13600"}],"wp:term":[{"taxonomy":"product_brand","embeddable":true,"href":"https:\/\/ceoparts.com\/fr\/wp-json\/wp\/v2\/product_brand?post=13600"},{"taxonomy":"product_cat","embeddable":true,"href":"https:\/\/ceoparts.com\/fr\/wp-json\/wp\/v2\/product_cat?post=13600"},{"taxonomy":"product_tag","embeddable":true,"href":"https:\/\/ceoparts.com\/fr\/wp-json\/wp\/v2\/product_tag?post=13600"}],"curies":[{"name":"wp","href":"https:\/\/api.w.org\/{rel}","templated":true}]}}