{"id":13605,"date":"2025-01-23T17:19:25","date_gmt":"2025-01-23T14:19:25","guid":{"rendered":"https:\/\/ceoparts.com\/?post_type=product&#038;p=13605"},"modified":"2026-05-16T17:34:01","modified_gmt":"2026-05-16T14:34:01","slug":"still-grup-kart-8-ton-50703601300","status":"publish","type":"product","link":"https:\/\/ceoparts.com\/fr\/urun\/still-grup-kart-8-ton-50703601300\/","title":{"rendered":"Carte de groupe Still 8 Tonnes d&#8217;occasion &#8211; 50703601300"},"content":{"rendered":"<p>Carte de groupe Still 8 Tonnes d&#8217;occasion &#8211; 50703601300<\/p>","protected":false},"excerpt":{"rendered":"<p data-start=\"87\" data-end=\"327\"><br data-start=\"2224\" data-end=\"2227\" \/>Still Grup Kart 8 Ton Occasion est une pi\u00e8ce d\u00e9tach\u00e9e d\u2019occasion durable et \u00e9conomique con\u00e7ue pour les chariots \u00e9l\u00e9vateurs. Adapt\u00e9e \u00e0 une capacit\u00e9 de 8 tonnes, elle offre une op\u00e9ration s\u00fbre et pr\u00e9cise. Sa structure durable am\u00e9liore la performance de votre machine.<\/p>\n<p data-start=\"2493\" data-end=\"2802\"><strong data-start=\"2493\" data-end=\"2515\">Caract\u00e9ristiques :<\/strong><br data-start=\"2515\" data-end=\"2518\" \/><strong data-start=\"2518\" data-end=\"2538\">Nom du produit :<\/strong> Still Grup Kart 8 Ton Occasion<br data-start=\"2569\" data-end=\"2572\" \/><strong data-start=\"2572\" data-end=\"2588\">Code pi\u00e8ce :<\/strong> 50703601300<br data-start=\"2600\" data-end=\"2603\" \/><strong data-start=\"2603\" data-end=\"2617\">Mat\u00e9riau :<\/strong> Alliage m\u00e9tallique durable<br data-start=\"2644\" data-end=\"2647\" \/><strong data-start=\"2647\" data-end=\"2674\">Domaine d\u2019utilisation :<\/strong> Mod\u00e8les de chariots \u00e9l\u00e9vateurs Still, capacit\u00e9 8 tonnes<br data-start=\"2730\" data-end=\"2733\" \/><strong data-start=\"2733\" data-end=\"2747\">Avantage :<\/strong> Contr\u00f4le pr\u00e9cis, haute durabilit\u00e9, structure durable<\/p>\n<p data-start=\"2804\" data-end=\"3061\">\n","protected":false},"featured_media":13606,"template":"","meta":[],"product_brand":[],"product_cat":[241,433,524],"product_tag":[],"class_list":{"0":"post-13605","1":"product","2":"type-product","3":"status-publish","4":"has-post-thumbnail","6":"product_cat-still","7":"product_cat-ikinci-el-urunler","8":"product_cat-yedek-parca-still","10":"first","11":"instock","12":"taxable","13":"shipping-taxable","14":"purchasable","15":"product-type-simple"},"_links":{"self":[{"href":"https:\/\/ceoparts.com\/fr\/wp-json\/wp\/v2\/product\/13605","targetHints":{"allow":["GET"]}}],"collection":[{"href":"https:\/\/ceoparts.com\/fr\/wp-json\/wp\/v2\/product"}],"about":[{"href":"https:\/\/ceoparts.com\/fr\/wp-json\/wp\/v2\/types\/product"}],"wp:featuredmedia":[{"embeddable":true,"href":"https:\/\/ceoparts.com\/fr\/wp-json\/wp\/v2\/media\/13606"}],"wp:attachment":[{"href":"https:\/\/ceoparts.com\/fr\/wp-json\/wp\/v2\/media?parent=13605"}],"wp:term":[{"taxonomy":"product_brand","embeddable":true,"href":"https:\/\/ceoparts.com\/fr\/wp-json\/wp\/v2\/product_brand?post=13605"},{"taxonomy":"product_cat","embeddable":true,"href":"https:\/\/ceoparts.com\/fr\/wp-json\/wp\/v2\/product_cat?post=13605"},{"taxonomy":"product_tag","embeddable":true,"href":"https:\/\/ceoparts.com\/fr\/wp-json\/wp\/v2\/product_tag?post=13605"}],"curies":[{"name":"wp","href":"https:\/\/api.w.org\/{rel}","templated":true}]}}