{"id":13611,"date":"2025-01-24T09:05:15","date_gmt":"2025-01-24T06:05:15","guid":{"rendered":"https:\/\/ceoparts.com\/?post_type=product&#038;p=13611"},"modified":"2026-05-16T16:18:11","modified_gmt":"2026-05-16T13:18:11","slug":"still-fmx-fps4-50183605002","status":"publish","type":"product","link":"https:\/\/ceoparts.com\/fr\/urun\/still-fmx-fps4-50183605002\/","title":{"rendered":"Still FMX FPS4 d&#8217;occasion &#8211; 50183605002"},"content":{"rendered":"<p>Still FMX FPS4 d&#8217;occasion &#8211; 50183605002<\/p>","protected":false},"excerpt":{"rendered":"<p data-start=\"79\" data-end=\"314\"><br data-start=\"2171\" data-end=\"2174\" \/>Le Still FMX FPS4 Occasion est une pi\u00e8ce d\u00e9tach\u00e9e d\u2019occasion durable et \u00e9conomique con\u00e7ue pour les chariots \u00e9l\u00e9vateurs. Il offre un contr\u00f4le pr\u00e9cis aux caristes et am\u00e9liore la performance de la machine. Sa structure durable garantit une utilisation fiable.<\/p>\n<p data-start=\"2432\" data-end=\"2747\"><strong data-start=\"2432\" data-end=\"2454\">Caract\u00e9ristiques :<\/strong><br data-start=\"2454\" data-end=\"2457\" \/><strong data-start=\"2457\" data-end=\"2477\">Nom du produit :<\/strong> Still FMX FPS4 Occasion<br data-start=\"2501\" data-end=\"2504\" \/><strong data-start=\"2504\" data-end=\"2520\">Code pi\u00e8ce :<\/strong> 50183605002<br data-start=\"2532\" data-end=\"2535\" \/><strong data-start=\"2535\" data-end=\"2549\">Mat\u00e9riau :<\/strong> M\u00e9lange robuste de plastique et de m\u00e9tal<br data-start=\"2590\" data-end=\"2593\" \/><strong data-start=\"2593\" data-end=\"2620\">Domaine d\u2019utilisation :<\/strong> Mod\u00e8les de chariots \u00e9l\u00e9vateurs Still FMX<br data-start=\"2661\" data-end=\"2664\" \/><strong data-start=\"2664\" data-end=\"2678\">Avantage :<\/strong> Contr\u00f4le pr\u00e9cis, solution \u00e9conomique d\u2019occasion, structure durable<\/p>\n<p data-start=\"2749\" data-end=\"2996\">\n","protected":false},"featured_media":13613,"template":"","meta":[],"product_brand":[],"product_cat":[241,433,524],"product_tag":[],"class_list":{"0":"post-13611","1":"product","2":"type-product","3":"status-publish","4":"has-post-thumbnail","6":"product_cat-still","7":"product_cat-ikinci-el-urunler","8":"product_cat-yedek-parca-still","10":"first","11":"instock","12":"taxable","13":"shipping-taxable","14":"purchasable","15":"product-type-simple"},"_links":{"self":[{"href":"https:\/\/ceoparts.com\/fr\/wp-json\/wp\/v2\/product\/13611","targetHints":{"allow":["GET"]}}],"collection":[{"href":"https:\/\/ceoparts.com\/fr\/wp-json\/wp\/v2\/product"}],"about":[{"href":"https:\/\/ceoparts.com\/fr\/wp-json\/wp\/v2\/types\/product"}],"wp:featuredmedia":[{"embeddable":true,"href":"https:\/\/ceoparts.com\/fr\/wp-json\/wp\/v2\/media\/13613"}],"wp:attachment":[{"href":"https:\/\/ceoparts.com\/fr\/wp-json\/wp\/v2\/media?parent=13611"}],"wp:term":[{"taxonomy":"product_brand","embeddable":true,"href":"https:\/\/ceoparts.com\/fr\/wp-json\/wp\/v2\/product_brand?post=13611"},{"taxonomy":"product_cat","embeddable":true,"href":"https:\/\/ceoparts.com\/fr\/wp-json\/wp\/v2\/product_cat?post=13611"},{"taxonomy":"product_tag","embeddable":true,"href":"https:\/\/ceoparts.com\/fr\/wp-json\/wp\/v2\/product_tag?post=13611"}],"curies":[{"name":"wp","href":"https:\/\/api.w.org\/{rel}","templated":true}]}}