{"id":13617,"date":"2025-01-24T09:13:21","date_gmt":"2025-01-24T06:13:21","guid":{"rendered":"https:\/\/ceoparts.com\/?post_type=product&#038;p=13617"},"modified":"2026-05-16T14:16:32","modified_gmt":"2026-05-16T11:16:32","slug":"linde-fmx-f25-51323608700","status":"publish","type":"product","link":"https:\/\/ceoparts.com\/fr\/urun\/linde-fmx-f25-51323608700\/","title":{"rendered":"Linde FMX F25 d&#8217;occasion &#8211; 51323608700"},"content":{"rendered":"<p>Linde FMX F25 d&#8217;occasion &#8211; 51323608700<\/p>","protected":false},"excerpt":{"rendered":"<p data-start=\"77\" data-end=\"329\"><br data-start=\"2220\" data-end=\"2223\" \/>Le Linde FMX F25 Occasion est une pi\u00e8ce d\u00e9tach\u00e9e d\u2019occasion de qualit\u00e9 et \u00e9conomique pour les chariots \u00e9l\u00e9vateurs. Il offre au cariste un contr\u00f4le pr\u00e9cis et s\u00e9curis\u00e9. Sa structure solide am\u00e9liore les performances de la machine et garantit une utilisation durable.<\/p>\n<p data-start=\"2488\" data-end=\"2795\"><strong data-start=\"2488\" data-end=\"2510\">Caract\u00e9ristiques :<\/strong><br data-start=\"2510\" data-end=\"2513\" \/><strong data-start=\"2513\" data-end=\"2533\">Nom du produit :<\/strong> Linde FMX F25 Occasion<br data-start=\"2556\" data-end=\"2559\" \/><strong data-start=\"2559\" data-end=\"2575\">Code pi\u00e8ce :<\/strong> 51323608700<br data-start=\"2587\" data-end=\"2590\" \/><strong data-start=\"2590\" data-end=\"2604\">Mat\u00e9riau :<\/strong> M\u00e9tal moul\u00e9 et plastique r\u00e9sistant<br data-start=\"2639\" data-end=\"2642\" \/><strong data-start=\"2642\" data-end=\"2669\">Domaine d\u2019utilisation :<\/strong> Mod\u00e8les de chariots \u00e9l\u00e9vateurs Linde FMX<br data-start=\"2710\" data-end=\"2713\" \/><strong data-start=\"2713\" data-end=\"2726\">Avantage:<\/strong> Solution \u00e9conomique d\u2019occasion, contr\u00f4le pr\u00e9cis, structure durable<\/p>\n<p data-start=\"2797\" data-end=\"3048\">\n","protected":false},"featured_media":13618,"template":"","meta":[],"product_brand":[],"product_cat":[246,433,523],"product_tag":[],"class_list":{"0":"post-13617","1":"product","2":"type-product","3":"status-publish","4":"has-post-thumbnail","6":"product_cat-linde","7":"product_cat-ikinci-el-urunler","8":"product_cat-yedek-parca-linde","10":"first","11":"instock","12":"taxable","13":"shipping-taxable","14":"purchasable","15":"product-type-simple"},"_links":{"self":[{"href":"https:\/\/ceoparts.com\/fr\/wp-json\/wp\/v2\/product\/13617","targetHints":{"allow":["GET"]}}],"collection":[{"href":"https:\/\/ceoparts.com\/fr\/wp-json\/wp\/v2\/product"}],"about":[{"href":"https:\/\/ceoparts.com\/fr\/wp-json\/wp\/v2\/types\/product"}],"wp:featuredmedia":[{"embeddable":true,"href":"https:\/\/ceoparts.com\/fr\/wp-json\/wp\/v2\/media\/13618"}],"wp:attachment":[{"href":"https:\/\/ceoparts.com\/fr\/wp-json\/wp\/v2\/media?parent=13617"}],"wp:term":[{"taxonomy":"product_brand","embeddable":true,"href":"https:\/\/ceoparts.com\/fr\/wp-json\/wp\/v2\/product_brand?post=13617"},{"taxonomy":"product_cat","embeddable":true,"href":"https:\/\/ceoparts.com\/fr\/wp-json\/wp\/v2\/product_cat?post=13617"},{"taxonomy":"product_tag","embeddable":true,"href":"https:\/\/ceoparts.com\/fr\/wp-json\/wp\/v2\/product_tag?post=13617"}],"curies":[{"name":"wp","href":"https:\/\/api.w.org\/{rel}","templated":true}]}}