{"id":13634,"date":"2025-01-24T16:52:48","date_gmt":"2025-01-24T13:52:48","guid":{"rendered":"https:\/\/ceoparts.com\/?post_type=product&#038;p=13634"},"modified":"2026-05-16T11:44:14","modified_gmt":"2026-05-16T08:44:14","slug":"linde-housing-assy-3095406448","status":"publish","type":"product","link":"https:\/\/ceoparts.com\/fr\/urun\/linde-housing-assy-3095406448\/","title":{"rendered":"Linde Housing Assy &#8211; 3095406448"},"content":{"rendered":"<p>Linde Housing Assy &#8211; 3095406448<\/p>\n","protected":false},"excerpt":{"rendered":"<p data-start=\"133\" data-end=\"351\"><br data-start=\"2025\" data-end=\"2028\" \/>Linde Housing Assy est une pi\u00e8ce d\u00e9tach\u00e9e durable et de haute qualit\u00e9 sp\u00e9cialement con\u00e7ue pour les chariots \u00e9l\u00e9vateurs. Sa structure solide am\u00e9liore les performances de la machine et garantit une utilisation longue dur\u00e9e.<\/p>\n<p data-start=\"2251\" data-end=\"2540\"><strong data-start=\"2251\" data-end=\"2273\">Caract\u00e9ristiques :<\/strong><br data-start=\"2273\" data-end=\"2276\" \/><strong data-start=\"2276\" data-end=\"2296\">Nom du produit :<\/strong> Linde Housing Assy<br data-start=\"2315\" data-end=\"2318\" \/><strong data-start=\"2318\" data-end=\"2334\">Code pi\u00e8ce :<\/strong> 3095406448<br data-start=\"2345\" data-end=\"2348\" \/><strong data-start=\"2348\" data-end=\"2362\">Mat\u00e9riau :<\/strong> M\u00e9tal moul\u00e9 et plastique r\u00e9sistant<br data-start=\"2397\" data-end=\"2400\" \/><strong data-start=\"2400\" data-end=\"2427\">Domaine d\u2019utilisation :<\/strong> Mod\u00e8les de chariots \u00e9l\u00e9vateurs Linde<br data-start=\"2464\" data-end=\"2467\" \/><strong data-start=\"2467\" data-end=\"2481\">Avantage :<\/strong> Structure durable, installation facile, haute r\u00e9sistance<\/p>\n<p data-start=\"2542\" data-end=\"2753\">\n","protected":false},"featured_media":13636,"template":"","meta":[],"product_brand":[],"product_cat":[246,450,523],"product_tag":[],"class_list":{"0":"post-13634","1":"product","2":"type-product","3":"status-publish","4":"has-post-thumbnail","6":"product_cat-linde","7":"product_cat-direksiyon-sistemleri","8":"product_cat-yedek-parca-linde","10":"first","11":"instock","12":"taxable","13":"shipping-taxable","14":"purchasable","15":"product-type-simple"},"_links":{"self":[{"href":"https:\/\/ceoparts.com\/fr\/wp-json\/wp\/v2\/product\/13634","targetHints":{"allow":["GET"]}}],"collection":[{"href":"https:\/\/ceoparts.com\/fr\/wp-json\/wp\/v2\/product"}],"about":[{"href":"https:\/\/ceoparts.com\/fr\/wp-json\/wp\/v2\/types\/product"}],"wp:featuredmedia":[{"embeddable":true,"href":"https:\/\/ceoparts.com\/fr\/wp-json\/wp\/v2\/media\/13636"}],"wp:attachment":[{"href":"https:\/\/ceoparts.com\/fr\/wp-json\/wp\/v2\/media?parent=13634"}],"wp:term":[{"taxonomy":"product_brand","embeddable":true,"href":"https:\/\/ceoparts.com\/fr\/wp-json\/wp\/v2\/product_brand?post=13634"},{"taxonomy":"product_cat","embeddable":true,"href":"https:\/\/ceoparts.com\/fr\/wp-json\/wp\/v2\/product_cat?post=13634"},{"taxonomy":"product_tag","embeddable":true,"href":"https:\/\/ceoparts.com\/fr\/wp-json\/wp\/v2\/product_tag?post=13634"}],"curies":[{"name":"wp","href":"https:\/\/api.w.org\/{rel}","templated":true}]}}